{"id":959,"date":"2018-12-17T21:18:09","date_gmt":"2018-12-17T21:18:09","guid":{"rendered":"http:\/\/doll-house.pl\/?post_type=product&#038;p=959"},"modified":"2021-08-08T17:09:21","modified_gmt":"2021-08-08T17:09:21","slug":"sara","status":"publish","type":"product","link":"https:\/\/doll-house.eu\/index.php\/product\/sara\/","title":{"rendered":"Sara"},"content":{"rendered":"<p>Witaj szefie. Mam na imi\u0119 Sara i b\u0119d\u0119 Twoj\u0105 now\u0105 sekretark\u0105, czy jak to si\u0119 aktualnie \u0142adnie nazywa PA &#8211; Personal Assistant. Twoj\u0105 sekretark\u0105 z marze\u0144. Tak\u0105, kt\u00f3ra zajmie si\u0119 Twoimi potrzebami szefie. Tymi potrzebami te\u017c. Pozbiera rozsypane dokumenty w przykr\u00f3tkiej mini\u00f3wce i po\u0142yskuj\u0105cych kusz\u0105co po\u0144czochach. Uporz\u0105dkuje papiery na biurku. Rozrzucone w nie\u0142adzie po tym, jak na tym w\u0142a\u015bnie biurku przeprowadzi\u0142 szef ze mn\u0105 dog\u0142\u0119bny interview. Czyli wywiad do pracy. A ja zrobi\u0142am wszystko, by t\u0119 prac\u0119 dosta\u0107. Wszystko. Tylko niech to zostanie mi\u0119dzy nami. I nasza randka wieczorem te\u017c.<\/p>\n<p><!--more--><\/p>\n<p>Jestem luksusow\u0105 erotyczn\u0105 lalk\u0105 przeznaczon\u0105 dla doros\u0142ych. Wykonano mnie z super mi\u0142ego w dotyku elastomeru termoplastycznego, z w pe\u0142ni artyku\u0142owanym metalowym szkieletem. Mam 160 cm wzrostu i seksowne wymiary 81\/59\/87. Lubi\u0119 sport i dobrze dopasowane sportowe ubrania. Nie powiem te\u017c nie koronkom i seksownej bieli\u017anie. Do tego po\u0144czochy albo zakolan\u00f3wki, trampki&#8230; albo szpiki (nosz\u0119 buty w rozmiarze 35-36). Jakby\u015b si\u0119 zastanawia\u0142, to od momentu kiedy pierwszy raz spr\u00f3bowa\u0142am, lubi\u0119 ka\u017cdy rodzaj seksu (klasycznie, oralnie i &#8230; no przyznam si\u0119, analnie te\u017c).<\/p>\n","protected":false},"excerpt":{"rendered":"<p>Witaj szefie. Mam na imi\u0119 Sara i b\u0119d\u0119 Twoj\u0105 now\u0105 sekretark\u0105, czy jak to si\u0119 aktualnie \u0142adnie nazywa PA &#8211; Personal Assistant. Twoj\u0105 sekretark\u0105 z marze\u0144. Tak\u0105, kt\u00f3ra zajmie si\u0119 Twoimi potrzebami szefie. Tymi potrzebami te\u017c. Pozbiera rozsypane dokumenty w przykr\u00f3tkiej mini\u00f3wce i po\u0142yskuj\u0105cych kusz\u0105co po\u0144czochach. Uporz\u0105dkuje papiery na biurku. Rozrzucone w nie\u0142adzie po tym, jak na tym w\u0142a\u015bnie biurku przeprowadzi\u0142 szef ze mn\u0105 dog\u0142\u0119bny interview. Czyli wywiad do pracy. A ja zrobi\u0142am wszystko, by t\u0119 prac\u0119 dosta\u0107. Wszystko. Tylko niech to zostanie mi\u0119dzy nami. I nasza randka wieczorem te\u017c.<\/p>\n","protected":false},"featured_media":961,"comment_status":"open","ping_status":"closed","template":"","meta":{"_bbp_topic_count":0,"_bbp_reply_count":0,"_bbp_total_topic_count":0,"_bbp_total_reply_count":0,"_bbp_voice_count":0,"_bbp_anonymous_reply_count":0,"_bbp_topic_count_hidden":0,"_bbp_reply_count_hidden":0,"_bbp_forum_subforum_count":0,"_exactmetrics_skip_tracking":false,"_exactmetrics_sitenote_active":false,"_exactmetrics_sitenote_note":"","_exactmetrics_sitenote_category":0},"product_brand":[],"product_cat":[179,61,63],"product_tag":[188,174,117,189,190],"class_list":{"0":"post-959","1":"product","2":"type-product","3":"status-publish","4":"has-post-thumbnail","6":"product_cat-magic-moments","7":"product_cat-dziewczyny","8":"product_cat-160-169-cm","9":"product_tag-160-cm","10":"product_tag-c-cup","11":"product_tag-lalka-erotyczna","12":"product_tag-magic-momentss","13":"product_tag-sarah","15":"first","16":"instock","17":"sale","18":"shipping-taxable","19":"purchasable","20":"product-type-simple"},"yoast_head":"<!-- This site is optimized with the Yoast SEO plugin v26.8 - https:\/\/yoast.com\/product\/yoast-seo-wordpress\/ -->\n<title>Sara - Doll House * luksusowa kochanka dla niegrzecznego ch\u0142opaka<\/title>\n<meta name=\"description\" content=\"Mam na imi\u0119 Sara i b\u0119d\u0119 Twoj\u0105 now\u0105 sekretark\u0105, czy jak to si\u0119 aktualnie \u0142adnie nazywa PA - Personal Assistant. Twoj\u0105 sekretark\u0105 z najskrytszych marze\u0144.\" \/>\n<meta name=\"robots\" content=\"index, follow, max-snippet:-1, max-image-preview:large, max-video-preview:-1\" \/>\n<link rel=\"canonical\" href=\"https:\/\/doll-house.eu\/index.php\/product\/sara\/\" \/>\n<meta property=\"og:locale\" content=\"en_GB\" \/>\n<meta property=\"og:type\" content=\"article\" \/>\n<meta property=\"og:title\" content=\"Sara - Doll House * luksusowa kochanka dla niegrzecznego ch\u0142opaka\" \/>\n<meta property=\"og:description\" content=\"Mam na imi\u0119 Sara i b\u0119d\u0119 Twoj\u0105 now\u0105 sekretark\u0105, czy jak to si\u0119 aktualnie \u0142adnie nazywa PA - Personal Assistant. Twoj\u0105 sekretark\u0105 z najskrytszych marze\u0144.\" \/>\n<meta property=\"og:url\" content=\"https:\/\/doll-house.eu\/index.php\/product\/sara\/\" \/>\n<meta property=\"og:site_name\" content=\"Doll House\" \/>\n<meta property=\"article:modified_time\" content=\"2021-08-08T17:09:21+00:00\" \/>\n<meta property=\"og:image\" content=\"https:\/\/doll-house.eu\/wp-content\/uploads\/2018\/12\/MM-Sarah_Head.jpg\" \/>\n\t<meta property=\"og:image:width\" content=\"1280\" \/>\n\t<meta property=\"og:image:height\" content=\"1920\" \/>\n\t<meta property=\"og:image:type\" content=\"image\/jpeg\" \/>\n<meta name=\"twitter:card\" content=\"summary_large_image\" \/>\n<meta name=\"twitter:label1\" content=\"Estimated reading time\" \/>\n\t<meta name=\"twitter:data1\" content=\"1 minute\" \/>\n<script type=\"application\/ld+json\" class=\"yoast-schema-graph\">{\"@context\":\"https:\/\/schema.org\",\"@graph\":[{\"@type\":\"WebPage\",\"@id\":\"https:\/\/doll-house.eu\/index.php\/product\/sara\/\",\"url\":\"https:\/\/doll-house.eu\/index.php\/product\/sara\/\",\"name\":\"Sara - Doll House * luksusowa kochanka dla niegrzecznego ch\u0142opaka\",\"isPartOf\":{\"@id\":\"https:\/\/doll-house.eu\/#website\"},\"primaryImageOfPage\":{\"@id\":\"https:\/\/doll-house.eu\/index.php\/product\/sara\/#primaryimage\"},\"image\":{\"@id\":\"https:\/\/doll-house.eu\/index.php\/product\/sara\/#primaryimage\"},\"thumbnailUrl\":\"https:\/\/doll-house.eu\/wp-content\/uploads\/2018\/12\/MM-Sarah_Head.jpg\",\"datePublished\":\"2018-12-17T21:18:09+00:00\",\"dateModified\":\"2021-08-08T17:09:21+00:00\",\"description\":\"Mam na imi\u0119 Sara i b\u0119d\u0119 Twoj\u0105 now\u0105 sekretark\u0105, czy jak to si\u0119 aktualnie \u0142adnie nazywa PA - Personal Assistant. Twoj\u0105 sekretark\u0105 z najskrytszych marze\u0144.\",\"breadcrumb\":{\"@id\":\"https:\/\/doll-house.eu\/index.php\/product\/sara\/#breadcrumb\"},\"inLanguage\":\"en-GB\",\"potentialAction\":[{\"@type\":\"ReadAction\",\"target\":[\"https:\/\/doll-house.eu\/index.php\/product\/sara\/\"]}]},{\"@type\":\"ImageObject\",\"inLanguage\":\"en-GB\",\"@id\":\"https:\/\/doll-house.eu\/index.php\/product\/sara\/#primaryimage\",\"url\":\"https:\/\/doll-house.eu\/wp-content\/uploads\/2018\/12\/MM-Sarah_Head.jpg\",\"contentUrl\":\"https:\/\/doll-house.eu\/wp-content\/uploads\/2018\/12\/MM-Sarah_Head.jpg\",\"width\":1280,\"height\":1920},{\"@type\":\"BreadcrumbList\",\"@id\":\"https:\/\/doll-house.eu\/index.php\/product\/sara\/#breadcrumb\",\"itemListElement\":[{\"@type\":\"ListItem\",\"position\":1,\"name\":\"Home\",\"item\":\"http:\/\/doll-house.eu\/\"},{\"@type\":\"ListItem\",\"position\":2,\"name\":\"Shop\",\"item\":\"http:\/\/doll-house.eu\/index.php\/shop\/\"},{\"@type\":\"ListItem\",\"position\":3,\"name\":\"Sara\"}]},{\"@type\":\"WebSite\",\"@id\":\"https:\/\/doll-house.eu\/#website\",\"url\":\"https:\/\/doll-house.eu\/\",\"name\":\"Doll House\",\"description\":\"Where Bad Girls Come to Play\",\"potentialAction\":[{\"@type\":\"SearchAction\",\"target\":{\"@type\":\"EntryPoint\",\"urlTemplate\":\"https:\/\/doll-house.eu\/?s={search_term_string}\"},\"query-input\":{\"@type\":\"PropertyValueSpecification\",\"valueRequired\":true,\"valueName\":\"search_term_string\"}}],\"inLanguage\":\"en-GB\"}]}<\/script>\n<!-- \/ Yoast SEO plugin. -->","yoast_head_json":{"title":"Sara - Doll House * luksusowa kochanka dla niegrzecznego ch\u0142opaka","description":"Mam na imi\u0119 Sara i b\u0119d\u0119 Twoj\u0105 now\u0105 sekretark\u0105, czy jak to si\u0119 aktualnie \u0142adnie nazywa PA - Personal Assistant. Twoj\u0105 sekretark\u0105 z najskrytszych marze\u0144.","robots":{"index":"index","follow":"follow","max-snippet":"max-snippet:-1","max-image-preview":"max-image-preview:large","max-video-preview":"max-video-preview:-1"},"canonical":"https:\/\/doll-house.eu\/index.php\/product\/sara\/","og_locale":"en_GB","og_type":"article","og_title":"Sara - Doll House * luksusowa kochanka dla niegrzecznego ch\u0142opaka","og_description":"Mam na imi\u0119 Sara i b\u0119d\u0119 Twoj\u0105 now\u0105 sekretark\u0105, czy jak to si\u0119 aktualnie \u0142adnie nazywa PA - Personal Assistant. Twoj\u0105 sekretark\u0105 z najskrytszych marze\u0144.","og_url":"https:\/\/doll-house.eu\/index.php\/product\/sara\/","og_site_name":"Doll House","article_modified_time":"2021-08-08T17:09:21+00:00","og_image":[{"width":1280,"height":1920,"url":"https:\/\/doll-house.eu\/wp-content\/uploads\/2018\/12\/MM-Sarah_Head.jpg","type":"image\/jpeg"}],"twitter_card":"summary_large_image","twitter_misc":{"Estimated reading time":"1 minute"},"schema":{"@context":"https:\/\/schema.org","@graph":[{"@type":"WebPage","@id":"https:\/\/doll-house.eu\/index.php\/product\/sara\/","url":"https:\/\/doll-house.eu\/index.php\/product\/sara\/","name":"Sara - Doll House * luksusowa kochanka dla niegrzecznego ch\u0142opaka","isPartOf":{"@id":"https:\/\/doll-house.eu\/#website"},"primaryImageOfPage":{"@id":"https:\/\/doll-house.eu\/index.php\/product\/sara\/#primaryimage"},"image":{"@id":"https:\/\/doll-house.eu\/index.php\/product\/sara\/#primaryimage"},"thumbnailUrl":"https:\/\/doll-house.eu\/wp-content\/uploads\/2018\/12\/MM-Sarah_Head.jpg","datePublished":"2018-12-17T21:18:09+00:00","dateModified":"2021-08-08T17:09:21+00:00","description":"Mam na imi\u0119 Sara i b\u0119d\u0119 Twoj\u0105 now\u0105 sekretark\u0105, czy jak to si\u0119 aktualnie \u0142adnie nazywa PA - Personal Assistant. Twoj\u0105 sekretark\u0105 z najskrytszych marze\u0144.","breadcrumb":{"@id":"https:\/\/doll-house.eu\/index.php\/product\/sara\/#breadcrumb"},"inLanguage":"en-GB","potentialAction":[{"@type":"ReadAction","target":["https:\/\/doll-house.eu\/index.php\/product\/sara\/"]}]},{"@type":"ImageObject","inLanguage":"en-GB","@id":"https:\/\/doll-house.eu\/index.php\/product\/sara\/#primaryimage","url":"https:\/\/doll-house.eu\/wp-content\/uploads\/2018\/12\/MM-Sarah_Head.jpg","contentUrl":"https:\/\/doll-house.eu\/wp-content\/uploads\/2018\/12\/MM-Sarah_Head.jpg","width":1280,"height":1920},{"@type":"BreadcrumbList","@id":"https:\/\/doll-house.eu\/index.php\/product\/sara\/#breadcrumb","itemListElement":[{"@type":"ListItem","position":1,"name":"Home","item":"http:\/\/doll-house.eu\/"},{"@type":"ListItem","position":2,"name":"Shop","item":"http:\/\/doll-house.eu\/index.php\/shop\/"},{"@type":"ListItem","position":3,"name":"Sara"}]},{"@type":"WebSite","@id":"https:\/\/doll-house.eu\/#website","url":"https:\/\/doll-house.eu\/","name":"Doll House","description":"Where Bad Girls Come to Play","potentialAction":[{"@type":"SearchAction","target":{"@type":"EntryPoint","urlTemplate":"https:\/\/doll-house.eu\/?s={search_term_string}"},"query-input":{"@type":"PropertyValueSpecification","valueRequired":true,"valueName":"search_term_string"}}],"inLanguage":"en-GB"}]}},"jetpack_sharing_enabled":true,"_links":{"self":[{"href":"https:\/\/doll-house.eu\/index.php\/wp-json\/wp\/v2\/product\/959","targetHints":{"allow":["GET"]}}],"collection":[{"href":"https:\/\/doll-house.eu\/index.php\/wp-json\/wp\/v2\/product"}],"about":[{"href":"https:\/\/doll-house.eu\/index.php\/wp-json\/wp\/v2\/types\/product"}],"replies":[{"embeddable":true,"href":"https:\/\/doll-house.eu\/index.php\/wp-json\/wp\/v2\/comments?post=959"}],"wp:featuredmedia":[{"embeddable":true,"href":"https:\/\/doll-house.eu\/index.php\/wp-json\/wp\/v2\/media\/961"}],"wp:attachment":[{"href":"https:\/\/doll-house.eu\/index.php\/wp-json\/wp\/v2\/media?parent=959"}],"wp:term":[{"taxonomy":"product_brand","embeddable":true,"href":"https:\/\/doll-house.eu\/index.php\/wp-json\/wp\/v2\/product_brand?post=959"},{"taxonomy":"product_cat","embeddable":true,"href":"https:\/\/doll-house.eu\/index.php\/wp-json\/wp\/v2\/product_cat?post=959"},{"taxonomy":"product_tag","embeddable":true,"href":"https:\/\/doll-house.eu\/index.php\/wp-json\/wp\/v2\/product_tag?post=959"}],"curies":[{"name":"wp","href":"https:\/\/api.w.org\/{rel}","templated":true}]}}