{"id":928,"date":"2018-12-17T13:27:30","date_gmt":"2018-12-17T13:27:30","guid":{"rendered":"http:\/\/doll-house.pl\/?post_type=product&#038;p=928"},"modified":"2021-08-08T17:10:00","modified_gmt":"2021-08-08T17:10:00","slug":"nelly","status":"publish","type":"product","link":"https:\/\/doll-house.eu\/index.php\/product\/nelly\/","title":{"rendered":"Nelly"},"content":{"rendered":"<p>Witaj m\u00f3j drogi. Jak masz na imi\u0119? Moje to Nelly. Jeszcze studiuj\u0119 na Akademii Wychowania Fizycznego (nie musisz si\u0119 martwi\u0107 i moj\u0105 kondycj\u0119), ale r\u00f3wnocze\u015bnie pracuj\u0119 jako modelka i bardzo to lubi\u0119. Makija\u017c, rozmaite kreacje i wizje fotograf\u00f3w, \u015bwiat\u0142o i efekt ko\u0144cowy, na kt\u00f3rym czasem a\u017c trudno pozna\u0107 mi siebie sam\u0105. A po zaj\u0119ciach albo sesjach lubi\u0119 si\u0119 zrelaksowa\u0107, najlepiej w ramionach silnego faceta, kt\u00f3ry wie gdzie i jak mnie dotkn\u0105\u0107, \u017ceby otworzy\u0107 mnie dla siebie. Lubi\u0119 czu\u0107 jego ramiona wok\u00f3\u0142 mnie i jego ci\u0119\u017car nade mn\u0105. Wi\u0119c jak b\u0119dzie m\u00f3j drogi? Zaprosisz mnie do siebie i zadbasz o m\u00f3j relaks, i nieco dobrego wysi\u0142ku fizycznego?<\/p>\n<p><!--more--><\/p>\n<p>Jestem luksusow\u0105 erotyczn\u0105 lalk\u0105 przeznaczon\u0105 dla doros\u0142ych. Wykonano mnie z super mi\u0142ego w dotyku elastomeru termoplastycznego, z w pe\u0142ni artyku\u0142owanym metalowym szkieletem. Mam 162 cm wzrostu i seksowne wymiary 83\/58\/91. Lubi\u0119 sport i dobrze dopasowane sportowe ubrania. Nie powiem te\u017c nie koronkom i seksownej bieli\u017anie. Do tego po\u0144czochy albo zakolan\u00f3wki, trampki&#8230; albo szpiki (nosz\u0119 buty w rozmiarze 35-36). Jakby\u015b si\u0119 zastanawia\u0142, to od momentu kiedy pierwszy raz spr\u00f3bowa\u0142am, lubi\u0119 ka\u017cdy rodzaj seksu (klasycznie, oralnie i &#8230; no przyznam si\u0119, analnie te\u017c).<\/p>\n","protected":false},"excerpt":{"rendered":"<p>Witaj m\u00f3j drogi. Jak masz na imi\u0119? Moje to Nelly. Jeszcze studiuj\u0119 na Akademii Wychowania Fizycznego (nie musisz si\u0119 martwi\u0107 i moj\u0105 kondycj\u0119), ale r\u00f3wnocze\u015bnie pracuj\u0119 jako modelka i bardzo to lubi\u0119. Makija\u017c, rozmaite kreacje i wizje fotograf\u00f3w, \u015bwiat\u0142o i efekt ko\u0144cowy, na kt\u00f3rym czasem a\u017c trudno pozna\u0107 mi siebie sam\u0105. A po zaj\u0119ciach albo sesjach lubi\u0119 si\u0119 zrelaksowa\u0107, najlepiej w ramionach silnego faceta, kt\u00f3ry wie gdzie i jak mnie dotkn\u0105\u0107, \u017ceby otworzy\u0107 mnie dla siebie. Lubi\u0119 czu\u0107 jego ramiona wok\u00f3\u0142 mnie i jego ci\u0119\u017car nade mn\u0105. Wi\u0119c jak b\u0119dzie m\u00f3j drogi? Zaprosisz mnie do siebie i zadbasz o m\u00f3j relaks, i nieco dobrego wysi\u0142ku fizycznego?<\/p>\n","protected":false},"featured_media":976,"comment_status":"open","ping_status":"closed","template":"","meta":{"_bbp_topic_count":0,"_bbp_reply_count":0,"_bbp_total_topic_count":0,"_bbp_total_reply_count":0,"_bbp_voice_count":0,"_bbp_anonymous_reply_count":0,"_bbp_topic_count_hidden":0,"_bbp_reply_count_hidden":0,"_bbp_forum_subforum_count":0,"_exactmetrics_skip_tracking":false,"_exactmetrics_sitenote_active":false,"_exactmetrics_sitenote_note":"","_exactmetrics_sitenote_category":0},"product_brand":[],"product_cat":[179,61,63],"product_tag":[185,174,117,191,186],"class_list":{"0":"post-928","1":"product","2":"type-product","3":"status-publish","4":"has-post-thumbnail","6":"product_cat-magic-moments","7":"product_cat-dziewczyny","8":"product_cat-160-169-cm","9":"product_tag-162-cm","10":"product_tag-c-cup","11":"product_tag-lalka-erotyczna","12":"product_tag-magic-moments","13":"product_tag-nelly","15":"first","16":"instock","17":"sale","18":"shipping-taxable","19":"purchasable","20":"product-type-simple"},"yoast_head":"<!-- This site is optimized with the Yoast SEO plugin v26.8 - https:\/\/yoast.com\/product\/yoast-seo-wordpress\/ -->\n<title>Nelly - Doll House * luksusowa kochanka dla niegrzecznego ch\u0142opaka<\/title>\n<meta name=\"description\" content=\"Pracuj\u0119 jako modelka i bardzo to lubi\u0119. Makija\u017c, kreacje, \u015bwiat\u0142o. A po zaj\u0119ciach albo sesjach lubi\u0119 si\u0119 zrelaksowa\u0107, najlepiej w ramionach silnego faceta\" \/>\n<meta name=\"robots\" content=\"index, follow, max-snippet:-1, max-image-preview:large, max-video-preview:-1\" \/>\n<link rel=\"canonical\" href=\"http:\/\/doll-house.eu\/index.php\/product\/nelly\/\" \/>\n<meta property=\"og:locale\" content=\"en_GB\" \/>\n<meta property=\"og:type\" content=\"article\" \/>\n<meta property=\"og:title\" content=\"Nelly - Doll House * luksusowa kochanka dla niegrzecznego ch\u0142opaka\" \/>\n<meta property=\"og:description\" content=\"Pracuj\u0119 jako modelka i bardzo to lubi\u0119. Makija\u017c, kreacje, \u015bwiat\u0142o. A po zaj\u0119ciach albo sesjach lubi\u0119 si\u0119 zrelaksowa\u0107, najlepiej w ramionach silnego faceta\" \/>\n<meta property=\"og:url\" content=\"http:\/\/doll-house.eu\/index.php\/product\/nelly\/\" \/>\n<meta property=\"og:site_name\" content=\"Doll House\" \/>\n<meta property=\"article:modified_time\" content=\"2021-08-08T17:10:00+00:00\" \/>\n<meta property=\"og:image\" content=\"http:\/\/doll-house.eu\/wp-content\/uploads\/2018\/12\/IMG_7188-head-1.jpg\" \/>\n\t<meta property=\"og:image:width\" content=\"1280\" \/>\n\t<meta property=\"og:image:height\" content=\"1920\" \/>\n\t<meta property=\"og:image:type\" content=\"image\/jpeg\" \/>\n<meta name=\"twitter:card\" content=\"summary_large_image\" \/>\n<meta name=\"twitter:label1\" content=\"Estimated reading time\" \/>\n\t<meta name=\"twitter:data1\" content=\"1 minute\" \/>\n<script type=\"application\/ld+json\" class=\"yoast-schema-graph\">{\"@context\":\"https:\/\/schema.org\",\"@graph\":[{\"@type\":\"WebPage\",\"@id\":\"http:\/\/doll-house.eu\/index.php\/product\/nelly\/\",\"url\":\"http:\/\/doll-house.eu\/index.php\/product\/nelly\/\",\"name\":\"Nelly - Doll House * luksusowa kochanka dla niegrzecznego ch\u0142opaka\",\"isPartOf\":{\"@id\":\"https:\/\/doll-house.eu\/#website\"},\"primaryImageOfPage\":{\"@id\":\"http:\/\/doll-house.eu\/index.php\/product\/nelly\/#primaryimage\"},\"image\":{\"@id\":\"http:\/\/doll-house.eu\/index.php\/product\/nelly\/#primaryimage\"},\"thumbnailUrl\":\"https:\/\/doll-house.eu\/wp-content\/uploads\/2018\/12\/IMG_7188-head-1.jpg\",\"datePublished\":\"2018-12-17T13:27:30+00:00\",\"dateModified\":\"2021-08-08T17:10:00+00:00\",\"description\":\"Pracuj\u0119 jako modelka i bardzo to lubi\u0119. Makija\u017c, kreacje, \u015bwiat\u0142o. A po zaj\u0119ciach albo sesjach lubi\u0119 si\u0119 zrelaksowa\u0107, najlepiej w ramionach silnego faceta\",\"breadcrumb\":{\"@id\":\"http:\/\/doll-house.eu\/index.php\/product\/nelly\/#breadcrumb\"},\"inLanguage\":\"en-GB\",\"potentialAction\":[{\"@type\":\"ReadAction\",\"target\":[\"http:\/\/doll-house.eu\/index.php\/product\/nelly\/\"]}]},{\"@type\":\"ImageObject\",\"inLanguage\":\"en-GB\",\"@id\":\"http:\/\/doll-house.eu\/index.php\/product\/nelly\/#primaryimage\",\"url\":\"https:\/\/doll-house.eu\/wp-content\/uploads\/2018\/12\/IMG_7188-head-1.jpg\",\"contentUrl\":\"https:\/\/doll-house.eu\/wp-content\/uploads\/2018\/12\/IMG_7188-head-1.jpg\",\"width\":1280,\"height\":1920},{\"@type\":\"BreadcrumbList\",\"@id\":\"http:\/\/doll-house.eu\/index.php\/product\/nelly\/#breadcrumb\",\"itemListElement\":[{\"@type\":\"ListItem\",\"position\":1,\"name\":\"Home\",\"item\":\"http:\/\/doll-house.eu\/\"},{\"@type\":\"ListItem\",\"position\":2,\"name\":\"Shop\",\"item\":\"http:\/\/doll-house.eu\/index.php\/shop\/\"},{\"@type\":\"ListItem\",\"position\":3,\"name\":\"Nelly\"}]},{\"@type\":\"WebSite\",\"@id\":\"https:\/\/doll-house.eu\/#website\",\"url\":\"https:\/\/doll-house.eu\/\",\"name\":\"Doll House\",\"description\":\"Where Bad Girls Come to Play\",\"potentialAction\":[{\"@type\":\"SearchAction\",\"target\":{\"@type\":\"EntryPoint\",\"urlTemplate\":\"https:\/\/doll-house.eu\/?s={search_term_string}\"},\"query-input\":{\"@type\":\"PropertyValueSpecification\",\"valueRequired\":true,\"valueName\":\"search_term_string\"}}],\"inLanguage\":\"en-GB\"}]}<\/script>\n<!-- \/ Yoast SEO plugin. -->","yoast_head_json":{"title":"Nelly - Doll House * luksusowa kochanka dla niegrzecznego ch\u0142opaka","description":"Pracuj\u0119 jako modelka i bardzo to lubi\u0119. Makija\u017c, kreacje, \u015bwiat\u0142o. A po zaj\u0119ciach albo sesjach lubi\u0119 si\u0119 zrelaksowa\u0107, najlepiej w ramionach silnego faceta","robots":{"index":"index","follow":"follow","max-snippet":"max-snippet:-1","max-image-preview":"max-image-preview:large","max-video-preview":"max-video-preview:-1"},"canonical":"http:\/\/doll-house.eu\/index.php\/product\/nelly\/","og_locale":"en_GB","og_type":"article","og_title":"Nelly - Doll House * luksusowa kochanka dla niegrzecznego ch\u0142opaka","og_description":"Pracuj\u0119 jako modelka i bardzo to lubi\u0119. Makija\u017c, kreacje, \u015bwiat\u0142o. A po zaj\u0119ciach albo sesjach lubi\u0119 si\u0119 zrelaksowa\u0107, najlepiej w ramionach silnego faceta","og_url":"http:\/\/doll-house.eu\/index.php\/product\/nelly\/","og_site_name":"Doll House","article_modified_time":"2021-08-08T17:10:00+00:00","og_image":[{"width":1280,"height":1920,"url":"http:\/\/doll-house.eu\/wp-content\/uploads\/2018\/12\/IMG_7188-head-1.jpg","type":"image\/jpeg"}],"twitter_card":"summary_large_image","twitter_misc":{"Estimated reading time":"1 minute"},"schema":{"@context":"https:\/\/schema.org","@graph":[{"@type":"WebPage","@id":"http:\/\/doll-house.eu\/index.php\/product\/nelly\/","url":"http:\/\/doll-house.eu\/index.php\/product\/nelly\/","name":"Nelly - Doll House * luksusowa kochanka dla niegrzecznego ch\u0142opaka","isPartOf":{"@id":"https:\/\/doll-house.eu\/#website"},"primaryImageOfPage":{"@id":"http:\/\/doll-house.eu\/index.php\/product\/nelly\/#primaryimage"},"image":{"@id":"http:\/\/doll-house.eu\/index.php\/product\/nelly\/#primaryimage"},"thumbnailUrl":"https:\/\/doll-house.eu\/wp-content\/uploads\/2018\/12\/IMG_7188-head-1.jpg","datePublished":"2018-12-17T13:27:30+00:00","dateModified":"2021-08-08T17:10:00+00:00","description":"Pracuj\u0119 jako modelka i bardzo to lubi\u0119. Makija\u017c, kreacje, \u015bwiat\u0142o. A po zaj\u0119ciach albo sesjach lubi\u0119 si\u0119 zrelaksowa\u0107, najlepiej w ramionach silnego faceta","breadcrumb":{"@id":"http:\/\/doll-house.eu\/index.php\/product\/nelly\/#breadcrumb"},"inLanguage":"en-GB","potentialAction":[{"@type":"ReadAction","target":["http:\/\/doll-house.eu\/index.php\/product\/nelly\/"]}]},{"@type":"ImageObject","inLanguage":"en-GB","@id":"http:\/\/doll-house.eu\/index.php\/product\/nelly\/#primaryimage","url":"https:\/\/doll-house.eu\/wp-content\/uploads\/2018\/12\/IMG_7188-head-1.jpg","contentUrl":"https:\/\/doll-house.eu\/wp-content\/uploads\/2018\/12\/IMG_7188-head-1.jpg","width":1280,"height":1920},{"@type":"BreadcrumbList","@id":"http:\/\/doll-house.eu\/index.php\/product\/nelly\/#breadcrumb","itemListElement":[{"@type":"ListItem","position":1,"name":"Home","item":"http:\/\/doll-house.eu\/"},{"@type":"ListItem","position":2,"name":"Shop","item":"http:\/\/doll-house.eu\/index.php\/shop\/"},{"@type":"ListItem","position":3,"name":"Nelly"}]},{"@type":"WebSite","@id":"https:\/\/doll-house.eu\/#website","url":"https:\/\/doll-house.eu\/","name":"Doll House","description":"Where Bad Girls Come to Play","potentialAction":[{"@type":"SearchAction","target":{"@type":"EntryPoint","urlTemplate":"https:\/\/doll-house.eu\/?s={search_term_string}"},"query-input":{"@type":"PropertyValueSpecification","valueRequired":true,"valueName":"search_term_string"}}],"inLanguage":"en-GB"}]}},"jetpack_sharing_enabled":true,"_links":{"self":[{"href":"https:\/\/doll-house.eu\/index.php\/wp-json\/wp\/v2\/product\/928","targetHints":{"allow":["GET"]}}],"collection":[{"href":"https:\/\/doll-house.eu\/index.php\/wp-json\/wp\/v2\/product"}],"about":[{"href":"https:\/\/doll-house.eu\/index.php\/wp-json\/wp\/v2\/types\/product"}],"replies":[{"embeddable":true,"href":"https:\/\/doll-house.eu\/index.php\/wp-json\/wp\/v2\/comments?post=928"}],"wp:featuredmedia":[{"embeddable":true,"href":"https:\/\/doll-house.eu\/index.php\/wp-json\/wp\/v2\/media\/976"}],"wp:attachment":[{"href":"https:\/\/doll-house.eu\/index.php\/wp-json\/wp\/v2\/media?parent=928"}],"wp:term":[{"taxonomy":"product_brand","embeddable":true,"href":"https:\/\/doll-house.eu\/index.php\/wp-json\/wp\/v2\/product_brand?post=928"},{"taxonomy":"product_cat","embeddable":true,"href":"https:\/\/doll-house.eu\/index.php\/wp-json\/wp\/v2\/product_cat?post=928"},{"taxonomy":"product_tag","embeddable":true,"href":"https:\/\/doll-house.eu\/index.php\/wp-json\/wp\/v2\/product_tag?post=928"}],"curies":[{"name":"wp","href":"https:\/\/api.w.org\/{rel}","templated":true}]}}