{"id":78,"date":"2018-09-30T12:35:04","date_gmt":"2018-09-30T12:35:04","guid":{"rendered":"http:\/\/doll-house.pl\/?post_type=product&#038;p=78"},"modified":"2021-08-08T17:41:30","modified_gmt":"2021-08-08T17:41:30","slug":"lilou","status":"publish","type":"product","link":"https:\/\/doll-house.eu\/index.php\/product\/lilou\/","title":{"rendered":"Lilou"},"content":{"rendered":"<p>S\u0105 tacy, kt\u00f3rzy my\u015bl\u0105, \u017ce jestem tylko jak\u0105\u015b tam erotyczn\u0105 lalk\u0105. Ale g\u0142\u0119boko si\u0119 myl\u0105, wiesz? Hej, mam 19 lat i lubi\u0119 dobr\u0105 muz\u0119, wycieczki i fotografi\u0119. G\u0142\u00f3wnie po stronie obiektywu &#8211; tak, tak, ze mn\u0105 nie musisz si\u0119 martwi\u0107 \u017ce b\u0119d\u0119 marudzi\u0107 \u017ce jest za zimno, albo pada deszcz. Po prostu zabierz mnie ze sob\u0105. Uwielbiam swoje cia\u0142o cho\u0107 wiem, s\u0105 tacy, kt\u00f3rzy uwa\u017caj\u0105 \u017ce jestem za ma\u0142o &#8220;oczytana&#8221;, ale ja uwielbiam rozmiar moich bli\u017aniaczek. S\u0105 dok\u0142adnie takie jak ja &#8211; niedu\u017ce i j\u0119drne :P. I bardzo weso\u0142e. Co jeszcze chcia\u0142by\u015b wiedzie\u0107? Lubi\u0119 si\u0119 przytula\u0107, i nie jestem marudna. Zupe\u0142nie ale to zupe\u0142nie. Lubi\u0119 mod\u0119, ale to jak ka\u017cda dziewczyna nie? Wi\u0119c jak chcesz zrobi\u0107 mi przyjemno\u015b\u0107, kup mi nowe legginsy albo sukienk\u0119. Najlepiej tak\u0105 rozkloszowan\u0105 (nie wiesz jaka to jest&#8230; zaraz Ci wy\u015bl\u0119 linka), bo w niej najlepiej si\u0119 moje nogi prezentuj\u0105. I w szpilkach.<\/p>\n<p><!--more--><\/p>\n<p>Jestem luksusow\u0105, erotyczn\u0105 lalk\u0105 przeznaczon\u0105 dla doros\u0142ych. Wykonano mnie z super mi\u0142ego w dotyku elastomeru termoplastycznego, z w pe\u0142ni artyku\u0142owanym metalowym szkieletem. Mam 135 cm wzrostu i wa\u017c\u0105c zaledwie 27 kg nie musz\u0119 martwi\u0107 si\u0119 \u017cadn\u0105 diet\u0105. Moje wymiary? No tak 75\/60\/75 i male\u0144kie stopy 19,5 cm d\u0142ugo\u015bci. Jakby\u015b si\u0119 zastanawia\u0142, to nie tylko lubi\u0119 si\u0119 u\u015bmiecha\u0107, ale pieprzy\u0107 tak\u017ce, i to na wszystkie sposoby (klasycznie, oralnie i &#8230; no przyznam si\u0119, analnie te\u017c). Przyjad\u0119 do Ciebie z kompletem bielizny, dwoma perukami (niekoniecznie takich jak na zdj\u0119ciu).<\/p>\n","protected":false},"excerpt":{"rendered":"<p>S\u0105 tacy, kt\u00f3rzy my\u015bl\u0105, \u017ce jestem tylko jak\u0105\u015b tam erotyczn\u0105 lalk\u0105. Ale g\u0142\u0119boko si\u0119 myl\u0105, wiesz? Hej, mam 19 lat i lubi\u0119 dobr\u0105 muz\u0119, wycieczki i fotografi\u0119. G\u0142\u00f3wnie po stronie obiektywu &#8211; tak, tak, ze mn\u0105 nie musisz si\u0119 martwi\u0107 \u017ce b\u0119d\u0119 marudzi\u0107 \u017ce jest za zimno, albo pada deszcz. Po prostu zabierz mnie ze sob\u0105. Uwielbiam swoje cia\u0142o cho\u0107 wiem, s\u0105 tacy, kt\u00f3rzy uwa\u017caj\u0105 \u017ce jestem za ma\u0142o &#8220;oczytana&#8221;, ale ja uwielbiam rozmiar moich bli\u017aniaczek. S\u0105 dok\u0142adnie takie jak ja &#8211; niedu\u017ce i j\u0119drne :P. I bardzo weso\u0142e. Co jeszcze chcia\u0142by\u015b wiedzie\u0107? Lubi\u0119 si\u0119 przytula\u0107, i nie jestem marudna. Zupe\u0142nie ale to zupe\u0142nie. Lubi\u0119 mod\u0119, ale to jak ka\u017cda dziewczyna nie? Wi\u0119c jak chcesz zrobi\u0107 mi przyjemno\u015b\u0107, kup mi nowe legginsy albo sukienk\u0119. Najlepiej tak\u0105 rozkloszowan\u0105 (nie wiesz jaka to jest&#8230; zaraz Ci wy\u015bl\u0119 linka), bo w niej najlepiej si\u0119 moje nogi prezentuj\u0105. I w szpilkach.<\/p>\n","protected":false},"featured_media":95,"comment_status":"open","ping_status":"closed","template":"","meta":{"_bbp_topic_count":0,"_bbp_reply_count":0,"_bbp_total_topic_count":0,"_bbp_total_reply_count":0,"_bbp_voice_count":0,"_bbp_anonymous_reply_count":0,"_bbp_topic_count_hidden":0,"_bbp_reply_count_hidden":0,"_bbp_forum_subforum_count":0,"_exactmetrics_skip_tracking":false,"_exactmetrics_sitenote_active":false,"_exactmetrics_sitenote_note":"","_exactmetrics_sitenote_category":0},"product_brand":[],"product_cat":[96,61,62,51,53],"product_tag":[],"class_list":{"0":"post-78","1":"product","2":"type-product","3":"status-publish","4":"has-post-thumbnail","6":"product_cat-ayiyun","7":"product_cat-dziewczyny","8":"product_cat-135-cm","9":"product_cat-polecane","10":"product_cat-most-wanted","12":"first","13":"instock","14":"sale","15":"shipping-taxable","16":"purchasable","17":"product-type-simple"},"yoast_head":"<!-- This site is optimized with the Yoast SEO plugin v26.8 - https:\/\/yoast.com\/product\/yoast-seo-wordpress\/ -->\n<title>Lilou - Doll House * luksusowa sex lalka dla niegrzecznych ch\u0142opc\u00f3w.<\/title>\n<meta name=\"description\" content=\"Hej, mam 19 lat i jestem luksusow\u0105, erotyczn\u0105 lalk\u0105. Lubi\u0119 dobr\u0105 muz\u0119, wycieczki i fotografi\u0119. Zapro\u015b mnie do siebie, a na pewno nie b\u0119dziemy si\u0119 nudzi\u0107.\" \/>\n<meta name=\"robots\" content=\"index, follow, max-snippet:-1, max-image-preview:large, max-video-preview:-1\" \/>\n<link rel=\"canonical\" href=\"https:\/\/doll-house.eu\/index.php\/product\/lilou\/\" \/>\n<meta property=\"og:locale\" content=\"en_GB\" \/>\n<meta property=\"og:type\" content=\"article\" \/>\n<meta property=\"og:title\" content=\"Lilou - Doll House * luksusowa sex lalka dla niegrzecznych ch\u0142opc\u00f3w.\" \/>\n<meta property=\"og:description\" content=\"Hej, mam 19 lat i jestem luksusow\u0105, erotyczn\u0105 lalk\u0105. Lubi\u0119 dobr\u0105 muz\u0119, wycieczki i fotografi\u0119. Zapro\u015b mnie do siebie, a na pewno nie b\u0119dziemy si\u0119 nudzi\u0107.\" \/>\n<meta property=\"og:url\" content=\"https:\/\/doll-house.eu\/index.php\/product\/lilou\/\" \/>\n<meta property=\"og:site_name\" content=\"Doll House\" \/>\n<meta property=\"article:modified_time\" content=\"2021-08-08T17:41:30+00:00\" \/>\n<meta property=\"og:image\" content=\"https:\/\/doll-house.eu\/wp-content\/uploads\/2018\/09\/MG_0173-3.jpg\" \/>\n\t<meta property=\"og:image:width\" content=\"1280\" \/>\n\t<meta property=\"og:image:height\" content=\"1920\" \/>\n\t<meta property=\"og:image:type\" content=\"image\/jpeg\" \/>\n<meta name=\"twitter:card\" content=\"summary_large_image\" \/>\n<meta name=\"twitter:label1\" content=\"Estimated reading time\" \/>\n\t<meta name=\"twitter:data1\" content=\"1 minute\" \/>\n<script type=\"application\/ld+json\" class=\"yoast-schema-graph\">{\"@context\":\"https:\/\/schema.org\",\"@graph\":[{\"@type\":\"WebPage\",\"@id\":\"https:\/\/doll-house.eu\/index.php\/product\/lilou\/\",\"url\":\"https:\/\/doll-house.eu\/index.php\/product\/lilou\/\",\"name\":\"Lilou - Doll House * luksusowa sex lalka dla niegrzecznych ch\u0142opc\u00f3w.\",\"isPartOf\":{\"@id\":\"https:\/\/doll-house.eu\/#website\"},\"primaryImageOfPage\":{\"@id\":\"https:\/\/doll-house.eu\/index.php\/product\/lilou\/#primaryimage\"},\"image\":{\"@id\":\"https:\/\/doll-house.eu\/index.php\/product\/lilou\/#primaryimage\"},\"thumbnailUrl\":\"https:\/\/doll-house.eu\/wp-content\/uploads\/2018\/09\/MG_0173-3.jpg\",\"datePublished\":\"2018-09-30T12:35:04+00:00\",\"dateModified\":\"2021-08-08T17:41:30+00:00\",\"description\":\"Hej, mam 19 lat i jestem luksusow\u0105, erotyczn\u0105 lalk\u0105. Lubi\u0119 dobr\u0105 muz\u0119, wycieczki i fotografi\u0119. Zapro\u015b mnie do siebie, a na pewno nie b\u0119dziemy si\u0119 nudzi\u0107.\",\"breadcrumb\":{\"@id\":\"https:\/\/doll-house.eu\/index.php\/product\/lilou\/#breadcrumb\"},\"inLanguage\":\"en-GB\",\"potentialAction\":[{\"@type\":\"ReadAction\",\"target\":[\"https:\/\/doll-house.eu\/index.php\/product\/lilou\/\"]}]},{\"@type\":\"ImageObject\",\"inLanguage\":\"en-GB\",\"@id\":\"https:\/\/doll-house.eu\/index.php\/product\/lilou\/#primaryimage\",\"url\":\"https:\/\/doll-house.eu\/wp-content\/uploads\/2018\/09\/MG_0173-3.jpg\",\"contentUrl\":\"https:\/\/doll-house.eu\/wp-content\/uploads\/2018\/09\/MG_0173-3.jpg\",\"width\":1280,\"height\":1920},{\"@type\":\"BreadcrumbList\",\"@id\":\"https:\/\/doll-house.eu\/index.php\/product\/lilou\/#breadcrumb\",\"itemListElement\":[{\"@type\":\"ListItem\",\"position\":1,\"name\":\"Home\",\"item\":\"http:\/\/doll-house.eu\/\"},{\"@type\":\"ListItem\",\"position\":2,\"name\":\"Shop\",\"item\":\"http:\/\/doll-house.eu\/index.php\/shop\/\"},{\"@type\":\"ListItem\",\"position\":3,\"name\":\"Lilou\"}]},{\"@type\":\"WebSite\",\"@id\":\"https:\/\/doll-house.eu\/#website\",\"url\":\"https:\/\/doll-house.eu\/\",\"name\":\"Doll House\",\"description\":\"Where Bad Girls Come to Play\",\"potentialAction\":[{\"@type\":\"SearchAction\",\"target\":{\"@type\":\"EntryPoint\",\"urlTemplate\":\"https:\/\/doll-house.eu\/?s={search_term_string}\"},\"query-input\":{\"@type\":\"PropertyValueSpecification\",\"valueRequired\":true,\"valueName\":\"search_term_string\"}}],\"inLanguage\":\"en-GB\"}]}<\/script>\n<!-- \/ Yoast SEO plugin. -->","yoast_head_json":{"title":"Lilou - Doll House * luksusowa sex lalka dla niegrzecznych ch\u0142opc\u00f3w.","description":"Hej, mam 19 lat i jestem luksusow\u0105, erotyczn\u0105 lalk\u0105. Lubi\u0119 dobr\u0105 muz\u0119, wycieczki i fotografi\u0119. Zapro\u015b mnie do siebie, a na pewno nie b\u0119dziemy si\u0119 nudzi\u0107.","robots":{"index":"index","follow":"follow","max-snippet":"max-snippet:-1","max-image-preview":"max-image-preview:large","max-video-preview":"max-video-preview:-1"},"canonical":"https:\/\/doll-house.eu\/index.php\/product\/lilou\/","og_locale":"en_GB","og_type":"article","og_title":"Lilou - Doll House * luksusowa sex lalka dla niegrzecznych ch\u0142opc\u00f3w.","og_description":"Hej, mam 19 lat i jestem luksusow\u0105, erotyczn\u0105 lalk\u0105. Lubi\u0119 dobr\u0105 muz\u0119, wycieczki i fotografi\u0119. Zapro\u015b mnie do siebie, a na pewno nie b\u0119dziemy si\u0119 nudzi\u0107.","og_url":"https:\/\/doll-house.eu\/index.php\/product\/lilou\/","og_site_name":"Doll House","article_modified_time":"2021-08-08T17:41:30+00:00","og_image":[{"width":1280,"height":1920,"url":"https:\/\/doll-house.eu\/wp-content\/uploads\/2018\/09\/MG_0173-3.jpg","type":"image\/jpeg"}],"twitter_card":"summary_large_image","twitter_misc":{"Estimated reading time":"1 minute"},"schema":{"@context":"https:\/\/schema.org","@graph":[{"@type":"WebPage","@id":"https:\/\/doll-house.eu\/index.php\/product\/lilou\/","url":"https:\/\/doll-house.eu\/index.php\/product\/lilou\/","name":"Lilou - Doll House * luksusowa sex lalka dla niegrzecznych ch\u0142opc\u00f3w.","isPartOf":{"@id":"https:\/\/doll-house.eu\/#website"},"primaryImageOfPage":{"@id":"https:\/\/doll-house.eu\/index.php\/product\/lilou\/#primaryimage"},"image":{"@id":"https:\/\/doll-house.eu\/index.php\/product\/lilou\/#primaryimage"},"thumbnailUrl":"https:\/\/doll-house.eu\/wp-content\/uploads\/2018\/09\/MG_0173-3.jpg","datePublished":"2018-09-30T12:35:04+00:00","dateModified":"2021-08-08T17:41:30+00:00","description":"Hej, mam 19 lat i jestem luksusow\u0105, erotyczn\u0105 lalk\u0105. Lubi\u0119 dobr\u0105 muz\u0119, wycieczki i fotografi\u0119. Zapro\u015b mnie do siebie, a na pewno nie b\u0119dziemy si\u0119 nudzi\u0107.","breadcrumb":{"@id":"https:\/\/doll-house.eu\/index.php\/product\/lilou\/#breadcrumb"},"inLanguage":"en-GB","potentialAction":[{"@type":"ReadAction","target":["https:\/\/doll-house.eu\/index.php\/product\/lilou\/"]}]},{"@type":"ImageObject","inLanguage":"en-GB","@id":"https:\/\/doll-house.eu\/index.php\/product\/lilou\/#primaryimage","url":"https:\/\/doll-house.eu\/wp-content\/uploads\/2018\/09\/MG_0173-3.jpg","contentUrl":"https:\/\/doll-house.eu\/wp-content\/uploads\/2018\/09\/MG_0173-3.jpg","width":1280,"height":1920},{"@type":"BreadcrumbList","@id":"https:\/\/doll-house.eu\/index.php\/product\/lilou\/#breadcrumb","itemListElement":[{"@type":"ListItem","position":1,"name":"Home","item":"http:\/\/doll-house.eu\/"},{"@type":"ListItem","position":2,"name":"Shop","item":"http:\/\/doll-house.eu\/index.php\/shop\/"},{"@type":"ListItem","position":3,"name":"Lilou"}]},{"@type":"WebSite","@id":"https:\/\/doll-house.eu\/#website","url":"https:\/\/doll-house.eu\/","name":"Doll House","description":"Where Bad Girls Come to Play","potentialAction":[{"@type":"SearchAction","target":{"@type":"EntryPoint","urlTemplate":"https:\/\/doll-house.eu\/?s={search_term_string}"},"query-input":{"@type":"PropertyValueSpecification","valueRequired":true,"valueName":"search_term_string"}}],"inLanguage":"en-GB"}]}},"jetpack_sharing_enabled":true,"_links":{"self":[{"href":"https:\/\/doll-house.eu\/index.php\/wp-json\/wp\/v2\/product\/78","targetHints":{"allow":["GET"]}}],"collection":[{"href":"https:\/\/doll-house.eu\/index.php\/wp-json\/wp\/v2\/product"}],"about":[{"href":"https:\/\/doll-house.eu\/index.php\/wp-json\/wp\/v2\/types\/product"}],"replies":[{"embeddable":true,"href":"https:\/\/doll-house.eu\/index.php\/wp-json\/wp\/v2\/comments?post=78"}],"wp:featuredmedia":[{"embeddable":true,"href":"https:\/\/doll-house.eu\/index.php\/wp-json\/wp\/v2\/media\/95"}],"wp:attachment":[{"href":"https:\/\/doll-house.eu\/index.php\/wp-json\/wp\/v2\/media?parent=78"}],"wp:term":[{"taxonomy":"product_brand","embeddable":true,"href":"https:\/\/doll-house.eu\/index.php\/wp-json\/wp\/v2\/product_brand?post=78"},{"taxonomy":"product_cat","embeddable":true,"href":"https:\/\/doll-house.eu\/index.php\/wp-json\/wp\/v2\/product_cat?post=78"},{"taxonomy":"product_tag","embeddable":true,"href":"https:\/\/doll-house.eu\/index.php\/wp-json\/wp\/v2\/product_tag?post=78"}],"curies":[{"name":"wp","href":"https:\/\/api.w.org\/{rel}","templated":true}]}}