{"id":690,"date":"2018-10-02T18:13:13","date_gmt":"2018-10-02T18:13:13","guid":{"rendered":"http:\/\/doll-house.pl\/?post_type=product&#038;p=690"},"modified":"2021-08-08T17:14:32","modified_gmt":"2021-08-08T17:14:32","slug":"candice","status":"publish","type":"product","link":"https:\/\/doll-house.eu\/index.php\/product\/candice\/","title":{"rendered":"Candice"},"content":{"rendered":"<p>Witaj, m\u00f3j drogi. Jestem Candice, czyli s\u0142odki cukiereczek. Mam fio\u0142a na punkcie mody, szczeg\u00f3lnie rozmaitych koronek, po\u0144czoszek, szpilek. Uwielbiam si\u0119 stroi\u0107 i szykowa\u0107 czy to na wyj\u015bcie na imprez\u0119, czy te\u017c na romantyczny wiecz\u00f3r. Natura obdarzy\u0142a mnie fantastycznym cia\u0142em, wi\u0119c lubi\u0119 na siebie patrze\u0107 gdy si\u0119 ubieram, i gdy si\u0119 rozbieram. Nawet seks dla mnie jest najlepszy, gdy mog\u0119 widzie\u0107 siebie ze swoim kochankiem &#8211; czy to opieraj\u0105c si\u0119 d\u0142o\u0144mi o lustro, czy te\u017c w lustrze zawieszonym nad nami na suficie. Gdy moje \u015bliczne st\u00f3pki oplataj\u0105 jego plecy. I wiesz co? Nie ma zbyt wysokich szpilek&#8230; tylko nie wszystkie s\u0142u\u017c\u0105 do chodzenia (\u015bmiech). Wi\u0119c jak tam, m\u00f3j drogi, zaprosisz mnie do siebie, \u017ceby rozpakowa\u0107 moj\u0105 s\u0142odycz?<\/p>\n<p><!--more--><\/p>\n<p>Jestem luksusow\u0105 erotyczn\u0105 lalk\u0105 przeznaczon\u0105 dla doros\u0142ych. Wykonano mnie z super mi\u0142ego w dotyku elastomeru termoplastycznego, z w pe\u0142ni artyku\u0142owanym metalowym szkieletem. Mam 161 cm wzrostu i urocze wymiary 83\/60\/93. Uwielbiam koronkow\u0105 bielizn\u0119, tekstur\u0119 po\u0144czoszek na moich udach i klasyczne szpilki (nosz\u0119 buty w rozmiarze 36). Jakby\u015b si\u0119 zastanawia\u0142, to od momentu kiedy pierwszy raz spr\u00f3bowa\u0142am, lubi\u0119 ka\u017cdy rodzaj seksu(klasycznie, oralnie i &#8230; no przyznam si\u0119, analnie te\u017c).<\/p>\n","protected":false},"excerpt":{"rendered":"<p>Witaj, m\u00f3j drogi. Jestem Candice, czyli s\u0142odki cukiereczek. Mam fio\u0142a na punkcie mody, szczeg\u00f3lnie rozmaitych koronek, po\u0144czoszek, szpilek. Uwielbiam si\u0119 stroi\u0107 i szykowa\u0107 czy to na wyj\u015bcie na imprez\u0119, czy te\u017c na romantyczny wiecz\u00f3r. Natura obdarzy\u0142a mnie fantastycznym cia\u0142em, wi\u0119c lubi\u0119 na siebie patrze\u0107 gdy si\u0119 ubieram, i gdy si\u0119 rozbieram. Nawet seks dla mnie jest najlepszy, gdy mog\u0119 widzie\u0107 siebie ze swoim kochankiem &#8211; czy to opieraj\u0105c si\u0119 d\u0142o\u0144mi o lustro, czy te\u017c w lustrze zawieszonym nad nami na suficie. Gdy moje \u015bliczne st\u00f3pki oplataj\u0105 jego plecy. I wiesz co? Nie ma zbyt wysokich szpilek&#8230; tylko nie wszystkie s\u0142u\u017c\u0105 do chodzenia (\u015bmiech). Wi\u0119c jak tam, m\u00f3j drogi, zaprosisz mnie do siebie, \u017ceby rozpakowa\u0107 moj\u0105 s\u0142odycz?<\/p>\n","protected":false},"featured_media":778,"comment_status":"open","ping_status":"closed","template":"","meta":{"_bbp_topic_count":0,"_bbp_reply_count":0,"_bbp_total_topic_count":0,"_bbp_total_reply_count":0,"_bbp_voice_count":0,"_bbp_anonymous_reply_count":0,"_bbp_topic_count_hidden":0,"_bbp_reply_count_hidden":0,"_bbp_forum_subforum_count":0,"_exactmetrics_skip_tracking":false,"_exactmetrics_sitenote_active":false,"_exactmetrics_sitenote_note":"","_exactmetrics_sitenote_category":0},"product_brand":[],"product_cat":[95,61,63],"product_tag":[122,117],"class_list":{"0":"post-690","1":"product","2":"type-product","3":"status-publish","4":"has-post-thumbnail","6":"product_cat-asdoll","7":"product_cat-dziewczyny","8":"product_cat-160-169-cm","9":"product_tag-fantazja","10":"product_tag-lalka-erotyczna","12":"first","13":"instock","14":"sale","15":"shipping-taxable","16":"purchasable","17":"product-type-simple"},"yoast_head":"<!-- This site is optimized with the Yoast SEO plugin v26.8 - https:\/\/yoast.com\/product\/yoast-seo-wordpress\/ -->\n<title>Candice - Doll House * luksusowa kochanka dla niegrzecznego ch\u0142opaka<\/title>\n<meta name=\"description\" content=\"Mam ciut ponad 20 lat, i natura obdarzy\u0142a mnie fajnym wyposa\u017ceniem, kt\u00f3re p\u00f3ki co si\u0119 marnuje. Wi\u0119c nie musisz mie\u0107 helikoptera, byle\u015b mia\u0142 ch\u0119\u0107 si\u0119 bzyka\u0107\" \/>\n<meta name=\"robots\" content=\"index, follow, max-snippet:-1, max-image-preview:large, max-video-preview:-1\" \/>\n<link rel=\"canonical\" href=\"https:\/\/doll-house.eu\/index.php\/product\/candice\/\" \/>\n<meta property=\"og:locale\" content=\"en_GB\" \/>\n<meta property=\"og:type\" content=\"article\" \/>\n<meta property=\"og:title\" content=\"Candice - Doll House * luksusowa kochanka dla niegrzecznego ch\u0142opaka\" \/>\n<meta property=\"og:description\" content=\"Mam ciut ponad 20 lat, i natura obdarzy\u0142a mnie fajnym wyposa\u017ceniem, kt\u00f3re p\u00f3ki co si\u0119 marnuje. Wi\u0119c nie musisz mie\u0107 helikoptera, byle\u015b mia\u0142 ch\u0119\u0107 si\u0119 bzyka\u0107\" \/>\n<meta property=\"og:url\" content=\"https:\/\/doll-house.eu\/index.php\/product\/candice\/\" \/>\n<meta property=\"og:site_name\" content=\"Doll House\" \/>\n<meta property=\"article:modified_time\" content=\"2021-08-08T17:14:32+00:00\" \/>\n<meta property=\"og:image\" content=\"https:\/\/doll-house.eu\/wp-content\/uploads\/2018\/10\/Candice-08.jpg\" \/>\n\t<meta property=\"og:image:width\" content=\"1280\" \/>\n\t<meta property=\"og:image:height\" content=\"1920\" \/>\n\t<meta property=\"og:image:type\" content=\"image\/jpeg\" \/>\n<meta name=\"twitter:card\" content=\"summary_large_image\" \/>\n<meta name=\"twitter:label1\" content=\"Estimated reading time\" \/>\n\t<meta name=\"twitter:data1\" content=\"1 minute\" \/>\n<script type=\"application\/ld+json\" class=\"yoast-schema-graph\">{\"@context\":\"https:\/\/schema.org\",\"@graph\":[{\"@type\":\"WebPage\",\"@id\":\"https:\/\/doll-house.eu\/index.php\/product\/candice\/\",\"url\":\"https:\/\/doll-house.eu\/index.php\/product\/candice\/\",\"name\":\"Candice - Doll House * luksusowa kochanka dla niegrzecznego ch\u0142opaka\",\"isPartOf\":{\"@id\":\"https:\/\/doll-house.eu\/#website\"},\"primaryImageOfPage\":{\"@id\":\"https:\/\/doll-house.eu\/index.php\/product\/candice\/#primaryimage\"},\"image\":{\"@id\":\"https:\/\/doll-house.eu\/index.php\/product\/candice\/#primaryimage\"},\"thumbnailUrl\":\"https:\/\/doll-house.eu\/wp-content\/uploads\/2018\/10\/Candice-08.jpg\",\"datePublished\":\"2018-10-02T18:13:13+00:00\",\"dateModified\":\"2021-08-08T17:14:32+00:00\",\"description\":\"Mam ciut ponad 20 lat, i natura obdarzy\u0142a mnie fajnym wyposa\u017ceniem, kt\u00f3re p\u00f3ki co si\u0119 marnuje. Wi\u0119c nie musisz mie\u0107 helikoptera, byle\u015b mia\u0142 ch\u0119\u0107 si\u0119 bzyka\u0107\",\"breadcrumb\":{\"@id\":\"https:\/\/doll-house.eu\/index.php\/product\/candice\/#breadcrumb\"},\"inLanguage\":\"en-GB\",\"potentialAction\":[{\"@type\":\"ReadAction\",\"target\":[\"https:\/\/doll-house.eu\/index.php\/product\/candice\/\"]}]},{\"@type\":\"ImageObject\",\"inLanguage\":\"en-GB\",\"@id\":\"https:\/\/doll-house.eu\/index.php\/product\/candice\/#primaryimage\",\"url\":\"https:\/\/doll-house.eu\/wp-content\/uploads\/2018\/10\/Candice-08.jpg\",\"contentUrl\":\"https:\/\/doll-house.eu\/wp-content\/uploads\/2018\/10\/Candice-08.jpg\",\"width\":1280,\"height\":1920},{\"@type\":\"BreadcrumbList\",\"@id\":\"https:\/\/doll-house.eu\/index.php\/product\/candice\/#breadcrumb\",\"itemListElement\":[{\"@type\":\"ListItem\",\"position\":1,\"name\":\"Home\",\"item\":\"http:\/\/doll-house.eu\/\"},{\"@type\":\"ListItem\",\"position\":2,\"name\":\"Shop\",\"item\":\"http:\/\/doll-house.eu\/index.php\/shop\/\"},{\"@type\":\"ListItem\",\"position\":3,\"name\":\"Candice\"}]},{\"@type\":\"WebSite\",\"@id\":\"https:\/\/doll-house.eu\/#website\",\"url\":\"https:\/\/doll-house.eu\/\",\"name\":\"Doll House\",\"description\":\"Where Bad Girls Come to Play\",\"potentialAction\":[{\"@type\":\"SearchAction\",\"target\":{\"@type\":\"EntryPoint\",\"urlTemplate\":\"https:\/\/doll-house.eu\/?s={search_term_string}\"},\"query-input\":{\"@type\":\"PropertyValueSpecification\",\"valueRequired\":true,\"valueName\":\"search_term_string\"}}],\"inLanguage\":\"en-GB\"}]}<\/script>\n<!-- \/ Yoast SEO plugin. -->","yoast_head_json":{"title":"Candice - Doll House * luksusowa kochanka dla niegrzecznego ch\u0142opaka","description":"Mam ciut ponad 20 lat, i natura obdarzy\u0142a mnie fajnym wyposa\u017ceniem, kt\u00f3re p\u00f3ki co si\u0119 marnuje. Wi\u0119c nie musisz mie\u0107 helikoptera, byle\u015b mia\u0142 ch\u0119\u0107 si\u0119 bzyka\u0107","robots":{"index":"index","follow":"follow","max-snippet":"max-snippet:-1","max-image-preview":"max-image-preview:large","max-video-preview":"max-video-preview:-1"},"canonical":"https:\/\/doll-house.eu\/index.php\/product\/candice\/","og_locale":"en_GB","og_type":"article","og_title":"Candice - Doll House * luksusowa kochanka dla niegrzecznego ch\u0142opaka","og_description":"Mam ciut ponad 20 lat, i natura obdarzy\u0142a mnie fajnym wyposa\u017ceniem, kt\u00f3re p\u00f3ki co si\u0119 marnuje. Wi\u0119c nie musisz mie\u0107 helikoptera, byle\u015b mia\u0142 ch\u0119\u0107 si\u0119 bzyka\u0107","og_url":"https:\/\/doll-house.eu\/index.php\/product\/candice\/","og_site_name":"Doll House","article_modified_time":"2021-08-08T17:14:32+00:00","og_image":[{"width":1280,"height":1920,"url":"https:\/\/doll-house.eu\/wp-content\/uploads\/2018\/10\/Candice-08.jpg","type":"image\/jpeg"}],"twitter_card":"summary_large_image","twitter_misc":{"Estimated reading time":"1 minute"},"schema":{"@context":"https:\/\/schema.org","@graph":[{"@type":"WebPage","@id":"https:\/\/doll-house.eu\/index.php\/product\/candice\/","url":"https:\/\/doll-house.eu\/index.php\/product\/candice\/","name":"Candice - Doll House * luksusowa kochanka dla niegrzecznego ch\u0142opaka","isPartOf":{"@id":"https:\/\/doll-house.eu\/#website"},"primaryImageOfPage":{"@id":"https:\/\/doll-house.eu\/index.php\/product\/candice\/#primaryimage"},"image":{"@id":"https:\/\/doll-house.eu\/index.php\/product\/candice\/#primaryimage"},"thumbnailUrl":"https:\/\/doll-house.eu\/wp-content\/uploads\/2018\/10\/Candice-08.jpg","datePublished":"2018-10-02T18:13:13+00:00","dateModified":"2021-08-08T17:14:32+00:00","description":"Mam ciut ponad 20 lat, i natura obdarzy\u0142a mnie fajnym wyposa\u017ceniem, kt\u00f3re p\u00f3ki co si\u0119 marnuje. Wi\u0119c nie musisz mie\u0107 helikoptera, byle\u015b mia\u0142 ch\u0119\u0107 si\u0119 bzyka\u0107","breadcrumb":{"@id":"https:\/\/doll-house.eu\/index.php\/product\/candice\/#breadcrumb"},"inLanguage":"en-GB","potentialAction":[{"@type":"ReadAction","target":["https:\/\/doll-house.eu\/index.php\/product\/candice\/"]}]},{"@type":"ImageObject","inLanguage":"en-GB","@id":"https:\/\/doll-house.eu\/index.php\/product\/candice\/#primaryimage","url":"https:\/\/doll-house.eu\/wp-content\/uploads\/2018\/10\/Candice-08.jpg","contentUrl":"https:\/\/doll-house.eu\/wp-content\/uploads\/2018\/10\/Candice-08.jpg","width":1280,"height":1920},{"@type":"BreadcrumbList","@id":"https:\/\/doll-house.eu\/index.php\/product\/candice\/#breadcrumb","itemListElement":[{"@type":"ListItem","position":1,"name":"Home","item":"http:\/\/doll-house.eu\/"},{"@type":"ListItem","position":2,"name":"Shop","item":"http:\/\/doll-house.eu\/index.php\/shop\/"},{"@type":"ListItem","position":3,"name":"Candice"}]},{"@type":"WebSite","@id":"https:\/\/doll-house.eu\/#website","url":"https:\/\/doll-house.eu\/","name":"Doll House","description":"Where Bad Girls Come to Play","potentialAction":[{"@type":"SearchAction","target":{"@type":"EntryPoint","urlTemplate":"https:\/\/doll-house.eu\/?s={search_term_string}"},"query-input":{"@type":"PropertyValueSpecification","valueRequired":true,"valueName":"search_term_string"}}],"inLanguage":"en-GB"}]}},"jetpack_sharing_enabled":true,"_links":{"self":[{"href":"https:\/\/doll-house.eu\/index.php\/wp-json\/wp\/v2\/product\/690","targetHints":{"allow":["GET"]}}],"collection":[{"href":"https:\/\/doll-house.eu\/index.php\/wp-json\/wp\/v2\/product"}],"about":[{"href":"https:\/\/doll-house.eu\/index.php\/wp-json\/wp\/v2\/types\/product"}],"replies":[{"embeddable":true,"href":"https:\/\/doll-house.eu\/index.php\/wp-json\/wp\/v2\/comments?post=690"}],"wp:featuredmedia":[{"embeddable":true,"href":"https:\/\/doll-house.eu\/index.php\/wp-json\/wp\/v2\/media\/778"}],"wp:attachment":[{"href":"https:\/\/doll-house.eu\/index.php\/wp-json\/wp\/v2\/media?parent=690"}],"wp:term":[{"taxonomy":"product_brand","embeddable":true,"href":"https:\/\/doll-house.eu\/index.php\/wp-json\/wp\/v2\/product_brand?post=690"},{"taxonomy":"product_cat","embeddable":true,"href":"https:\/\/doll-house.eu\/index.php\/wp-json\/wp\/v2\/product_cat?post=690"},{"taxonomy":"product_tag","embeddable":true,"href":"https:\/\/doll-house.eu\/index.php\/wp-json\/wp\/v2\/product_tag?post=690"}],"curies":[{"name":"wp","href":"https:\/\/api.w.org\/{rel}","templated":true}]}}