{"id":663,"date":"2018-10-02T17:20:51","date_gmt":"2018-10-02T17:20:51","guid":{"rendered":"http:\/\/doll-house.pl\/?post_type=product&#038;p=663"},"modified":"2025-10-06T05:36:27","modified_gmt":"2025-10-06T05:36:27","slug":"abby","status":"publish","type":"product","link":"https:\/\/doll-house.eu\/index.php\/product\/abby\/","title":{"rendered":"Abby"},"content":{"rendered":"<p>Cze\u015b\u0107. Jestem Abby. Dziewczyna z Kalifornii &#8211; o tak, lubi\u0119 surfowa\u0107 na falach. I wod\u0119 oceanu pieszcz\u0105c\u0105 moje stopy. I dotyk s\u0142o\u0144ca na mojej sk\u00f3rze. Tutaj u was, nie ma oceanu i porz\u0105dnych fal, wi\u0119c nie mam gdzie p\u0142ywa\u0107. Morze te\u017c nie jest takie ciep\u0142e, i za ma\u0142o jest to s\u0142o\u0144ca. Szczeg\u00f3lnie jesieni\u0105 i zim\u0105 t\u0119skni\u0119 do mojego oceanu i s\u0142o\u0144ca. Mo\u017ce ty mi je zast\u0105pisz?<\/p>\n<p><!--more--><\/p>\n<p>Jestem luksusow\u0105 erotyczn\u0105 lalk\u0105 przeznaczon\u0105 dla doros\u0142ych. Wykonano mnie z super mi\u0142ego w dotyku elastomeru termoplastycznego, z w pe\u0142ni artyku\u0142owanym metalowym szkieletem. Mam 148 cm wzrostu i urocze wymiary 62\/40\/78. Uwielbiam zwiewne zielone sukienki w kwiatowe wzory, koronkow\u0105 bielizn\u0119 i sanda\u0142ki na obcasie (nosz\u0119 buty w rozmiarze 35). Jakby\u015b si\u0119 zastanawia\u0142, to od momentu kiedy pierwszy raz spr\u00f3bowa\u0142am, lubi\u0119 ka\u017cdy rodzaj seksu(klasycznie, oralnie i &#8230; no przyznam si\u0119, analnie te\u017c).<\/p>\n","protected":false},"excerpt":{"rendered":"<p>Cze\u015b\u0107. Jestem Abby. Dziewczyna z Kalifornii &#8211; o tak, lubi\u0119 surfowa\u0107 na falach. I wod\u0119 oceanu pieszcz\u0105c\u0105 moje stopy. I dotyk s\u0142o\u0144ca na mojej sk\u00f3rze. Tutaj u was, nie ma oceanu i porz\u0105dnych fal, wi\u0119c nie mam gdzie p\u0142ywa\u0107. Morze te\u017c nie jest takie ciep\u0142e, i za ma\u0142o jest to s\u0142o\u0144ca. Szczeg\u00f3lnie jesieni\u0105 i zim\u0105 t\u0119skni\u0119 do mojego oceanu i s\u0142o\u0144ca. Mo\u017ce ty mi je zast\u0105pisz?<\/p>\n<p>&nbsp;<\/p>\n","protected":false},"featured_media":677,"comment_status":"open","ping_status":"closed","template":"","meta":{"_bbp_topic_count":0,"_bbp_reply_count":0,"_bbp_total_topic_count":0,"_bbp_total_reply_count":0,"_bbp_voice_count":0,"_bbp_anonymous_reply_count":0,"_bbp_topic_count_hidden":0,"_bbp_reply_count_hidden":0,"_bbp_forum_subforum_count":0,"_exactmetrics_skip_tracking":false,"_exactmetrics_sitenote_active":false,"_exactmetrics_sitenote_note":"","_exactmetrics_sitenote_category":0},"product_brand":[],"product_cat":[95,61,124],"product_tag":[200,201,120,117,121,119,199],"class_list":{"0":"post-663","1":"product","2":"type-product","3":"status-publish","4":"has-post-thumbnail","6":"product_cat-asdoll","7":"product_cat-dziewczyny","8":"product_cat-140-149-cm","9":"product_tag-148cm","10":"product_tag-50aa","11":"product_tag-analny","12":"product_tag-lalka-erotyczna","13":"product_tag-oralny","14":"product_tag-seks","15":"product_tag-waginalny","17":"first","18":"instock","19":"sale","20":"shipping-taxable","21":"purchasable","22":"product-type-simple"},"yoast_head":"<!-- This site is optimized with the Yoast SEO plugin v26.8 - https:\/\/yoast.com\/product\/yoast-seo-wordpress\/ -->\n<title>Abby - Doll House * luksusowa kochanka dla niegrzecznego ch\u0142opaka<\/title>\n<meta name=\"description\" content=\"Mam ciut ponad 20 lat, i natura obdarzy\u0142a mnie fajnym wyposa\u017ceniem, kt\u00f3re p\u00f3ki co si\u0119 marnuje. Wi\u0119c nie musisz mie\u0107 helikoptera, byle\u015b mia\u0142 ch\u0119\u0107 si\u0119 bzyka\u0107\" \/>\n<meta name=\"robots\" content=\"index, follow, max-snippet:-1, max-image-preview:large, max-video-preview:-1\" \/>\n<link rel=\"canonical\" href=\"https:\/\/doll-house.eu\/index.php\/product\/abby\/\" \/>\n<meta property=\"og:locale\" content=\"en_GB\" \/>\n<meta property=\"og:type\" content=\"article\" \/>\n<meta property=\"og:title\" content=\"Abby - Doll House * luksusowa kochanka dla niegrzecznego ch\u0142opaka\" \/>\n<meta property=\"og:description\" content=\"Mam ciut ponad 20 lat, i natura obdarzy\u0142a mnie fajnym wyposa\u017ceniem, kt\u00f3re p\u00f3ki co si\u0119 marnuje. Wi\u0119c nie musisz mie\u0107 helikoptera, byle\u015b mia\u0142 ch\u0119\u0107 si\u0119 bzyka\u0107\" \/>\n<meta property=\"og:url\" content=\"https:\/\/doll-house.eu\/index.php\/product\/abby\/\" \/>\n<meta property=\"og:site_name\" content=\"Doll House\" \/>\n<meta property=\"article:modified_time\" content=\"2025-10-06T05:36:27+00:00\" \/>\n<meta property=\"og:image\" content=\"https:\/\/doll-house.eu\/wp-content\/uploads\/2018\/10\/Abby-04.jpg\" \/>\n\t<meta property=\"og:image:width\" content=\"1281\" \/>\n\t<meta property=\"og:image:height\" content=\"1920\" \/>\n\t<meta property=\"og:image:type\" content=\"image\/jpeg\" \/>\n<meta name=\"twitter:card\" content=\"summary_large_image\" \/>\n<meta name=\"twitter:label1\" content=\"Estimated reading time\" \/>\n\t<meta name=\"twitter:data1\" content=\"1 minute\" \/>\n<script type=\"application\/ld+json\" class=\"yoast-schema-graph\">{\"@context\":\"https:\/\/schema.org\",\"@graph\":[{\"@type\":\"WebPage\",\"@id\":\"https:\/\/doll-house.eu\/index.php\/product\/abby\/\",\"url\":\"https:\/\/doll-house.eu\/index.php\/product\/abby\/\",\"name\":\"Abby - Doll House * luksusowa kochanka dla niegrzecznego ch\u0142opaka\",\"isPartOf\":{\"@id\":\"https:\/\/doll-house.eu\/#website\"},\"primaryImageOfPage\":{\"@id\":\"https:\/\/doll-house.eu\/index.php\/product\/abby\/#primaryimage\"},\"image\":{\"@id\":\"https:\/\/doll-house.eu\/index.php\/product\/abby\/#primaryimage\"},\"thumbnailUrl\":\"https:\/\/doll-house.eu\/wp-content\/uploads\/2018\/10\/Abby-04.jpg\",\"datePublished\":\"2018-10-02T17:20:51+00:00\",\"dateModified\":\"2025-10-06T05:36:27+00:00\",\"description\":\"Mam ciut ponad 20 lat, i natura obdarzy\u0142a mnie fajnym wyposa\u017ceniem, kt\u00f3re p\u00f3ki co si\u0119 marnuje. Wi\u0119c nie musisz mie\u0107 helikoptera, byle\u015b mia\u0142 ch\u0119\u0107 si\u0119 bzyka\u0107\",\"breadcrumb\":{\"@id\":\"https:\/\/doll-house.eu\/index.php\/product\/abby\/#breadcrumb\"},\"inLanguage\":\"en-GB\",\"potentialAction\":[{\"@type\":\"ReadAction\",\"target\":[\"https:\/\/doll-house.eu\/index.php\/product\/abby\/\"]}]},{\"@type\":\"ImageObject\",\"inLanguage\":\"en-GB\",\"@id\":\"https:\/\/doll-house.eu\/index.php\/product\/abby\/#primaryimage\",\"url\":\"https:\/\/doll-house.eu\/wp-content\/uploads\/2018\/10\/Abby-04.jpg\",\"contentUrl\":\"https:\/\/doll-house.eu\/wp-content\/uploads\/2018\/10\/Abby-04.jpg\",\"width\":1281,\"height\":1920},{\"@type\":\"BreadcrumbList\",\"@id\":\"https:\/\/doll-house.eu\/index.php\/product\/abby\/#breadcrumb\",\"itemListElement\":[{\"@type\":\"ListItem\",\"position\":1,\"name\":\"Home\",\"item\":\"http:\/\/doll-house.eu\/\"},{\"@type\":\"ListItem\",\"position\":2,\"name\":\"Shop\",\"item\":\"http:\/\/doll-house.eu\/index.php\/shop\/\"},{\"@type\":\"ListItem\",\"position\":3,\"name\":\"Abby\"}]},{\"@type\":\"WebSite\",\"@id\":\"https:\/\/doll-house.eu\/#website\",\"url\":\"https:\/\/doll-house.eu\/\",\"name\":\"Doll House\",\"description\":\"Where Bad Girls Come to Play\",\"potentialAction\":[{\"@type\":\"SearchAction\",\"target\":{\"@type\":\"EntryPoint\",\"urlTemplate\":\"https:\/\/doll-house.eu\/?s={search_term_string}\"},\"query-input\":{\"@type\":\"PropertyValueSpecification\",\"valueRequired\":true,\"valueName\":\"search_term_string\"}}],\"inLanguage\":\"en-GB\"}]}<\/script>\n<!-- \/ Yoast SEO plugin. -->","yoast_head_json":{"title":"Abby - Doll House * luksusowa kochanka dla niegrzecznego ch\u0142opaka","description":"Mam ciut ponad 20 lat, i natura obdarzy\u0142a mnie fajnym wyposa\u017ceniem, kt\u00f3re p\u00f3ki co si\u0119 marnuje. Wi\u0119c nie musisz mie\u0107 helikoptera, byle\u015b mia\u0142 ch\u0119\u0107 si\u0119 bzyka\u0107","robots":{"index":"index","follow":"follow","max-snippet":"max-snippet:-1","max-image-preview":"max-image-preview:large","max-video-preview":"max-video-preview:-1"},"canonical":"https:\/\/doll-house.eu\/index.php\/product\/abby\/","og_locale":"en_GB","og_type":"article","og_title":"Abby - Doll House * luksusowa kochanka dla niegrzecznego ch\u0142opaka","og_description":"Mam ciut ponad 20 lat, i natura obdarzy\u0142a mnie fajnym wyposa\u017ceniem, kt\u00f3re p\u00f3ki co si\u0119 marnuje. Wi\u0119c nie musisz mie\u0107 helikoptera, byle\u015b mia\u0142 ch\u0119\u0107 si\u0119 bzyka\u0107","og_url":"https:\/\/doll-house.eu\/index.php\/product\/abby\/","og_site_name":"Doll House","article_modified_time":"2025-10-06T05:36:27+00:00","og_image":[{"width":1281,"height":1920,"url":"https:\/\/doll-house.eu\/wp-content\/uploads\/2018\/10\/Abby-04.jpg","type":"image\/jpeg"}],"twitter_card":"summary_large_image","twitter_misc":{"Estimated reading time":"1 minute"},"schema":{"@context":"https:\/\/schema.org","@graph":[{"@type":"WebPage","@id":"https:\/\/doll-house.eu\/index.php\/product\/abby\/","url":"https:\/\/doll-house.eu\/index.php\/product\/abby\/","name":"Abby - Doll House * luksusowa kochanka dla niegrzecznego ch\u0142opaka","isPartOf":{"@id":"https:\/\/doll-house.eu\/#website"},"primaryImageOfPage":{"@id":"https:\/\/doll-house.eu\/index.php\/product\/abby\/#primaryimage"},"image":{"@id":"https:\/\/doll-house.eu\/index.php\/product\/abby\/#primaryimage"},"thumbnailUrl":"https:\/\/doll-house.eu\/wp-content\/uploads\/2018\/10\/Abby-04.jpg","datePublished":"2018-10-02T17:20:51+00:00","dateModified":"2025-10-06T05:36:27+00:00","description":"Mam ciut ponad 20 lat, i natura obdarzy\u0142a mnie fajnym wyposa\u017ceniem, kt\u00f3re p\u00f3ki co si\u0119 marnuje. Wi\u0119c nie musisz mie\u0107 helikoptera, byle\u015b mia\u0142 ch\u0119\u0107 si\u0119 bzyka\u0107","breadcrumb":{"@id":"https:\/\/doll-house.eu\/index.php\/product\/abby\/#breadcrumb"},"inLanguage":"en-GB","potentialAction":[{"@type":"ReadAction","target":["https:\/\/doll-house.eu\/index.php\/product\/abby\/"]}]},{"@type":"ImageObject","inLanguage":"en-GB","@id":"https:\/\/doll-house.eu\/index.php\/product\/abby\/#primaryimage","url":"https:\/\/doll-house.eu\/wp-content\/uploads\/2018\/10\/Abby-04.jpg","contentUrl":"https:\/\/doll-house.eu\/wp-content\/uploads\/2018\/10\/Abby-04.jpg","width":1281,"height":1920},{"@type":"BreadcrumbList","@id":"https:\/\/doll-house.eu\/index.php\/product\/abby\/#breadcrumb","itemListElement":[{"@type":"ListItem","position":1,"name":"Home","item":"http:\/\/doll-house.eu\/"},{"@type":"ListItem","position":2,"name":"Shop","item":"http:\/\/doll-house.eu\/index.php\/shop\/"},{"@type":"ListItem","position":3,"name":"Abby"}]},{"@type":"WebSite","@id":"https:\/\/doll-house.eu\/#website","url":"https:\/\/doll-house.eu\/","name":"Doll House","description":"Where Bad Girls Come to Play","potentialAction":[{"@type":"SearchAction","target":{"@type":"EntryPoint","urlTemplate":"https:\/\/doll-house.eu\/?s={search_term_string}"},"query-input":{"@type":"PropertyValueSpecification","valueRequired":true,"valueName":"search_term_string"}}],"inLanguage":"en-GB"}]}},"jetpack_sharing_enabled":true,"_links":{"self":[{"href":"https:\/\/doll-house.eu\/index.php\/wp-json\/wp\/v2\/product\/663","targetHints":{"allow":["GET"]}}],"collection":[{"href":"https:\/\/doll-house.eu\/index.php\/wp-json\/wp\/v2\/product"}],"about":[{"href":"https:\/\/doll-house.eu\/index.php\/wp-json\/wp\/v2\/types\/product"}],"replies":[{"embeddable":true,"href":"https:\/\/doll-house.eu\/index.php\/wp-json\/wp\/v2\/comments?post=663"}],"wp:featuredmedia":[{"embeddable":true,"href":"https:\/\/doll-house.eu\/index.php\/wp-json\/wp\/v2\/media\/677"}],"wp:attachment":[{"href":"https:\/\/doll-house.eu\/index.php\/wp-json\/wp\/v2\/media?parent=663"}],"wp:term":[{"taxonomy":"product_brand","embeddable":true,"href":"https:\/\/doll-house.eu\/index.php\/wp-json\/wp\/v2\/product_brand?post=663"},{"taxonomy":"product_cat","embeddable":true,"href":"https:\/\/doll-house.eu\/index.php\/wp-json\/wp\/v2\/product_cat?post=663"},{"taxonomy":"product_tag","embeddable":true,"href":"https:\/\/doll-house.eu\/index.php\/wp-json\/wp\/v2\/product_tag?post=663"}],"curies":[{"name":"wp","href":"https:\/\/api.w.org\/{rel}","templated":true}]}}