{"id":587,"date":"2018-09-28T08:55:34","date_gmt":"2018-09-28T08:55:34","guid":{"rendered":"http:\/\/doll-house.pl\/?post_type=product&#038;p=587"},"modified":"2021-08-08T17:45:18","modified_gmt":"2021-08-08T17:45:18","slug":"miya","status":"publish","type":"product","link":"https:\/\/doll-house.eu\/index.php\/product\/miya\/","title":{"rendered":"Miya"},"content":{"rendered":"<p>Uwielbiam niedziele sp\u0119dzane w \u0142\u00f3\u017cku do co najmniej po\u0142udnia, z gor\u0105c\u0105 kaw\u0105 i ciasteczkami. Na czytaniu ksi\u0105\u017cek i komiks\u00f3w (tak, czytam komiksy).A moje pi\u0105tkowe wieczory? B\u0119dziesz musia\u0142\u00a0 mnie zaprosi\u0107 to zobaczysz? Ulubiony film: Wild, Wild West. Co mog\u0119 powiedzie\u0107? Uwielbiam ten steampunkowy klimat, a Will Smith powoduje, \u017ce robi mi si\u0119 gor\u0105co mi\u0119dzy nogami. Moje ulubione miejsce: to mi\u0119kkie miejsce mi\u0119dzy moimi nogami. Ulubione jedzenie: chipsy cebulkowe. I to twarde mi\u0119dzy Twoimi. Wiesz co&#8230; zrobi\u0142am si\u0119 nagle g\u0142odna.<\/p>\n<p><!--more--><\/p>\n<p>Jestem luksusow\u0105 erotyczn\u0105 lalk\u0105 przeznaczon\u0105 dla doros\u0142ych. Wykonano mnie z super mi\u0142ego w dotyku elastomeru termoplastycznego, z w pe\u0142ni artyku\u0142owanym metalowym szkieletem. Mam 168 cm wzrostu i boskie wymiary 80\/52\/92. Uwielbiam zwiewne sukienki, koronkow\u0105 bielizn\u0119 i sanda\u0142ki na obcasie (nosz\u0119 buty w rozmiarze 36 lub 37). Jakby\u015b si\u0119 zastanawia\u0142, to kiedy nie zajmuj\u0119 si\u0119 ratowaniem \u015bwiata, lubi\u0119 ka\u017cdy rodzaj seksu(klasycznie, oralnie i &#8230; no przyznam si\u0119, analnie te\u017c).<\/p>\n","protected":false},"excerpt":{"rendered":"<p>Uwielbiam niedziele sp\u0119dzane w \u0142\u00f3\u017cku do co najmniej po\u0142udnia, z gor\u0105c\u0105 kaw\u0105 i ciasteczkami. Na czytaniu ksi\u0105\u017cek i komiks\u00f3w (tak, czytam komiksy).A moje pi\u0105tkowe wieczory? B\u0119dziesz musia\u0142\u00a0 mnie zaprosi\u0107 to zobaczysz? Ulubiony film: Wild, Wild West. Co mog\u0119 powiedzie\u0107? Uwielbiam ten steampunkowy klimat, a Will Smith powoduje, \u017ce robi mi si\u0119 gor\u0105co mi\u0119dzy nogami. Moje ulubione miejsce: to mi\u0119kkie miejsce mi\u0119dzy moimi nogami. Ulubione jedzenie: chipsy cebulkowe. I to twarde mi\u0119dzy Twoimi. Wiesz co&#8230; zrobi\u0142am si\u0119 nagle g\u0142odna.<\/p>\n","protected":false},"featured_media":601,"comment_status":"open","ping_status":"closed","template":"","meta":{"_bbp_topic_count":0,"_bbp_reply_count":0,"_bbp_total_topic_count":0,"_bbp_total_reply_count":0,"_bbp_voice_count":0,"_bbp_anonymous_reply_count":0,"_bbp_topic_count_hidden":0,"_bbp_reply_count_hidden":0,"_bbp_forum_subforum_count":0,"_exactmetrics_skip_tracking":false,"_exactmetrics_sitenote_active":false,"_exactmetrics_sitenote_note":"","_exactmetrics_sitenote_category":0},"product_brand":[],"product_cat":[95,61,63],"product_tag":[120,116,117,118,121,119],"class_list":{"0":"post-587","1":"product","2":"type-product","3":"status-publish","4":"has-post-thumbnail","6":"product_cat-asdoll","7":"product_cat-dziewczyny","8":"product_cat-160-169-cm","9":"product_tag-analny","10":"product_tag-asdoll","11":"product_tag-lalka-erotyczna","12":"product_tag-masturbator","13":"product_tag-oralny","14":"product_tag-seks","16":"first","17":"instock","18":"sale","19":"shipping-taxable","20":"purchasable","21":"product-type-simple"},"yoast_head":"<!-- This site is optimized with the Yoast SEO plugin v26.8 - https:\/\/yoast.com\/product\/yoast-seo-wordpress\/ -->\n<title>Miya - Doll House * luksusowa kochanka dla niegrzecznego ch\u0142opaka<\/title>\n<meta name=\"description\" content=\"Jestem luksusow\u0105 erotyczn\u0105 lalk\u0105 przeznaczon\u0105 dla doros\u0142ych. Wykonano mnie z super mi\u0142ego w dotyku elastomeru. Mam 168 cm wzrostu i wymiary 80\/52\/92.\" \/>\n<meta name=\"robots\" content=\"index, follow, max-snippet:-1, max-image-preview:large, max-video-preview:-1\" \/>\n<link rel=\"canonical\" href=\"https:\/\/doll-house.eu\/index.php\/product\/miya\/\" \/>\n<meta property=\"og:locale\" content=\"en_GB\" \/>\n<meta property=\"og:type\" content=\"article\" \/>\n<meta property=\"og:title\" content=\"Miya - Doll House * luksusowa kochanka dla niegrzecznego ch\u0142opaka\" \/>\n<meta property=\"og:description\" content=\"Jestem luksusow\u0105 erotyczn\u0105 lalk\u0105 przeznaczon\u0105 dla doros\u0142ych. Wykonano mnie z super mi\u0142ego w dotyku elastomeru. Mam 168 cm wzrostu i wymiary 80\/52\/92.\" \/>\n<meta property=\"og:url\" content=\"https:\/\/doll-house.eu\/index.php\/product\/miya\/\" \/>\n<meta property=\"og:site_name\" content=\"Doll House\" \/>\n<meta property=\"article:modified_time\" content=\"2021-08-08T17:45:18+00:00\" \/>\n<meta property=\"og:image\" content=\"https:\/\/doll-house.eu\/wp-content\/uploads\/2018\/09\/Miya-010.jpg\" \/>\n\t<meta property=\"og:image:width\" content=\"1280\" \/>\n\t<meta property=\"og:image:height\" content=\"1920\" \/>\n\t<meta property=\"og:image:type\" content=\"image\/jpeg\" \/>\n<meta name=\"twitter:card\" content=\"summary_large_image\" \/>\n<meta name=\"twitter:label1\" content=\"Estimated reading time\" \/>\n\t<meta name=\"twitter:data1\" content=\"1 minute\" \/>\n<script type=\"application\/ld+json\" class=\"yoast-schema-graph\">{\"@context\":\"https:\/\/schema.org\",\"@graph\":[{\"@type\":\"WebPage\",\"@id\":\"https:\/\/doll-house.eu\/index.php\/product\/miya\/\",\"url\":\"https:\/\/doll-house.eu\/index.php\/product\/miya\/\",\"name\":\"Miya - Doll House * luksusowa kochanka dla niegrzecznego ch\u0142opaka\",\"isPartOf\":{\"@id\":\"https:\/\/doll-house.eu\/#website\"},\"primaryImageOfPage\":{\"@id\":\"https:\/\/doll-house.eu\/index.php\/product\/miya\/#primaryimage\"},\"image\":{\"@id\":\"https:\/\/doll-house.eu\/index.php\/product\/miya\/#primaryimage\"},\"thumbnailUrl\":\"https:\/\/doll-house.eu\/wp-content\/uploads\/2018\/09\/Miya-010.jpg\",\"datePublished\":\"2018-09-28T08:55:34+00:00\",\"dateModified\":\"2021-08-08T17:45:18+00:00\",\"description\":\"Jestem luksusow\u0105 erotyczn\u0105 lalk\u0105 przeznaczon\u0105 dla doros\u0142ych. Wykonano mnie z super mi\u0142ego w dotyku elastomeru. Mam 168 cm wzrostu i wymiary 80\/52\/92.\",\"breadcrumb\":{\"@id\":\"https:\/\/doll-house.eu\/index.php\/product\/miya\/#breadcrumb\"},\"inLanguage\":\"en-GB\",\"potentialAction\":[{\"@type\":\"ReadAction\",\"target\":[\"https:\/\/doll-house.eu\/index.php\/product\/miya\/\"]}]},{\"@type\":\"ImageObject\",\"inLanguage\":\"en-GB\",\"@id\":\"https:\/\/doll-house.eu\/index.php\/product\/miya\/#primaryimage\",\"url\":\"https:\/\/doll-house.eu\/wp-content\/uploads\/2018\/09\/Miya-010.jpg\",\"contentUrl\":\"https:\/\/doll-house.eu\/wp-content\/uploads\/2018\/09\/Miya-010.jpg\",\"width\":1280,\"height\":1920},{\"@type\":\"BreadcrumbList\",\"@id\":\"https:\/\/doll-house.eu\/index.php\/product\/miya\/#breadcrumb\",\"itemListElement\":[{\"@type\":\"ListItem\",\"position\":1,\"name\":\"Home\",\"item\":\"http:\/\/doll-house.eu\/\"},{\"@type\":\"ListItem\",\"position\":2,\"name\":\"Shop\",\"item\":\"http:\/\/doll-house.eu\/index.php\/shop\/\"},{\"@type\":\"ListItem\",\"position\":3,\"name\":\"Miya\"}]},{\"@type\":\"WebSite\",\"@id\":\"https:\/\/doll-house.eu\/#website\",\"url\":\"https:\/\/doll-house.eu\/\",\"name\":\"Doll House\",\"description\":\"Where Bad Girls Come to Play\",\"potentialAction\":[{\"@type\":\"SearchAction\",\"target\":{\"@type\":\"EntryPoint\",\"urlTemplate\":\"https:\/\/doll-house.eu\/?s={search_term_string}\"},\"query-input\":{\"@type\":\"PropertyValueSpecification\",\"valueRequired\":true,\"valueName\":\"search_term_string\"}}],\"inLanguage\":\"en-GB\"}]}<\/script>\n<!-- \/ Yoast SEO plugin. -->","yoast_head_json":{"title":"Miya - Doll House * luksusowa kochanka dla niegrzecznego ch\u0142opaka","description":"Jestem luksusow\u0105 erotyczn\u0105 lalk\u0105 przeznaczon\u0105 dla doros\u0142ych. Wykonano mnie z super mi\u0142ego w dotyku elastomeru. Mam 168 cm wzrostu i wymiary 80\/52\/92.","robots":{"index":"index","follow":"follow","max-snippet":"max-snippet:-1","max-image-preview":"max-image-preview:large","max-video-preview":"max-video-preview:-1"},"canonical":"https:\/\/doll-house.eu\/index.php\/product\/miya\/","og_locale":"en_GB","og_type":"article","og_title":"Miya - Doll House * luksusowa kochanka dla niegrzecznego ch\u0142opaka","og_description":"Jestem luksusow\u0105 erotyczn\u0105 lalk\u0105 przeznaczon\u0105 dla doros\u0142ych. Wykonano mnie z super mi\u0142ego w dotyku elastomeru. Mam 168 cm wzrostu i wymiary 80\/52\/92.","og_url":"https:\/\/doll-house.eu\/index.php\/product\/miya\/","og_site_name":"Doll House","article_modified_time":"2021-08-08T17:45:18+00:00","og_image":[{"width":1280,"height":1920,"url":"https:\/\/doll-house.eu\/wp-content\/uploads\/2018\/09\/Miya-010.jpg","type":"image\/jpeg"}],"twitter_card":"summary_large_image","twitter_misc":{"Estimated reading time":"1 minute"},"schema":{"@context":"https:\/\/schema.org","@graph":[{"@type":"WebPage","@id":"https:\/\/doll-house.eu\/index.php\/product\/miya\/","url":"https:\/\/doll-house.eu\/index.php\/product\/miya\/","name":"Miya - Doll House * luksusowa kochanka dla niegrzecznego ch\u0142opaka","isPartOf":{"@id":"https:\/\/doll-house.eu\/#website"},"primaryImageOfPage":{"@id":"https:\/\/doll-house.eu\/index.php\/product\/miya\/#primaryimage"},"image":{"@id":"https:\/\/doll-house.eu\/index.php\/product\/miya\/#primaryimage"},"thumbnailUrl":"https:\/\/doll-house.eu\/wp-content\/uploads\/2018\/09\/Miya-010.jpg","datePublished":"2018-09-28T08:55:34+00:00","dateModified":"2021-08-08T17:45:18+00:00","description":"Jestem luksusow\u0105 erotyczn\u0105 lalk\u0105 przeznaczon\u0105 dla doros\u0142ych. Wykonano mnie z super mi\u0142ego w dotyku elastomeru. Mam 168 cm wzrostu i wymiary 80\/52\/92.","breadcrumb":{"@id":"https:\/\/doll-house.eu\/index.php\/product\/miya\/#breadcrumb"},"inLanguage":"en-GB","potentialAction":[{"@type":"ReadAction","target":["https:\/\/doll-house.eu\/index.php\/product\/miya\/"]}]},{"@type":"ImageObject","inLanguage":"en-GB","@id":"https:\/\/doll-house.eu\/index.php\/product\/miya\/#primaryimage","url":"https:\/\/doll-house.eu\/wp-content\/uploads\/2018\/09\/Miya-010.jpg","contentUrl":"https:\/\/doll-house.eu\/wp-content\/uploads\/2018\/09\/Miya-010.jpg","width":1280,"height":1920},{"@type":"BreadcrumbList","@id":"https:\/\/doll-house.eu\/index.php\/product\/miya\/#breadcrumb","itemListElement":[{"@type":"ListItem","position":1,"name":"Home","item":"http:\/\/doll-house.eu\/"},{"@type":"ListItem","position":2,"name":"Shop","item":"http:\/\/doll-house.eu\/index.php\/shop\/"},{"@type":"ListItem","position":3,"name":"Miya"}]},{"@type":"WebSite","@id":"https:\/\/doll-house.eu\/#website","url":"https:\/\/doll-house.eu\/","name":"Doll House","description":"Where Bad Girls Come to Play","potentialAction":[{"@type":"SearchAction","target":{"@type":"EntryPoint","urlTemplate":"https:\/\/doll-house.eu\/?s={search_term_string}"},"query-input":{"@type":"PropertyValueSpecification","valueRequired":true,"valueName":"search_term_string"}}],"inLanguage":"en-GB"}]}},"jetpack_sharing_enabled":true,"_links":{"self":[{"href":"https:\/\/doll-house.eu\/index.php\/wp-json\/wp\/v2\/product\/587","targetHints":{"allow":["GET"]}}],"collection":[{"href":"https:\/\/doll-house.eu\/index.php\/wp-json\/wp\/v2\/product"}],"about":[{"href":"https:\/\/doll-house.eu\/index.php\/wp-json\/wp\/v2\/types\/product"}],"replies":[{"embeddable":true,"href":"https:\/\/doll-house.eu\/index.php\/wp-json\/wp\/v2\/comments?post=587"}],"wp:featuredmedia":[{"embeddable":true,"href":"https:\/\/doll-house.eu\/index.php\/wp-json\/wp\/v2\/media\/601"}],"wp:attachment":[{"href":"https:\/\/doll-house.eu\/index.php\/wp-json\/wp\/v2\/media?parent=587"}],"wp:term":[{"taxonomy":"product_brand","embeddable":true,"href":"https:\/\/doll-house.eu\/index.php\/wp-json\/wp\/v2\/product_brand?post=587"},{"taxonomy":"product_cat","embeddable":true,"href":"https:\/\/doll-house.eu\/index.php\/wp-json\/wp\/v2\/product_cat?post=587"},{"taxonomy":"product_tag","embeddable":true,"href":"https:\/\/doll-house.eu\/index.php\/wp-json\/wp\/v2\/product_tag?post=587"}],"curies":[{"name":"wp","href":"https:\/\/api.w.org\/{rel}","templated":true}]}}