{"id":570,"date":"2018-09-27T23:31:10","date_gmt":"2018-09-27T23:31:10","guid":{"rendered":"http:\/\/doll-house.pl\/?post_type=product&#038;p=570"},"modified":"2021-08-08T17:45:35","modified_gmt":"2021-08-08T17:45:35","slug":"lola","status":"publish","type":"product","link":"https:\/\/doll-house.eu\/index.php\/product\/lola\/","title":{"rendered":"Lola"},"content":{"rendered":"<p>Wiesz, nie lubi\u0119 wi\u0119kszo\u015bci facet\u00f3w, ale &#8230; Nie to dlatego. \u017ce wi\u0119kszo\u015b\u0107 facet\u00f3w, po prostu to nie moja bajka. Poza tym to, w\u0142a\u015bcnie sprawia, \u017ce ten wybrany, z kt\u00f3rym czuj\u0119 wi\u0119\u017a, czyni go o tyle bardziej specjalnymi Zatem jaka jestem? Nie potrafi\u0119 usiedzie\u0107 w jednym miejscu i bywam uparta, ale nie obra\u017c\u0119 si\u0119 za spro\u015bny dowcip.i Jestem niezale\u017cna i mam swoje zdanie, ale daleko mi do bycia feministk\u0105. Sarkazm dodaje \u017cyciu smaku. Lubi\u0119 ksi\u0105\u017cki i filmy, kt\u00f3re daj\u0105 mi do my\u015blenia\u00a0 ale czasem po prostu chc\u0119 si\u0119 wieczorem przytuli\u0107 i obejrze\u0107 g\u0142upaw\u0105 komedi\u0119 ale &#8211; no nie patrz tak na mnie &#8211; dobry pornos. Teraz Twoja kolej &#8211; zaprosisz mnie na kaw\u0119 i film, \u017ceby opowiedzie\u0107 o tym, co Ciebie kr\u0119ci?<\/p>\n<p><!--more--><\/p>\n<p>Jestem luksusow\u0105 erotyczn\u0105 lalk\u0105 przeznaczon\u0105 dla doros\u0142ych. Wykonano mnie z super mi\u0142ego w dotyku elastomeru termoplastycznego, z w pe\u0142ni artyku\u0142owanym metalowym szkieletem. Mam 168 cm wzrostu i boskie wymiary 80\/52\/92. Uwielbiam zwiewne sukienki, koronkow\u0105 bielizn\u0119 i sanda\u0142ki na obcasie (nosz\u0119 buty w rozmiarze 36 lub 37). Jakby\u015b si\u0119 zastanawia\u0142, to kiedy nie zajmuj\u0119 si\u0119 ratowaniem \u015bwiata, lubi\u0119 ka\u017cdy rodzaj seksu(klasycznie, oralnie i &#8230; no przyznam si\u0119, analnie te\u017c).<\/p>\n","protected":false},"excerpt":{"rendered":"<p>Wiesz, nie lubi\u0119 wi\u0119kszo\u015bci facet\u00f3w, ale &#8230; Nie to dlatego. \u017ce wi\u0119kszo\u015b\u0107 facet\u00f3w, po prostu to nie moja bajka. Poza tym to, w\u0142a\u015bcnie sprawia, \u017ce ten wybrany, z kt\u00f3rym czuj\u0119 wi\u0119\u017a, czyni go o tyle bardziej specjalnymi Zatem jaka jestem? Nie potrafi\u0119 usiedzie\u0107 w jednym miejscu i bywam uparta, ale nie obra\u017c\u0119 si\u0119 za spro\u015bny dowcip.i Jestem niezale\u017cna i mam swoje zdanie, ale daleko mi do bycia feministk\u0105. Sarkazm dodaje \u017cyciu smaku. Lubi\u0119 ksi\u0105\u017cki i filmy, kt\u00f3re daj\u0105 mi do my\u015blenia\u00a0 ale czasem po prostu chc\u0119 si\u0119 wieczorem przytuli\u0107 i obejrze\u0107 g\u0142upaw\u0105 komedi\u0119 ale &#8211; no nie patrz tak na mnie &#8211; dobry pornos. Teraz Twoja kolej &#8211; zaprosisz mnie na kaw\u0119 i film, \u017ceby opowiedzie\u0107 o tym, co Ciebie kr\u0119ci?<\/p>\n","protected":false},"featured_media":571,"comment_status":"open","ping_status":"closed","template":"","meta":{"_bbp_topic_count":0,"_bbp_reply_count":0,"_bbp_total_topic_count":0,"_bbp_total_reply_count":0,"_bbp_voice_count":0,"_bbp_anonymous_reply_count":0,"_bbp_topic_count_hidden":0,"_bbp_reply_count_hidden":0,"_bbp_forum_subforum_count":0,"_exactmetrics_skip_tracking":false,"_exactmetrics_sitenote_active":false,"_exactmetrics_sitenote_note":"","_exactmetrics_sitenote_category":0},"product_brand":[],"product_cat":[95,61,63],"product_tag":[],"class_list":{"0":"post-570","1":"product","2":"type-product","3":"status-publish","4":"has-post-thumbnail","6":"product_cat-asdoll","7":"product_cat-dziewczyny","8":"product_cat-160-169-cm","10":"first","11":"instock","12":"sale","13":"shipping-taxable","14":"purchasable","15":"product-type-simple"},"yoast_head":"<!-- This site is optimized with the Yoast SEO plugin v26.8 - https:\/\/yoast.com\/product\/yoast-seo-wordpress\/ -->\n<title>Lola - Doll House * luksusowa kochanka dla niegrzecznego ch\u0142opaka<\/title>\n<meta name=\"description\" content=\"Lubi\u0119 filmy, kt\u00f3re daj\u0105 mi do my\u015blenia\u00a0, ale czasem chc\u0119 si\u0119 wieczorem przytuli\u0107 i obejrze\u0107 g\u0142upaw\u0105 komedi\u0119 ale - no nie patrz tak na mnie - dobry pornos.\" \/>\n<meta name=\"robots\" content=\"index, follow, max-snippet:-1, max-image-preview:large, max-video-preview:-1\" \/>\n<link rel=\"canonical\" href=\"https:\/\/doll-house.eu\/index.php\/product\/lola\/\" \/>\n<meta property=\"og:locale\" content=\"en_GB\" \/>\n<meta property=\"og:type\" content=\"article\" \/>\n<meta property=\"og:title\" content=\"Lola - Doll House * luksusowa kochanka dla niegrzecznego ch\u0142opaka\" \/>\n<meta property=\"og:description\" content=\"Lubi\u0119 filmy, kt\u00f3re daj\u0105 mi do my\u015blenia\u00a0, ale czasem chc\u0119 si\u0119 wieczorem przytuli\u0107 i obejrze\u0107 g\u0142upaw\u0105 komedi\u0119 ale - no nie patrz tak na mnie - dobry pornos.\" \/>\n<meta property=\"og:url\" content=\"https:\/\/doll-house.eu\/index.php\/product\/lola\/\" \/>\n<meta property=\"og:site_name\" content=\"Doll House\" \/>\n<meta property=\"article:modified_time\" content=\"2021-08-08T17:45:35+00:00\" \/>\n<meta property=\"og:image\" content=\"https:\/\/doll-house.eu\/wp-content\/uploads\/2018\/09\/Lola-012.jpg\" \/>\n\t<meta property=\"og:image:width\" content=\"1280\" \/>\n\t<meta property=\"og:image:height\" content=\"1920\" \/>\n\t<meta property=\"og:image:type\" content=\"image\/jpeg\" \/>\n<meta name=\"twitter:card\" content=\"summary_large_image\" \/>\n<meta name=\"twitter:label1\" content=\"Estimated reading time\" \/>\n\t<meta name=\"twitter:data1\" content=\"1 minute\" \/>\n<script type=\"application\/ld+json\" class=\"yoast-schema-graph\">{\"@context\":\"https:\/\/schema.org\",\"@graph\":[{\"@type\":\"WebPage\",\"@id\":\"https:\/\/doll-house.eu\/index.php\/product\/lola\/\",\"url\":\"https:\/\/doll-house.eu\/index.php\/product\/lola\/\",\"name\":\"Lola - Doll House * luksusowa kochanka dla niegrzecznego ch\u0142opaka\",\"isPartOf\":{\"@id\":\"https:\/\/doll-house.eu\/#website\"},\"primaryImageOfPage\":{\"@id\":\"https:\/\/doll-house.eu\/index.php\/product\/lola\/#primaryimage\"},\"image\":{\"@id\":\"https:\/\/doll-house.eu\/index.php\/product\/lola\/#primaryimage\"},\"thumbnailUrl\":\"https:\/\/doll-house.eu\/wp-content\/uploads\/2018\/09\/Lola-012.jpg\",\"datePublished\":\"2018-09-27T23:31:10+00:00\",\"dateModified\":\"2021-08-08T17:45:35+00:00\",\"description\":\"Lubi\u0119 filmy, kt\u00f3re daj\u0105 mi do my\u015blenia\u00a0, ale czasem chc\u0119 si\u0119 wieczorem przytuli\u0107 i obejrze\u0107 g\u0142upaw\u0105 komedi\u0119 ale - no nie patrz tak na mnie - dobry pornos.\",\"breadcrumb\":{\"@id\":\"https:\/\/doll-house.eu\/index.php\/product\/lola\/#breadcrumb\"},\"inLanguage\":\"en-GB\",\"potentialAction\":[{\"@type\":\"ReadAction\",\"target\":[\"https:\/\/doll-house.eu\/index.php\/product\/lola\/\"]}]},{\"@type\":\"ImageObject\",\"inLanguage\":\"en-GB\",\"@id\":\"https:\/\/doll-house.eu\/index.php\/product\/lola\/#primaryimage\",\"url\":\"https:\/\/doll-house.eu\/wp-content\/uploads\/2018\/09\/Lola-012.jpg\",\"contentUrl\":\"https:\/\/doll-house.eu\/wp-content\/uploads\/2018\/09\/Lola-012.jpg\",\"width\":1280,\"height\":1920},{\"@type\":\"BreadcrumbList\",\"@id\":\"https:\/\/doll-house.eu\/index.php\/product\/lola\/#breadcrumb\",\"itemListElement\":[{\"@type\":\"ListItem\",\"position\":1,\"name\":\"Home\",\"item\":\"http:\/\/doll-house.eu\/\"},{\"@type\":\"ListItem\",\"position\":2,\"name\":\"Shop\",\"item\":\"http:\/\/doll-house.eu\/index.php\/shop\/\"},{\"@type\":\"ListItem\",\"position\":3,\"name\":\"Lola\"}]},{\"@type\":\"WebSite\",\"@id\":\"https:\/\/doll-house.eu\/#website\",\"url\":\"https:\/\/doll-house.eu\/\",\"name\":\"Doll House\",\"description\":\"Where Bad Girls Come to Play\",\"potentialAction\":[{\"@type\":\"SearchAction\",\"target\":{\"@type\":\"EntryPoint\",\"urlTemplate\":\"https:\/\/doll-house.eu\/?s={search_term_string}\"},\"query-input\":{\"@type\":\"PropertyValueSpecification\",\"valueRequired\":true,\"valueName\":\"search_term_string\"}}],\"inLanguage\":\"en-GB\"}]}<\/script>\n<!-- \/ Yoast SEO plugin. -->","yoast_head_json":{"title":"Lola - Doll House * luksusowa kochanka dla niegrzecznego ch\u0142opaka","description":"Lubi\u0119 filmy, kt\u00f3re daj\u0105 mi do my\u015blenia\u00a0, ale czasem chc\u0119 si\u0119 wieczorem przytuli\u0107 i obejrze\u0107 g\u0142upaw\u0105 komedi\u0119 ale - no nie patrz tak na mnie - dobry pornos.","robots":{"index":"index","follow":"follow","max-snippet":"max-snippet:-1","max-image-preview":"max-image-preview:large","max-video-preview":"max-video-preview:-1"},"canonical":"https:\/\/doll-house.eu\/index.php\/product\/lola\/","og_locale":"en_GB","og_type":"article","og_title":"Lola - Doll House * luksusowa kochanka dla niegrzecznego ch\u0142opaka","og_description":"Lubi\u0119 filmy, kt\u00f3re daj\u0105 mi do my\u015blenia\u00a0, ale czasem chc\u0119 si\u0119 wieczorem przytuli\u0107 i obejrze\u0107 g\u0142upaw\u0105 komedi\u0119 ale - no nie patrz tak na mnie - dobry pornos.","og_url":"https:\/\/doll-house.eu\/index.php\/product\/lola\/","og_site_name":"Doll House","article_modified_time":"2021-08-08T17:45:35+00:00","og_image":[{"width":1280,"height":1920,"url":"https:\/\/doll-house.eu\/wp-content\/uploads\/2018\/09\/Lola-012.jpg","type":"image\/jpeg"}],"twitter_card":"summary_large_image","twitter_misc":{"Estimated reading time":"1 minute"},"schema":{"@context":"https:\/\/schema.org","@graph":[{"@type":"WebPage","@id":"https:\/\/doll-house.eu\/index.php\/product\/lola\/","url":"https:\/\/doll-house.eu\/index.php\/product\/lola\/","name":"Lola - Doll House * luksusowa kochanka dla niegrzecznego ch\u0142opaka","isPartOf":{"@id":"https:\/\/doll-house.eu\/#website"},"primaryImageOfPage":{"@id":"https:\/\/doll-house.eu\/index.php\/product\/lola\/#primaryimage"},"image":{"@id":"https:\/\/doll-house.eu\/index.php\/product\/lola\/#primaryimage"},"thumbnailUrl":"https:\/\/doll-house.eu\/wp-content\/uploads\/2018\/09\/Lola-012.jpg","datePublished":"2018-09-27T23:31:10+00:00","dateModified":"2021-08-08T17:45:35+00:00","description":"Lubi\u0119 filmy, kt\u00f3re daj\u0105 mi do my\u015blenia\u00a0, ale czasem chc\u0119 si\u0119 wieczorem przytuli\u0107 i obejrze\u0107 g\u0142upaw\u0105 komedi\u0119 ale - no nie patrz tak na mnie - dobry pornos.","breadcrumb":{"@id":"https:\/\/doll-house.eu\/index.php\/product\/lola\/#breadcrumb"},"inLanguage":"en-GB","potentialAction":[{"@type":"ReadAction","target":["https:\/\/doll-house.eu\/index.php\/product\/lola\/"]}]},{"@type":"ImageObject","inLanguage":"en-GB","@id":"https:\/\/doll-house.eu\/index.php\/product\/lola\/#primaryimage","url":"https:\/\/doll-house.eu\/wp-content\/uploads\/2018\/09\/Lola-012.jpg","contentUrl":"https:\/\/doll-house.eu\/wp-content\/uploads\/2018\/09\/Lola-012.jpg","width":1280,"height":1920},{"@type":"BreadcrumbList","@id":"https:\/\/doll-house.eu\/index.php\/product\/lola\/#breadcrumb","itemListElement":[{"@type":"ListItem","position":1,"name":"Home","item":"http:\/\/doll-house.eu\/"},{"@type":"ListItem","position":2,"name":"Shop","item":"http:\/\/doll-house.eu\/index.php\/shop\/"},{"@type":"ListItem","position":3,"name":"Lola"}]},{"@type":"WebSite","@id":"https:\/\/doll-house.eu\/#website","url":"https:\/\/doll-house.eu\/","name":"Doll House","description":"Where Bad Girls Come to Play","potentialAction":[{"@type":"SearchAction","target":{"@type":"EntryPoint","urlTemplate":"https:\/\/doll-house.eu\/?s={search_term_string}"},"query-input":{"@type":"PropertyValueSpecification","valueRequired":true,"valueName":"search_term_string"}}],"inLanguage":"en-GB"}]}},"jetpack_sharing_enabled":true,"_links":{"self":[{"href":"https:\/\/doll-house.eu\/index.php\/wp-json\/wp\/v2\/product\/570","targetHints":{"allow":["GET"]}}],"collection":[{"href":"https:\/\/doll-house.eu\/index.php\/wp-json\/wp\/v2\/product"}],"about":[{"href":"https:\/\/doll-house.eu\/index.php\/wp-json\/wp\/v2\/types\/product"}],"replies":[{"embeddable":true,"href":"https:\/\/doll-house.eu\/index.php\/wp-json\/wp\/v2\/comments?post=570"}],"wp:featuredmedia":[{"embeddable":true,"href":"https:\/\/doll-house.eu\/index.php\/wp-json\/wp\/v2\/media\/571"}],"wp:attachment":[{"href":"https:\/\/doll-house.eu\/index.php\/wp-json\/wp\/v2\/media?parent=570"}],"wp:term":[{"taxonomy":"product_brand","embeddable":true,"href":"https:\/\/doll-house.eu\/index.php\/wp-json\/wp\/v2\/product_brand?post=570"},{"taxonomy":"product_cat","embeddable":true,"href":"https:\/\/doll-house.eu\/index.php\/wp-json\/wp\/v2\/product_cat?post=570"},{"taxonomy":"product_tag","embeddable":true,"href":"https:\/\/doll-house.eu\/index.php\/wp-json\/wp\/v2\/product_tag?post=570"}],"curies":[{"name":"wp","href":"https:\/\/api.w.org\/{rel}","templated":true}]}}