{"id":501,"date":"2018-09-26T19:51:40","date_gmt":"2018-09-26T19:51:40","guid":{"rendered":"http:\/\/doll-house.pl\/?post_type=product&#038;p=501"},"modified":"2021-08-08T17:46:46","modified_gmt":"2021-08-08T17:46:46","slug":"sukienka-z-gorsetem-w-stylu-steampunk","status":"publish","type":"product","link":"https:\/\/doll-house.eu\/index.php\/product\/sukienka-z-gorsetem-w-stylu-steampunk\/","title":{"rendered":"Czarna sukienka z gorsetem w stylu Steampunk"},"content":{"rendered":"<p>Sukienka mini z gorsetem i koronkami tworz\u0105cymi niesamowicie seksowne zestawienie w stylu Steampunku. Sp\u00f3dniczka i wstawki w talii wykonane s\u0105 z koronki, natomiast pozosta\u0142a cz\u0119\u015b\u0107 gorsetu, sznurowana w dekolcie, a z ty\u0142u zapinana na zamek b\u0142yskawiczny, wykonana jest z wysokiej jako\u015bci sztucznej sk\u00f3ry. Szerokie, koronkowe rami\u0105czka zapewniaj\u0105 wygod\u0119, a rozci\u0119cie z ty\u0142u sp\u00f3dniczki eksponuje pup\u0119. W zestawie znajduj\u0105 si\u0119 majtki &#8211; stringi r\u00f3wnie\u017c wykonane ze sztucznej sk\u00f3ry. Producent: Topmelon. Dost\u0119pna w rozmiarach:\u00a0S (81-86cm, 60-66cm), M (86-91cm, 66-71cm), L (91-96cm, 71-76cm) i XL(96-101cm, 76-81cm).<\/p>\n","protected":false},"excerpt":{"rendered":"<p>Sukienka mini z gorsetem i koronkami tworz\u0105cymi niesamowicie seksowne zestawienie w stylu Steampunku. Sp\u00f3dniczka i wstawki w talii wykonane s\u0105 z koronki, natomiast pozosta\u0142a cz\u0119\u015b\u0107 gorsetu, sznurowana w dekolcie, a z ty\u0142u zapinana na zamek b\u0142yskawiczny, wykonana jest z wysokiej jako\u015bci sztucznej sk\u00f3ry. Szerokie, koronkowe rami\u0105czka zapewniaj\u0105 wygod\u0119, a rozci\u0119cie z ty\u0142u sp\u00f3dniczki eksponuje pup\u0119. W zestawie znajduj\u0105 si\u0119 majtki &#8211; stringi r\u00f3wnie\u017c wykonane ze sztucznej sk\u00f3ry. Producent: Topmelon. Dost\u0119pna w rozmiarach:\u00a0S (81-86cm, 60-66cm), M (86-91cm, 66-71cm), L (91-96cm, 71-76cm) i XL(96-101cm, 76-81cm).<\/p>\n","protected":false},"featured_media":505,"comment_status":"open","ping_status":"closed","template":"","meta":{"_bbp_topic_count":0,"_bbp_reply_count":0,"_bbp_total_topic_count":0,"_bbp_total_reply_count":0,"_bbp_voice_count":0,"_bbp_anonymous_reply_count":0,"_bbp_topic_count_hidden":0,"_bbp_reply_count_hidden":0,"_bbp_forum_subforum_count":0,"_exactmetrics_skip_tracking":false,"_exactmetrics_sitenote_active":false,"_exactmetrics_sitenote_note":"","_exactmetrics_sitenote_category":0},"product_brand":[],"product_cat":[64,50],"product_tag":[78,98,99,83,97,82],"class_list":{"0":"post-501","1":"product","2":"type-product","3":"status-publish","4":"has-post-thumbnail","6":"product_cat-akcesoria","7":"product_cat-sukienki","8":"product_tag-czarne","9":"product_tag-gorset","10":"product_tag-koronki","11":"product_tag-mini","12":"product_tag-steampunk","13":"product_tag-sukienka","15":"first","16":"outofstock","17":"sale","18":"shipping-taxable","19":"purchasable","20":"product-type-simple"},"yoast_head":"<!-- This site is optimized with the Yoast SEO plugin v26.8 - https:\/\/yoast.com\/product\/yoast-seo-wordpress\/ -->\n<title>Czarna sukienka z gorsetem w stylu Steampunk - Doll House<\/title>\n<meta name=\"robots\" content=\"index, follow, max-snippet:-1, max-image-preview:large, max-video-preview:-1\" \/>\n<link rel=\"canonical\" href=\"https:\/\/doll-house.eu\/index.php\/product\/sukienka-z-gorsetem-w-stylu-steampunk\/\" \/>\n<meta property=\"og:locale\" content=\"en_GB\" \/>\n<meta property=\"og:type\" content=\"article\" \/>\n<meta property=\"og:title\" content=\"Czarna sukienka z gorsetem w stylu Steampunk - Doll House\" \/>\n<meta property=\"og:description\" content=\"Sukienka mini z gorsetem i koronkami tworz\u0105cymi niesamowicie seksowne zestawienie w stylu Steampunku. Sp\u00f3dniczka i wstawki w talii wykonane s\u0105 z koronki, natomiast pozosta\u0142a cz\u0119\u015b\u0107 gorsetu, sznurowana w dekolcie, a z ty\u0142u zapinana na zamek b\u0142yskawiczny, wykonana jest z wysokiej jako\u015bci sztucznej sk\u00f3ry. Szerokie, koronkowe rami\u0105czka zapewniaj\u0105 wygod\u0119, a rozci\u0119cie z ty\u0142u sp\u00f3dniczki eksponuje pup\u0119. W zestawie znajduj\u0105 si\u0119 majtki - stringi r\u00f3wnie\u017c wykonane ze sztucznej sk\u00f3ry. Producent: Topmelon. Dost\u0119pna w rozmiarach:\u00a0S (81-86cm, 60-66cm), M (86-91cm, 66-71cm), L (91-96cm, 71-76cm) i XL(96-101cm, 76-81cm).\" \/>\n<meta property=\"og:url\" content=\"https:\/\/doll-house.eu\/index.php\/product\/sukienka-z-gorsetem-w-stylu-steampunk\/\" \/>\n<meta property=\"og:site_name\" content=\"Doll House\" \/>\n<meta property=\"article:modified_time\" content=\"2021-08-08T17:46:46+00:00\" \/>\n<meta property=\"og:image\" content=\"https:\/\/doll-house.eu\/wp-content\/uploads\/2018\/09\/2018-09-26-22_30_56-HTB18yxWcqSWBuNjSsrbq6y0mVXaC.jpg-800\u00d7800.png\" \/>\n\t<meta property=\"og:image:width\" content=\"1598\" \/>\n\t<meta property=\"og:image:height\" content=\"1602\" \/>\n\t<meta property=\"og:image:type\" content=\"image\/png\" \/>\n<meta name=\"twitter:card\" content=\"summary_large_image\" \/>\n<meta name=\"twitter:label1\" content=\"Estimated reading time\" \/>\n\t<meta name=\"twitter:data1\" content=\"1 minute\" \/>\n<script type=\"application\/ld+json\" class=\"yoast-schema-graph\">{\"@context\":\"https:\/\/schema.org\",\"@graph\":[{\"@type\":\"WebPage\",\"@id\":\"https:\/\/doll-house.eu\/index.php\/product\/sukienka-z-gorsetem-w-stylu-steampunk\/\",\"url\":\"https:\/\/doll-house.eu\/index.php\/product\/sukienka-z-gorsetem-w-stylu-steampunk\/\",\"name\":\"Czarna sukienka z gorsetem w stylu Steampunk - Doll House\",\"isPartOf\":{\"@id\":\"https:\/\/doll-house.eu\/#website\"},\"primaryImageOfPage\":{\"@id\":\"https:\/\/doll-house.eu\/index.php\/product\/sukienka-z-gorsetem-w-stylu-steampunk\/#primaryimage\"},\"image\":{\"@id\":\"https:\/\/doll-house.eu\/index.php\/product\/sukienka-z-gorsetem-w-stylu-steampunk\/#primaryimage\"},\"thumbnailUrl\":\"https:\/\/doll-house.eu\/wp-content\/uploads\/2018\/09\/2018-09-26-22_30_56-HTB18yxWcqSWBuNjSsrbq6y0mVXaC.jpg-800\u00d7800.png\",\"datePublished\":\"2018-09-26T19:51:40+00:00\",\"dateModified\":\"2021-08-08T17:46:46+00:00\",\"breadcrumb\":{\"@id\":\"https:\/\/doll-house.eu\/index.php\/product\/sukienka-z-gorsetem-w-stylu-steampunk\/#breadcrumb\"},\"inLanguage\":\"en-GB\",\"potentialAction\":[{\"@type\":\"ReadAction\",\"target\":[\"https:\/\/doll-house.eu\/index.php\/product\/sukienka-z-gorsetem-w-stylu-steampunk\/\"]}]},{\"@type\":\"ImageObject\",\"inLanguage\":\"en-GB\",\"@id\":\"https:\/\/doll-house.eu\/index.php\/product\/sukienka-z-gorsetem-w-stylu-steampunk\/#primaryimage\",\"url\":\"https:\/\/doll-house.eu\/wp-content\/uploads\/2018\/09\/2018-09-26-22_30_56-HTB18yxWcqSWBuNjSsrbq6y0mVXaC.jpg-800\u00d7800.png\",\"contentUrl\":\"https:\/\/doll-house.eu\/wp-content\/uploads\/2018\/09\/2018-09-26-22_30_56-HTB18yxWcqSWBuNjSsrbq6y0mVXaC.jpg-800\u00d7800.png\",\"width\":1598,\"height\":1602},{\"@type\":\"BreadcrumbList\",\"@id\":\"https:\/\/doll-house.eu\/index.php\/product\/sukienka-z-gorsetem-w-stylu-steampunk\/#breadcrumb\",\"itemListElement\":[{\"@type\":\"ListItem\",\"position\":1,\"name\":\"Home\",\"item\":\"http:\/\/doll-house.eu\/\"},{\"@type\":\"ListItem\",\"position\":2,\"name\":\"Shop\",\"item\":\"http:\/\/doll-house.eu\/index.php\/shop\/\"},{\"@type\":\"ListItem\",\"position\":3,\"name\":\"Czarna sukienka z gorsetem w stylu Steampunk\"}]},{\"@type\":\"WebSite\",\"@id\":\"https:\/\/doll-house.eu\/#website\",\"url\":\"https:\/\/doll-house.eu\/\",\"name\":\"Doll House\",\"description\":\"Where Bad Girls Come to Play\",\"potentialAction\":[{\"@type\":\"SearchAction\",\"target\":{\"@type\":\"EntryPoint\",\"urlTemplate\":\"https:\/\/doll-house.eu\/?s={search_term_string}\"},\"query-input\":{\"@type\":\"PropertyValueSpecification\",\"valueRequired\":true,\"valueName\":\"search_term_string\"}}],\"inLanguage\":\"en-GB\"}]}<\/script>\n<!-- \/ Yoast SEO plugin. -->","yoast_head_json":{"title":"Czarna sukienka z gorsetem w stylu Steampunk - Doll House","robots":{"index":"index","follow":"follow","max-snippet":"max-snippet:-1","max-image-preview":"max-image-preview:large","max-video-preview":"max-video-preview:-1"},"canonical":"https:\/\/doll-house.eu\/index.php\/product\/sukienka-z-gorsetem-w-stylu-steampunk\/","og_locale":"en_GB","og_type":"article","og_title":"Czarna sukienka z gorsetem w stylu Steampunk - Doll House","og_description":"Sukienka mini z gorsetem i koronkami tworz\u0105cymi niesamowicie seksowne zestawienie w stylu Steampunku. Sp\u00f3dniczka i wstawki w talii wykonane s\u0105 z koronki, natomiast pozosta\u0142a cz\u0119\u015b\u0107 gorsetu, sznurowana w dekolcie, a z ty\u0142u zapinana na zamek b\u0142yskawiczny, wykonana jest z wysokiej jako\u015bci sztucznej sk\u00f3ry. Szerokie, koronkowe rami\u0105czka zapewniaj\u0105 wygod\u0119, a rozci\u0119cie z ty\u0142u sp\u00f3dniczki eksponuje pup\u0119. W zestawie znajduj\u0105 si\u0119 majtki - stringi r\u00f3wnie\u017c wykonane ze sztucznej sk\u00f3ry. Producent: Topmelon. Dost\u0119pna w rozmiarach:\u00a0S (81-86cm, 60-66cm), M (86-91cm, 66-71cm), L (91-96cm, 71-76cm) i XL(96-101cm, 76-81cm).","og_url":"https:\/\/doll-house.eu\/index.php\/product\/sukienka-z-gorsetem-w-stylu-steampunk\/","og_site_name":"Doll House","article_modified_time":"2021-08-08T17:46:46+00:00","og_image":[{"width":1598,"height":1602,"url":"https:\/\/doll-house.eu\/wp-content\/uploads\/2018\/09\/2018-09-26-22_30_56-HTB18yxWcqSWBuNjSsrbq6y0mVXaC.jpg-800\u00d7800.png","type":"image\/png"}],"twitter_card":"summary_large_image","twitter_misc":{"Estimated reading time":"1 minute"},"schema":{"@context":"https:\/\/schema.org","@graph":[{"@type":"WebPage","@id":"https:\/\/doll-house.eu\/index.php\/product\/sukienka-z-gorsetem-w-stylu-steampunk\/","url":"https:\/\/doll-house.eu\/index.php\/product\/sukienka-z-gorsetem-w-stylu-steampunk\/","name":"Czarna sukienka z gorsetem w stylu Steampunk - Doll House","isPartOf":{"@id":"https:\/\/doll-house.eu\/#website"},"primaryImageOfPage":{"@id":"https:\/\/doll-house.eu\/index.php\/product\/sukienka-z-gorsetem-w-stylu-steampunk\/#primaryimage"},"image":{"@id":"https:\/\/doll-house.eu\/index.php\/product\/sukienka-z-gorsetem-w-stylu-steampunk\/#primaryimage"},"thumbnailUrl":"https:\/\/doll-house.eu\/wp-content\/uploads\/2018\/09\/2018-09-26-22_30_56-HTB18yxWcqSWBuNjSsrbq6y0mVXaC.jpg-800\u00d7800.png","datePublished":"2018-09-26T19:51:40+00:00","dateModified":"2021-08-08T17:46:46+00:00","breadcrumb":{"@id":"https:\/\/doll-house.eu\/index.php\/product\/sukienka-z-gorsetem-w-stylu-steampunk\/#breadcrumb"},"inLanguage":"en-GB","potentialAction":[{"@type":"ReadAction","target":["https:\/\/doll-house.eu\/index.php\/product\/sukienka-z-gorsetem-w-stylu-steampunk\/"]}]},{"@type":"ImageObject","inLanguage":"en-GB","@id":"https:\/\/doll-house.eu\/index.php\/product\/sukienka-z-gorsetem-w-stylu-steampunk\/#primaryimage","url":"https:\/\/doll-house.eu\/wp-content\/uploads\/2018\/09\/2018-09-26-22_30_56-HTB18yxWcqSWBuNjSsrbq6y0mVXaC.jpg-800\u00d7800.png","contentUrl":"https:\/\/doll-house.eu\/wp-content\/uploads\/2018\/09\/2018-09-26-22_30_56-HTB18yxWcqSWBuNjSsrbq6y0mVXaC.jpg-800\u00d7800.png","width":1598,"height":1602},{"@type":"BreadcrumbList","@id":"https:\/\/doll-house.eu\/index.php\/product\/sukienka-z-gorsetem-w-stylu-steampunk\/#breadcrumb","itemListElement":[{"@type":"ListItem","position":1,"name":"Home","item":"http:\/\/doll-house.eu\/"},{"@type":"ListItem","position":2,"name":"Shop","item":"http:\/\/doll-house.eu\/index.php\/shop\/"},{"@type":"ListItem","position":3,"name":"Czarna sukienka z gorsetem w stylu Steampunk"}]},{"@type":"WebSite","@id":"https:\/\/doll-house.eu\/#website","url":"https:\/\/doll-house.eu\/","name":"Doll House","description":"Where Bad Girls Come to Play","potentialAction":[{"@type":"SearchAction","target":{"@type":"EntryPoint","urlTemplate":"https:\/\/doll-house.eu\/?s={search_term_string}"},"query-input":{"@type":"PropertyValueSpecification","valueRequired":true,"valueName":"search_term_string"}}],"inLanguage":"en-GB"}]}},"jetpack_sharing_enabled":true,"_links":{"self":[{"href":"https:\/\/doll-house.eu\/index.php\/wp-json\/wp\/v2\/product\/501","targetHints":{"allow":["GET"]}}],"collection":[{"href":"https:\/\/doll-house.eu\/index.php\/wp-json\/wp\/v2\/product"}],"about":[{"href":"https:\/\/doll-house.eu\/index.php\/wp-json\/wp\/v2\/types\/product"}],"replies":[{"embeddable":true,"href":"https:\/\/doll-house.eu\/index.php\/wp-json\/wp\/v2\/comments?post=501"}],"wp:featuredmedia":[{"embeddable":true,"href":"https:\/\/doll-house.eu\/index.php\/wp-json\/wp\/v2\/media\/505"}],"wp:attachment":[{"href":"https:\/\/doll-house.eu\/index.php\/wp-json\/wp\/v2\/media?parent=501"}],"wp:term":[{"taxonomy":"product_brand","embeddable":true,"href":"https:\/\/doll-house.eu\/index.php\/wp-json\/wp\/v2\/product_brand?post=501"},{"taxonomy":"product_cat","embeddable":true,"href":"https:\/\/doll-house.eu\/index.php\/wp-json\/wp\/v2\/product_cat?post=501"},{"taxonomy":"product_tag","embeddable":true,"href":"https:\/\/doll-house.eu\/index.php\/wp-json\/wp\/v2\/product_tag?post=501"}],"curies":[{"name":"wp","href":"https:\/\/api.w.org\/{rel}","templated":true}]}}