{"id":459,"date":"2018-09-26T14:51:52","date_gmt":"2018-09-26T14:51:52","guid":{"rendered":"http:\/\/doll-house.pl\/?post_type=product&#038;p=459"},"modified":"2021-08-08T17:48:47","modified_gmt":"2021-08-08T17:48:47","slug":"sicily","status":"publish","type":"product","link":"https:\/\/doll-house.eu\/index.php\/product\/sicily\/","title":{"rendered":"Sicily"},"content":{"rendered":"<p>Jestem niezwyk\u0142a jak wyspa, kt\u00f3rej imi\u0119 nosz\u0119. Gor\u0105ca, wybuchowa, nieprzewidywalna. Jestem c\u00f3rk\u0105 mafii wi\u0119c lepiej, \u017ceby\u015b mia\u0142 wobec mnie odpowiednie zamiary. Czyli pami\u0119taj, zero nudy. Uwielbiam s\u0142ucha\u0107 jak opowiadasz niezwyk\u0142e historie, uwielbiam pizz\u0119 i spaghetti &#8211; i tak, r\u017cn\u0105\u0107 si\u0119 na kuchennym blacie, ca\u0142a z m\u0105ki z robienia pizzy. Ostro i tak d\u0142ugo, a\u017c eksplodujemy jak Etna&#8230; albo d\u0142ugo i powoli, a\u017c nasza mi\u0142o\u015b\u0107 sp\u0142ynie z nas jak gor\u0105ca lawa ze Stromboli. Uwielbiam widok m\u0119\u017cczyzn, kt\u00f3rzy \u015blini\u0105 si\u0119 na widok moich piersi i n\u00f3g. I bardzo, ale to na prawd\u0119 bardzo lubi\u0119 seksown\u0105 bielizn\u0119. Czuj\u0119 si\u0119 wtedy gotowa na ka\u017cde wyzwanie.<\/p>\n<p><!--more--><\/p>\n<p>Jestem luksusow\u0105 erotyczn\u0105 lalk\u0105 przeznaczon\u0105 dla doros\u0142ych. Wykonano mnie z super mi\u0142ego w dotyku elastomeru termoplastycznego, z w pe\u0142ni artyku\u0142owanym metalowym szkieletem. Mam 170 cm wzrostu i boskie wymiary 92\/50\/92. Uwielbiam zwiewne sukienki, koronkow\u0105 bielizn\u0119 i sanda\u0142ki na obcasie (nosz\u0119 buty w rozmiarze 37). Jakby\u015b si\u0119 zastanawia\u0142, to kiedy nie zajmuj\u0119 si\u0119 ratowaniem \u015bwiata, lubi\u0119 ka\u017cdy rodzaj seksu(klasycznie, oralnie i &#8230; no przyznam si\u0119, analnie te\u017c).<\/p>\n","protected":false},"excerpt":{"rendered":"<p>Jestem niezwyk\u0142a jak wyspa, kt\u00f3rej imi\u0119 nosz\u0119. Gor\u0105ca, wybuchowa, nieprzewidywalna. Jestem c\u00f3rk\u0105 mafii wi\u0119c lepiej, \u017ceby\u015b mia\u0142 wobec mnie odpowiednie zamiary. Czyli pami\u0119taj, zero nudy. Uwielbiam s\u0142ucha\u0107 jak opowiadasz niezwyk\u0142e historie, uwielbiam pizz\u0119 i spaghetti &#8211; i tak, r\u017cn\u0105\u0107 si\u0119 na kuchennym blacie, ca\u0142a z m\u0105ki z robienia pizzy. Ostro i tak d\u0142ugo, a\u017c eksplodujemy jak Etna&#8230; albo d\u0142ugo i powoli, a\u017c nasza mi\u0142o\u015b\u0107 sp\u0142ynie z nas jak gor\u0105ca lawa ze Stromboli. Uwielbiam widok m\u0119\u017cczyzn, kt\u00f3rzy \u015blini\u0105 si\u0119 na widok moich piersi i n\u00f3g. I bardzo, ale to na prawd\u0119 bardzo lubi\u0119 seksown\u0105 bielizn\u0119. Czuj\u0119 si\u0119 wtedy gotowa na ka\u017cde wyzwanie.<\/p>\n","protected":false},"featured_media":460,"comment_status":"open","ping_status":"closed","template":"","meta":{"_bbp_topic_count":0,"_bbp_reply_count":0,"_bbp_total_topic_count":0,"_bbp_total_reply_count":0,"_bbp_voice_count":0,"_bbp_anonymous_reply_count":0,"_bbp_topic_count_hidden":0,"_bbp_reply_count_hidden":0,"_bbp_forum_subforum_count":0,"_exactmetrics_skip_tracking":false,"_exactmetrics_sitenote_active":false,"_exactmetrics_sitenote_note":"","_exactmetrics_sitenote_category":0},"product_brand":[],"product_cat":[95,61,94],"product_tag":[],"class_list":{"0":"post-459","1":"product","2":"type-product","3":"status-publish","4":"has-post-thumbnail","6":"product_cat-asdoll","7":"product_cat-dziewczyny","8":"product_cat-170-cm","10":"first","11":"instock","12":"sale","13":"featured","14":"shipping-taxable","15":"purchasable","16":"product-type-simple"},"yoast_head":"<!-- This site is optimized with the Yoast SEO plugin v26.8 - https:\/\/yoast.com\/product\/yoast-seo-wordpress\/ -->\n<title>Sicily - Doll House * luksusowa kochanka dla niegrzecznego ch\u0142opaka<\/title>\n<meta name=\"description\" content=\"Mam ciut ponad 20 lat, i natura obdarzy\u0142a mnie fajnym wyposa\u017ceniem, kt\u00f3re p\u00f3ki co si\u0119 marnuje. Wi\u0119c nie musisz mie\u0107 helikoptera, byle\u015b mia\u0142 ch\u0119\u0107 si\u0119 bzyka\u0107\" \/>\n<meta name=\"robots\" content=\"index, follow, max-snippet:-1, max-image-preview:large, max-video-preview:-1\" \/>\n<link rel=\"canonical\" href=\"https:\/\/doll-house.eu\/index.php\/product\/sicily\/\" \/>\n<meta property=\"og:locale\" content=\"en_GB\" \/>\n<meta property=\"og:type\" content=\"article\" \/>\n<meta property=\"og:title\" content=\"Sicily - Doll House * luksusowa kochanka dla niegrzecznego ch\u0142opaka\" \/>\n<meta property=\"og:description\" content=\"Mam ciut ponad 20 lat, i natura obdarzy\u0142a mnie fajnym wyposa\u017ceniem, kt\u00f3re p\u00f3ki co si\u0119 marnuje. Wi\u0119c nie musisz mie\u0107 helikoptera, byle\u015b mia\u0142 ch\u0119\u0107 si\u0119 bzyka\u0107\" \/>\n<meta property=\"og:url\" content=\"https:\/\/doll-house.eu\/index.php\/product\/sicily\/\" \/>\n<meta property=\"og:site_name\" content=\"Doll House\" \/>\n<meta property=\"article:modified_time\" content=\"2021-08-08T17:48:47+00:00\" \/>\n<meta property=\"og:image\" content=\"https:\/\/doll-house.eu\/wp-content\/uploads\/2018\/09\/MG_2976.jpg\" \/>\n\t<meta property=\"og:image:width\" content=\"1280\" \/>\n\t<meta property=\"og:image:height\" content=\"1920\" \/>\n\t<meta property=\"og:image:type\" content=\"image\/jpeg\" \/>\n<meta name=\"twitter:card\" content=\"summary_large_image\" \/>\n<meta name=\"twitter:label1\" content=\"Estimated reading time\" \/>\n\t<meta name=\"twitter:data1\" content=\"1 minute\" \/>\n<script type=\"application\/ld+json\" class=\"yoast-schema-graph\">{\"@context\":\"https:\/\/schema.org\",\"@graph\":[{\"@type\":\"WebPage\",\"@id\":\"https:\/\/doll-house.eu\/index.php\/product\/sicily\/\",\"url\":\"https:\/\/doll-house.eu\/index.php\/product\/sicily\/\",\"name\":\"Sicily - Doll House * luksusowa kochanka dla niegrzecznego ch\u0142opaka\",\"isPartOf\":{\"@id\":\"https:\/\/doll-house.eu\/#website\"},\"primaryImageOfPage\":{\"@id\":\"https:\/\/doll-house.eu\/index.php\/product\/sicily\/#primaryimage\"},\"image\":{\"@id\":\"https:\/\/doll-house.eu\/index.php\/product\/sicily\/#primaryimage\"},\"thumbnailUrl\":\"https:\/\/doll-house.eu\/wp-content\/uploads\/2018\/09\/MG_2976.jpg\",\"datePublished\":\"2018-09-26T14:51:52+00:00\",\"dateModified\":\"2021-08-08T17:48:47+00:00\",\"description\":\"Mam ciut ponad 20 lat, i natura obdarzy\u0142a mnie fajnym wyposa\u017ceniem, kt\u00f3re p\u00f3ki co si\u0119 marnuje. Wi\u0119c nie musisz mie\u0107 helikoptera, byle\u015b mia\u0142 ch\u0119\u0107 si\u0119 bzyka\u0107\",\"breadcrumb\":{\"@id\":\"https:\/\/doll-house.eu\/index.php\/product\/sicily\/#breadcrumb\"},\"inLanguage\":\"en-GB\",\"potentialAction\":[{\"@type\":\"ReadAction\",\"target\":[\"https:\/\/doll-house.eu\/index.php\/product\/sicily\/\"]}]},{\"@type\":\"ImageObject\",\"inLanguage\":\"en-GB\",\"@id\":\"https:\/\/doll-house.eu\/index.php\/product\/sicily\/#primaryimage\",\"url\":\"https:\/\/doll-house.eu\/wp-content\/uploads\/2018\/09\/MG_2976.jpg\",\"contentUrl\":\"https:\/\/doll-house.eu\/wp-content\/uploads\/2018\/09\/MG_2976.jpg\",\"width\":1280,\"height\":1920,\"caption\":\"Lalka erotyczna 170cm Sicily\"},{\"@type\":\"BreadcrumbList\",\"@id\":\"https:\/\/doll-house.eu\/index.php\/product\/sicily\/#breadcrumb\",\"itemListElement\":[{\"@type\":\"ListItem\",\"position\":1,\"name\":\"Home\",\"item\":\"http:\/\/doll-house.eu\/\"},{\"@type\":\"ListItem\",\"position\":2,\"name\":\"Shop\",\"item\":\"http:\/\/doll-house.eu\/index.php\/shop\/\"},{\"@type\":\"ListItem\",\"position\":3,\"name\":\"Sicily\"}]},{\"@type\":\"WebSite\",\"@id\":\"https:\/\/doll-house.eu\/#website\",\"url\":\"https:\/\/doll-house.eu\/\",\"name\":\"Doll House\",\"description\":\"Where Bad Girls Come to Play\",\"potentialAction\":[{\"@type\":\"SearchAction\",\"target\":{\"@type\":\"EntryPoint\",\"urlTemplate\":\"https:\/\/doll-house.eu\/?s={search_term_string}\"},\"query-input\":{\"@type\":\"PropertyValueSpecification\",\"valueRequired\":true,\"valueName\":\"search_term_string\"}}],\"inLanguage\":\"en-GB\"}]}<\/script>\n<!-- \/ Yoast SEO plugin. -->","yoast_head_json":{"title":"Sicily - Doll House * luksusowa kochanka dla niegrzecznego ch\u0142opaka","description":"Mam ciut ponad 20 lat, i natura obdarzy\u0142a mnie fajnym wyposa\u017ceniem, kt\u00f3re p\u00f3ki co si\u0119 marnuje. Wi\u0119c nie musisz mie\u0107 helikoptera, byle\u015b mia\u0142 ch\u0119\u0107 si\u0119 bzyka\u0107","robots":{"index":"index","follow":"follow","max-snippet":"max-snippet:-1","max-image-preview":"max-image-preview:large","max-video-preview":"max-video-preview:-1"},"canonical":"https:\/\/doll-house.eu\/index.php\/product\/sicily\/","og_locale":"en_GB","og_type":"article","og_title":"Sicily - Doll House * luksusowa kochanka dla niegrzecznego ch\u0142opaka","og_description":"Mam ciut ponad 20 lat, i natura obdarzy\u0142a mnie fajnym wyposa\u017ceniem, kt\u00f3re p\u00f3ki co si\u0119 marnuje. Wi\u0119c nie musisz mie\u0107 helikoptera, byle\u015b mia\u0142 ch\u0119\u0107 si\u0119 bzyka\u0107","og_url":"https:\/\/doll-house.eu\/index.php\/product\/sicily\/","og_site_name":"Doll House","article_modified_time":"2021-08-08T17:48:47+00:00","og_image":[{"width":1280,"height":1920,"url":"https:\/\/doll-house.eu\/wp-content\/uploads\/2018\/09\/MG_2976.jpg","type":"image\/jpeg"}],"twitter_card":"summary_large_image","twitter_misc":{"Estimated reading time":"1 minute"},"schema":{"@context":"https:\/\/schema.org","@graph":[{"@type":"WebPage","@id":"https:\/\/doll-house.eu\/index.php\/product\/sicily\/","url":"https:\/\/doll-house.eu\/index.php\/product\/sicily\/","name":"Sicily - Doll House * luksusowa kochanka dla niegrzecznego ch\u0142opaka","isPartOf":{"@id":"https:\/\/doll-house.eu\/#website"},"primaryImageOfPage":{"@id":"https:\/\/doll-house.eu\/index.php\/product\/sicily\/#primaryimage"},"image":{"@id":"https:\/\/doll-house.eu\/index.php\/product\/sicily\/#primaryimage"},"thumbnailUrl":"https:\/\/doll-house.eu\/wp-content\/uploads\/2018\/09\/MG_2976.jpg","datePublished":"2018-09-26T14:51:52+00:00","dateModified":"2021-08-08T17:48:47+00:00","description":"Mam ciut ponad 20 lat, i natura obdarzy\u0142a mnie fajnym wyposa\u017ceniem, kt\u00f3re p\u00f3ki co si\u0119 marnuje. Wi\u0119c nie musisz mie\u0107 helikoptera, byle\u015b mia\u0142 ch\u0119\u0107 si\u0119 bzyka\u0107","breadcrumb":{"@id":"https:\/\/doll-house.eu\/index.php\/product\/sicily\/#breadcrumb"},"inLanguage":"en-GB","potentialAction":[{"@type":"ReadAction","target":["https:\/\/doll-house.eu\/index.php\/product\/sicily\/"]}]},{"@type":"ImageObject","inLanguage":"en-GB","@id":"https:\/\/doll-house.eu\/index.php\/product\/sicily\/#primaryimage","url":"https:\/\/doll-house.eu\/wp-content\/uploads\/2018\/09\/MG_2976.jpg","contentUrl":"https:\/\/doll-house.eu\/wp-content\/uploads\/2018\/09\/MG_2976.jpg","width":1280,"height":1920,"caption":"Lalka erotyczna 170cm Sicily"},{"@type":"BreadcrumbList","@id":"https:\/\/doll-house.eu\/index.php\/product\/sicily\/#breadcrumb","itemListElement":[{"@type":"ListItem","position":1,"name":"Home","item":"http:\/\/doll-house.eu\/"},{"@type":"ListItem","position":2,"name":"Shop","item":"http:\/\/doll-house.eu\/index.php\/shop\/"},{"@type":"ListItem","position":3,"name":"Sicily"}]},{"@type":"WebSite","@id":"https:\/\/doll-house.eu\/#website","url":"https:\/\/doll-house.eu\/","name":"Doll House","description":"Where Bad Girls Come to Play","potentialAction":[{"@type":"SearchAction","target":{"@type":"EntryPoint","urlTemplate":"https:\/\/doll-house.eu\/?s={search_term_string}"},"query-input":{"@type":"PropertyValueSpecification","valueRequired":true,"valueName":"search_term_string"}}],"inLanguage":"en-GB"}]}},"jetpack_sharing_enabled":true,"_links":{"self":[{"href":"https:\/\/doll-house.eu\/index.php\/wp-json\/wp\/v2\/product\/459","targetHints":{"allow":["GET"]}}],"collection":[{"href":"https:\/\/doll-house.eu\/index.php\/wp-json\/wp\/v2\/product"}],"about":[{"href":"https:\/\/doll-house.eu\/index.php\/wp-json\/wp\/v2\/types\/product"}],"replies":[{"embeddable":true,"href":"https:\/\/doll-house.eu\/index.php\/wp-json\/wp\/v2\/comments?post=459"}],"wp:featuredmedia":[{"embeddable":true,"href":"https:\/\/doll-house.eu\/index.php\/wp-json\/wp\/v2\/media\/460"}],"wp:attachment":[{"href":"https:\/\/doll-house.eu\/index.php\/wp-json\/wp\/v2\/media?parent=459"}],"wp:term":[{"taxonomy":"product_brand","embeddable":true,"href":"https:\/\/doll-house.eu\/index.php\/wp-json\/wp\/v2\/product_brand?post=459"},{"taxonomy":"product_cat","embeddable":true,"href":"https:\/\/doll-house.eu\/index.php\/wp-json\/wp\/v2\/product_cat?post=459"},{"taxonomy":"product_tag","embeddable":true,"href":"https:\/\/doll-house.eu\/index.php\/wp-json\/wp\/v2\/product_tag?post=459"}],"curies":[{"name":"wp","href":"https:\/\/api.w.org\/{rel}","templated":true}]}}