{"id":343,"date":"2018-09-22T19:51:45","date_gmt":"2018-09-22T19:51:45","guid":{"rendered":"http:\/\/doll-house.pl\/?post_type=product&#038;p=343"},"modified":"2019-04-06T11:10:21","modified_gmt":"2019-04-06T11:10:21","slug":"czerwone-szpilki-z-kokarda","status":"publish","type":"product","link":"https:\/\/doll-house.eu\/index.php\/product\/czerwone-szpilki-z-kokarda\/","title":{"rendered":"Czerwone szpilki z kokard\u0105"},"content":{"rendered":"<p>Urocze czerwone, zamszowe szpilki Lakeshi z kokard\u0105 na wysokiej, 10cm szpilce.\u00a0 Wy\u015bci\u00f3\u0142ka i wierzch ze sztucznej sk\u00f3ry (PU), podeszwa z gumy.<\/p>\n<p>W uwagach do zam\u00f3wienia prosimy poda\u0107 rozmiar &#8211; dost\u0119pne rozmiary od 35 &#8211; 39.<\/p>\n","protected":false},"excerpt":{"rendered":"<p>Urocze czerwone, zamszowe szpilki Lakeshi z kokard\u0105 na wysokiej, 10cm szpilce.\u00a0 Wy\u015bci\u00f3\u0142ka i wierzch ze sztucznej sk\u00f3ry (PU), podeszwa z gumy.<\/p>\n","protected":false},"featured_media":348,"comment_status":"open","ping_status":"closed","template":"","meta":{"_bbp_topic_count":0,"_bbp_reply_count":0,"_bbp_total_topic_count":0,"_bbp_total_reply_count":0,"_bbp_voice_count":0,"_bbp_anonymous_reply_count":0,"_bbp_topic_count_hidden":0,"_bbp_reply_count_hidden":0,"_bbp_forum_subforum_count":0,"_exactmetrics_skip_tracking":false,"_exactmetrics_sitenote_active":false,"_exactmetrics_sitenote_note":"","_exactmetrics_sitenote_category":0},"product_brand":[],"product_cat":[64,48,54],"product_tag":[204,203,71,86],"class_list":{"0":"post-343","1":"product","2":"type-product","3":"status-publish","4":"has-post-thumbnail","6":"product_cat-akcesoria","7":"product_cat-buty","8":"product_cat-szpilki","9":"product_tag-czerwone","10":"product_tag-kokarda","11":"product_tag-obuwie","12":"product_tag-szpilki","14":"first","15":"outofstock","16":"sale","17":"shipping-taxable","18":"purchasable","19":"product-type-simple"},"yoast_head":"<!-- This site is optimized with the Yoast SEO plugin v26.8 - https:\/\/yoast.com\/product\/yoast-seo-wordpress\/ -->\n<title>Czerwone szpilki z kokard\u0105 - Doll House<\/title>\n<meta name=\"robots\" content=\"index, follow, max-snippet:-1, max-image-preview:large, max-video-preview:-1\" \/>\n<link rel=\"canonical\" href=\"https:\/\/doll-house.eu\/index.php\/product\/czerwone-szpilki-z-kokarda\/\" \/>\n<meta property=\"og:locale\" content=\"en_GB\" \/>\n<meta property=\"og:type\" content=\"article\" \/>\n<meta property=\"og:title\" content=\"Czerwone szpilki z kokard\u0105 - Doll House\" \/>\n<meta property=\"og:description\" content=\"Urocze czerwone, zamszowe szpilki Lakeshi z kokard\u0105 na wysokiej, 10cm szpilce.\u00a0 Wy\u015bci\u00f3\u0142ka i wierzch ze sztucznej sk\u00f3ry (PU), podeszwa z gumy.\" \/>\n<meta property=\"og:url\" content=\"https:\/\/doll-house.eu\/index.php\/product\/czerwone-szpilki-z-kokarda\/\" \/>\n<meta property=\"og:site_name\" content=\"Doll House\" \/>\n<meta property=\"article:modified_time\" content=\"2019-04-06T11:10:21+00:00\" \/>\n<meta property=\"og:image\" content=\"https:\/\/doll-house.eu\/wp-content\/uploads\/2018\/09\/2018-09-22-21_53_55-HTB1DFMAb6gy_uJjSZJnq6zuOXXaG.jpg-743\u00d7580.png\" \/>\n\t<meta property=\"og:image:width\" content=\"1187\" \/>\n\t<meta property=\"og:image:height\" content=\"1030\" \/>\n\t<meta property=\"og:image:type\" content=\"image\/png\" \/>\n<meta name=\"twitter:card\" content=\"summary_large_image\" \/>\n<script type=\"application\/ld+json\" class=\"yoast-schema-graph\">{\"@context\":\"https:\/\/schema.org\",\"@graph\":[{\"@type\":\"WebPage\",\"@id\":\"https:\/\/doll-house.eu\/index.php\/product\/czerwone-szpilki-z-kokarda\/\",\"url\":\"https:\/\/doll-house.eu\/index.php\/product\/czerwone-szpilki-z-kokarda\/\",\"name\":\"Czerwone szpilki z kokard\u0105 - Doll House\",\"isPartOf\":{\"@id\":\"https:\/\/doll-house.eu\/#website\"},\"primaryImageOfPage\":{\"@id\":\"https:\/\/doll-house.eu\/index.php\/product\/czerwone-szpilki-z-kokarda\/#primaryimage\"},\"image\":{\"@id\":\"https:\/\/doll-house.eu\/index.php\/product\/czerwone-szpilki-z-kokarda\/#primaryimage\"},\"thumbnailUrl\":\"https:\/\/doll-house.eu\/wp-content\/uploads\/2018\/09\/2018-09-22-21_53_55-HTB1DFMAb6gy_uJjSZJnq6zuOXXaG.jpg-743\u00d7580.png\",\"datePublished\":\"2018-09-22T19:51:45+00:00\",\"dateModified\":\"2019-04-06T11:10:21+00:00\",\"breadcrumb\":{\"@id\":\"https:\/\/doll-house.eu\/index.php\/product\/czerwone-szpilki-z-kokarda\/#breadcrumb\"},\"inLanguage\":\"en-GB\",\"potentialAction\":[{\"@type\":\"ReadAction\",\"target\":[\"https:\/\/doll-house.eu\/index.php\/product\/czerwone-szpilki-z-kokarda\/\"]}]},{\"@type\":\"ImageObject\",\"inLanguage\":\"en-GB\",\"@id\":\"https:\/\/doll-house.eu\/index.php\/product\/czerwone-szpilki-z-kokarda\/#primaryimage\",\"url\":\"https:\/\/doll-house.eu\/wp-content\/uploads\/2018\/09\/2018-09-22-21_53_55-HTB1DFMAb6gy_uJjSZJnq6zuOXXaG.jpg-743\u00d7580.png\",\"contentUrl\":\"https:\/\/doll-house.eu\/wp-content\/uploads\/2018\/09\/2018-09-22-21_53_55-HTB1DFMAb6gy_uJjSZJnq6zuOXXaG.jpg-743\u00d7580.png\",\"width\":1187,\"height\":1030},{\"@type\":\"BreadcrumbList\",\"@id\":\"https:\/\/doll-house.eu\/index.php\/product\/czerwone-szpilki-z-kokarda\/#breadcrumb\",\"itemListElement\":[{\"@type\":\"ListItem\",\"position\":1,\"name\":\"Home\",\"item\":\"http:\/\/doll-house.eu\/\"},{\"@type\":\"ListItem\",\"position\":2,\"name\":\"Shop\",\"item\":\"http:\/\/doll-house.eu\/index.php\/shop\/\"},{\"@type\":\"ListItem\",\"position\":3,\"name\":\"Czerwone szpilki z kokard\u0105\"}]},{\"@type\":\"WebSite\",\"@id\":\"https:\/\/doll-house.eu\/#website\",\"url\":\"https:\/\/doll-house.eu\/\",\"name\":\"Doll House\",\"description\":\"Where Bad Girls Come to Play\",\"potentialAction\":[{\"@type\":\"SearchAction\",\"target\":{\"@type\":\"EntryPoint\",\"urlTemplate\":\"https:\/\/doll-house.eu\/?s={search_term_string}\"},\"query-input\":{\"@type\":\"PropertyValueSpecification\",\"valueRequired\":true,\"valueName\":\"search_term_string\"}}],\"inLanguage\":\"en-GB\"}]}<\/script>\n<!-- \/ Yoast SEO plugin. -->","yoast_head_json":{"title":"Czerwone szpilki z kokard\u0105 - Doll House","robots":{"index":"index","follow":"follow","max-snippet":"max-snippet:-1","max-image-preview":"max-image-preview:large","max-video-preview":"max-video-preview:-1"},"canonical":"https:\/\/doll-house.eu\/index.php\/product\/czerwone-szpilki-z-kokarda\/","og_locale":"en_GB","og_type":"article","og_title":"Czerwone szpilki z kokard\u0105 - Doll House","og_description":"Urocze czerwone, zamszowe szpilki Lakeshi z kokard\u0105 na wysokiej, 10cm szpilce.\u00a0 Wy\u015bci\u00f3\u0142ka i wierzch ze sztucznej sk\u00f3ry (PU), podeszwa z gumy.","og_url":"https:\/\/doll-house.eu\/index.php\/product\/czerwone-szpilki-z-kokarda\/","og_site_name":"Doll House","article_modified_time":"2019-04-06T11:10:21+00:00","og_image":[{"width":1187,"height":1030,"url":"https:\/\/doll-house.eu\/wp-content\/uploads\/2018\/09\/2018-09-22-21_53_55-HTB1DFMAb6gy_uJjSZJnq6zuOXXaG.jpg-743\u00d7580.png","type":"image\/png"}],"twitter_card":"summary_large_image","schema":{"@context":"https:\/\/schema.org","@graph":[{"@type":"WebPage","@id":"https:\/\/doll-house.eu\/index.php\/product\/czerwone-szpilki-z-kokarda\/","url":"https:\/\/doll-house.eu\/index.php\/product\/czerwone-szpilki-z-kokarda\/","name":"Czerwone szpilki z kokard\u0105 - Doll House","isPartOf":{"@id":"https:\/\/doll-house.eu\/#website"},"primaryImageOfPage":{"@id":"https:\/\/doll-house.eu\/index.php\/product\/czerwone-szpilki-z-kokarda\/#primaryimage"},"image":{"@id":"https:\/\/doll-house.eu\/index.php\/product\/czerwone-szpilki-z-kokarda\/#primaryimage"},"thumbnailUrl":"https:\/\/doll-house.eu\/wp-content\/uploads\/2018\/09\/2018-09-22-21_53_55-HTB1DFMAb6gy_uJjSZJnq6zuOXXaG.jpg-743\u00d7580.png","datePublished":"2018-09-22T19:51:45+00:00","dateModified":"2019-04-06T11:10:21+00:00","breadcrumb":{"@id":"https:\/\/doll-house.eu\/index.php\/product\/czerwone-szpilki-z-kokarda\/#breadcrumb"},"inLanguage":"en-GB","potentialAction":[{"@type":"ReadAction","target":["https:\/\/doll-house.eu\/index.php\/product\/czerwone-szpilki-z-kokarda\/"]}]},{"@type":"ImageObject","inLanguage":"en-GB","@id":"https:\/\/doll-house.eu\/index.php\/product\/czerwone-szpilki-z-kokarda\/#primaryimage","url":"https:\/\/doll-house.eu\/wp-content\/uploads\/2018\/09\/2018-09-22-21_53_55-HTB1DFMAb6gy_uJjSZJnq6zuOXXaG.jpg-743\u00d7580.png","contentUrl":"https:\/\/doll-house.eu\/wp-content\/uploads\/2018\/09\/2018-09-22-21_53_55-HTB1DFMAb6gy_uJjSZJnq6zuOXXaG.jpg-743\u00d7580.png","width":1187,"height":1030},{"@type":"BreadcrumbList","@id":"https:\/\/doll-house.eu\/index.php\/product\/czerwone-szpilki-z-kokarda\/#breadcrumb","itemListElement":[{"@type":"ListItem","position":1,"name":"Home","item":"http:\/\/doll-house.eu\/"},{"@type":"ListItem","position":2,"name":"Shop","item":"http:\/\/doll-house.eu\/index.php\/shop\/"},{"@type":"ListItem","position":3,"name":"Czerwone szpilki z kokard\u0105"}]},{"@type":"WebSite","@id":"https:\/\/doll-house.eu\/#website","url":"https:\/\/doll-house.eu\/","name":"Doll House","description":"Where Bad Girls Come to Play","potentialAction":[{"@type":"SearchAction","target":{"@type":"EntryPoint","urlTemplate":"https:\/\/doll-house.eu\/?s={search_term_string}"},"query-input":{"@type":"PropertyValueSpecification","valueRequired":true,"valueName":"search_term_string"}}],"inLanguage":"en-GB"}]}},"jetpack_sharing_enabled":true,"_links":{"self":[{"href":"https:\/\/doll-house.eu\/index.php\/wp-json\/wp\/v2\/product\/343","targetHints":{"allow":["GET"]}}],"collection":[{"href":"https:\/\/doll-house.eu\/index.php\/wp-json\/wp\/v2\/product"}],"about":[{"href":"https:\/\/doll-house.eu\/index.php\/wp-json\/wp\/v2\/types\/product"}],"replies":[{"embeddable":true,"href":"https:\/\/doll-house.eu\/index.php\/wp-json\/wp\/v2\/comments?post=343"}],"wp:featuredmedia":[{"embeddable":true,"href":"https:\/\/doll-house.eu\/index.php\/wp-json\/wp\/v2\/media\/348"}],"wp:attachment":[{"href":"https:\/\/doll-house.eu\/index.php\/wp-json\/wp\/v2\/media?parent=343"}],"wp:term":[{"taxonomy":"product_brand","embeddable":true,"href":"https:\/\/doll-house.eu\/index.php\/wp-json\/wp\/v2\/product_brand?post=343"},{"taxonomy":"product_cat","embeddable":true,"href":"https:\/\/doll-house.eu\/index.php\/wp-json\/wp\/v2\/product_cat?post=343"},{"taxonomy":"product_tag","embeddable":true,"href":"https:\/\/doll-house.eu\/index.php\/wp-json\/wp\/v2\/product_tag?post=343"}],"curies":[{"name":"wp","href":"https:\/\/api.w.org\/{rel}","templated":true}]}}