{"id":338,"date":"2018-09-22T19:50:39","date_gmt":"2018-09-22T19:50:39","guid":{"rendered":"http:\/\/doll-house.pl\/?post_type=product&#038;p=338"},"modified":"2019-04-06T11:07:29","modified_gmt":"2019-04-06T11:07:29","slug":"seksowne-trampki-na-koturnie","status":"publish","type":"product","link":"https:\/\/doll-house.eu\/index.php\/product\/seksowne-trampki-na-koturnie\/","title":{"rendered":"Seksowne trampki na koturnie"},"content":{"rendered":"<p>Odlotowe trampki SXQINR na wysokiej 8cm koturnie z kwiatowymi i geometrycznymi nadrukami. Wykonane z przewiewnej sztucznej sk\u00f3ry z materia\u0142ow\u0105,\u00a0 bawe\u0142nian\u0105 wy\u015bci\u00f3\u0142k\u0105 dla komfortu.<\/p>\n<p>W uwagach do zam\u00f3wienia prosimy poda\u0107 rozmiar &#8211; dost\u0119pne rozmiary od 35 &#8211; 39.<\/p>\n","protected":false},"excerpt":{"rendered":"<p>Odlotowe trampki SXQINR na wysokiej 8cm koturnie z kwiatowymi i geometrycznymi nadrukami. Wykonane z przewiewnej sztucznej sk\u00f3ry z materia\u0142ow\u0105,\u00a0 bawe\u0142nian\u0105 wy\u015bci\u00f3\u0142k\u0105 dla komfortu.<\/p>\n","protected":false},"featured_media":183,"comment_status":"open","ping_status":"closed","template":"","meta":{"_bbp_topic_count":0,"_bbp_reply_count":0,"_bbp_total_topic_count":0,"_bbp_total_reply_count":0,"_bbp_voice_count":0,"_bbp_anonymous_reply_count":0,"_bbp_topic_count_hidden":0,"_bbp_reply_count_hidden":0,"_bbp_forum_subforum_count":0,"_exactmetrics_skip_tracking":false,"_exactmetrics_sitenote_active":false,"_exactmetrics_sitenote_note":"","_exactmetrics_sitenote_category":0},"product_brand":[],"product_cat":[64,48,66],"product_tag":[70,71,69],"class_list":{"0":"post-338","1":"product","2":"type-product","3":"status-publish","4":"has-post-thumbnail","6":"product_cat-akcesoria","7":"product_cat-buty","8":"product_cat-tenisowki","9":"product_tag-koturny","10":"product_tag-obuwie","11":"product_tag-trampki","13":"first","14":"outofstock","15":"sale","16":"shipping-taxable","17":"purchasable","18":"product-type-simple"},"yoast_head":"<!-- This site is optimized with the Yoast SEO plugin v26.8 - https:\/\/yoast.com\/product\/yoast-seo-wordpress\/ -->\n<title>Seksowne trampki na koturnie - Doll House<\/title>\n<meta name=\"robots\" content=\"index, follow, max-snippet:-1, max-image-preview:large, max-video-preview:-1\" \/>\n<link rel=\"canonical\" href=\"https:\/\/doll-house.eu\/index.php\/product\/seksowne-trampki-na-koturnie\/\" \/>\n<meta property=\"og:locale\" content=\"en_GB\" \/>\n<meta property=\"og:type\" content=\"article\" \/>\n<meta property=\"og:title\" content=\"Seksowne trampki na koturnie - Doll House\" \/>\n<meta property=\"og:description\" content=\"Odlotowe trampki SXQINR na wysokiej 8cm koturnie z kwiatowymi i geometrycznymi nadrukami. Wykonane z przewiewnej sztucznej sk\u00f3ry z materia\u0142ow\u0105,\u00a0 bawe\u0142nian\u0105 wy\u015bci\u00f3\u0142k\u0105 dla komfortu.\" \/>\n<meta property=\"og:url\" content=\"https:\/\/doll-house.eu\/index.php\/product\/seksowne-trampki-na-koturnie\/\" \/>\n<meta property=\"og:site_name\" content=\"Doll House\" \/>\n<meta property=\"article:modified_time\" content=\"2019-04-06T11:07:29+00:00\" \/>\n<meta property=\"og:image\" content=\"https:\/\/doll-house.eu\/wp-content\/uploads\/2018\/09\/SXQINR-S-465-04.jpg\" \/>\n\t<meta property=\"og:image:width\" content=\"800\" \/>\n\t<meta property=\"og:image:height\" content=\"800\" \/>\n\t<meta property=\"og:image:type\" content=\"image\/jpeg\" \/>\n<meta name=\"twitter:card\" content=\"summary_large_image\" \/>\n<script type=\"application\/ld+json\" class=\"yoast-schema-graph\">{\"@context\":\"https:\/\/schema.org\",\"@graph\":[{\"@type\":\"WebPage\",\"@id\":\"https:\/\/doll-house.eu\/index.php\/product\/seksowne-trampki-na-koturnie\/\",\"url\":\"https:\/\/doll-house.eu\/index.php\/product\/seksowne-trampki-na-koturnie\/\",\"name\":\"Seksowne trampki na koturnie - Doll House\",\"isPartOf\":{\"@id\":\"https:\/\/doll-house.eu\/#website\"},\"primaryImageOfPage\":{\"@id\":\"https:\/\/doll-house.eu\/index.php\/product\/seksowne-trampki-na-koturnie\/#primaryimage\"},\"image\":{\"@id\":\"https:\/\/doll-house.eu\/index.php\/product\/seksowne-trampki-na-koturnie\/#primaryimage\"},\"thumbnailUrl\":\"https:\/\/doll-house.eu\/wp-content\/uploads\/2018\/09\/SXQINR-S-465-04.jpg\",\"datePublished\":\"2018-09-22T19:50:39+00:00\",\"dateModified\":\"2019-04-06T11:07:29+00:00\",\"breadcrumb\":{\"@id\":\"https:\/\/doll-house.eu\/index.php\/product\/seksowne-trampki-na-koturnie\/#breadcrumb\"},\"inLanguage\":\"en-GB\",\"potentialAction\":[{\"@type\":\"ReadAction\",\"target\":[\"https:\/\/doll-house.eu\/index.php\/product\/seksowne-trampki-na-koturnie\/\"]}]},{\"@type\":\"ImageObject\",\"inLanguage\":\"en-GB\",\"@id\":\"https:\/\/doll-house.eu\/index.php\/product\/seksowne-trampki-na-koturnie\/#primaryimage\",\"url\":\"https:\/\/doll-house.eu\/wp-content\/uploads\/2018\/09\/SXQINR-S-465-04.jpg\",\"contentUrl\":\"https:\/\/doll-house.eu\/wp-content\/uploads\/2018\/09\/SXQINR-S-465-04.jpg\",\"width\":800,\"height\":800},{\"@type\":\"BreadcrumbList\",\"@id\":\"https:\/\/doll-house.eu\/index.php\/product\/seksowne-trampki-na-koturnie\/#breadcrumb\",\"itemListElement\":[{\"@type\":\"ListItem\",\"position\":1,\"name\":\"Home\",\"item\":\"http:\/\/doll-house.eu\/\"},{\"@type\":\"ListItem\",\"position\":2,\"name\":\"Shop\",\"item\":\"http:\/\/doll-house.eu\/index.php\/shop\/\"},{\"@type\":\"ListItem\",\"position\":3,\"name\":\"Seksowne trampki na koturnie\"}]},{\"@type\":\"WebSite\",\"@id\":\"https:\/\/doll-house.eu\/#website\",\"url\":\"https:\/\/doll-house.eu\/\",\"name\":\"Doll House\",\"description\":\"Where Bad Girls Come to Play\",\"potentialAction\":[{\"@type\":\"SearchAction\",\"target\":{\"@type\":\"EntryPoint\",\"urlTemplate\":\"https:\/\/doll-house.eu\/?s={search_term_string}\"},\"query-input\":{\"@type\":\"PropertyValueSpecification\",\"valueRequired\":true,\"valueName\":\"search_term_string\"}}],\"inLanguage\":\"en-GB\"}]}<\/script>\n<!-- \/ Yoast SEO plugin. -->","yoast_head_json":{"title":"Seksowne trampki na koturnie - Doll House","robots":{"index":"index","follow":"follow","max-snippet":"max-snippet:-1","max-image-preview":"max-image-preview:large","max-video-preview":"max-video-preview:-1"},"canonical":"https:\/\/doll-house.eu\/index.php\/product\/seksowne-trampki-na-koturnie\/","og_locale":"en_GB","og_type":"article","og_title":"Seksowne trampki na koturnie - Doll House","og_description":"Odlotowe trampki SXQINR na wysokiej 8cm koturnie z kwiatowymi i geometrycznymi nadrukami. Wykonane z przewiewnej sztucznej sk\u00f3ry z materia\u0142ow\u0105,\u00a0 bawe\u0142nian\u0105 wy\u015bci\u00f3\u0142k\u0105 dla komfortu.","og_url":"https:\/\/doll-house.eu\/index.php\/product\/seksowne-trampki-na-koturnie\/","og_site_name":"Doll House","article_modified_time":"2019-04-06T11:07:29+00:00","og_image":[{"width":800,"height":800,"url":"https:\/\/doll-house.eu\/wp-content\/uploads\/2018\/09\/SXQINR-S-465-04.jpg","type":"image\/jpeg"}],"twitter_card":"summary_large_image","schema":{"@context":"https:\/\/schema.org","@graph":[{"@type":"WebPage","@id":"https:\/\/doll-house.eu\/index.php\/product\/seksowne-trampki-na-koturnie\/","url":"https:\/\/doll-house.eu\/index.php\/product\/seksowne-trampki-na-koturnie\/","name":"Seksowne trampki na koturnie - Doll House","isPartOf":{"@id":"https:\/\/doll-house.eu\/#website"},"primaryImageOfPage":{"@id":"https:\/\/doll-house.eu\/index.php\/product\/seksowne-trampki-na-koturnie\/#primaryimage"},"image":{"@id":"https:\/\/doll-house.eu\/index.php\/product\/seksowne-trampki-na-koturnie\/#primaryimage"},"thumbnailUrl":"https:\/\/doll-house.eu\/wp-content\/uploads\/2018\/09\/SXQINR-S-465-04.jpg","datePublished":"2018-09-22T19:50:39+00:00","dateModified":"2019-04-06T11:07:29+00:00","breadcrumb":{"@id":"https:\/\/doll-house.eu\/index.php\/product\/seksowne-trampki-na-koturnie\/#breadcrumb"},"inLanguage":"en-GB","potentialAction":[{"@type":"ReadAction","target":["https:\/\/doll-house.eu\/index.php\/product\/seksowne-trampki-na-koturnie\/"]}]},{"@type":"ImageObject","inLanguage":"en-GB","@id":"https:\/\/doll-house.eu\/index.php\/product\/seksowne-trampki-na-koturnie\/#primaryimage","url":"https:\/\/doll-house.eu\/wp-content\/uploads\/2018\/09\/SXQINR-S-465-04.jpg","contentUrl":"https:\/\/doll-house.eu\/wp-content\/uploads\/2018\/09\/SXQINR-S-465-04.jpg","width":800,"height":800},{"@type":"BreadcrumbList","@id":"https:\/\/doll-house.eu\/index.php\/product\/seksowne-trampki-na-koturnie\/#breadcrumb","itemListElement":[{"@type":"ListItem","position":1,"name":"Home","item":"http:\/\/doll-house.eu\/"},{"@type":"ListItem","position":2,"name":"Shop","item":"http:\/\/doll-house.eu\/index.php\/shop\/"},{"@type":"ListItem","position":3,"name":"Seksowne trampki na koturnie"}]},{"@type":"WebSite","@id":"https:\/\/doll-house.eu\/#website","url":"https:\/\/doll-house.eu\/","name":"Doll House","description":"Where Bad Girls Come to Play","potentialAction":[{"@type":"SearchAction","target":{"@type":"EntryPoint","urlTemplate":"https:\/\/doll-house.eu\/?s={search_term_string}"},"query-input":{"@type":"PropertyValueSpecification","valueRequired":true,"valueName":"search_term_string"}}],"inLanguage":"en-GB"}]}},"jetpack_sharing_enabled":true,"_links":{"self":[{"href":"https:\/\/doll-house.eu\/index.php\/wp-json\/wp\/v2\/product\/338","targetHints":{"allow":["GET"]}}],"collection":[{"href":"https:\/\/doll-house.eu\/index.php\/wp-json\/wp\/v2\/product"}],"about":[{"href":"https:\/\/doll-house.eu\/index.php\/wp-json\/wp\/v2\/types\/product"}],"replies":[{"embeddable":true,"href":"https:\/\/doll-house.eu\/index.php\/wp-json\/wp\/v2\/comments?post=338"}],"wp:featuredmedia":[{"embeddable":true,"href":"https:\/\/doll-house.eu\/index.php\/wp-json\/wp\/v2\/media\/183"}],"wp:attachment":[{"href":"https:\/\/doll-house.eu\/index.php\/wp-json\/wp\/v2\/media?parent=338"}],"wp:term":[{"taxonomy":"product_brand","embeddable":true,"href":"https:\/\/doll-house.eu\/index.php\/wp-json\/wp\/v2\/product_brand?post=338"},{"taxonomy":"product_cat","embeddable":true,"href":"https:\/\/doll-house.eu\/index.php\/wp-json\/wp\/v2\/product_cat?post=338"},{"taxonomy":"product_tag","embeddable":true,"href":"https:\/\/doll-house.eu\/index.php\/wp-json\/wp\/v2\/product_tag?post=338"}],"curies":[{"name":"wp","href":"https:\/\/api.w.org\/{rel}","templated":true}]}}