{"id":281,"date":"2018-09-21T15:45:05","date_gmt":"2018-09-21T15:45:05","guid":{"rendered":"http:\/\/doll-house.pl\/?post_type=product&#038;p=281"},"modified":"2021-08-08T17:53:29","modified_gmt":"2021-08-08T17:53:29","slug":"maya","status":"publish","type":"product","link":"https:\/\/doll-house.eu\/index.php\/product\/maya\/","title":{"rendered":"Maya"},"content":{"rendered":"<p>Niedu\u017ca, urocza dziewczyna to ja. 19 lat i 135 cm wzrostu&#8230; albo wi\u0119cej jak w szpilkach. Nie lubi\u0119 niestety gotowa\u0107, ale za to lubi\u0119 ca\u0142kiem sporo innych rzeczy, kt\u00f3re mam nadziej\u0119 Ty tak\u017ce lubisz. Wycieczki, wylegiwanie si\u0119 w \u0142\u00f3\u017cku, kajaki. No i kocham&#8230; uwielbiam&#8230; seks. Wydaje mi si\u0119 od zawsze, cho\u0107 najpierw to by\u0142y moje paluszki, potem odkry\u0142am jak cudowny jest j\u0119zyk mojego owczarka. I jak przyjemny jest og\u00f3rek&#8230; najlepiej taki jakie u\u017cywa si\u0119 do kiszenia &#8211; nier\u00f3wny, kr\u00f3tki, ale gruby. Cho\u0107 te d\u0142uuugie zielone te\u017c mog\u0105 by\u0107. Mog\u0142abym si\u0119 pieprzy\u0107 wsz\u0119dzie i zawsze. Wi\u0119c w kuchni zamiast gotowania, po prostu si\u0119 kochajmy. A potem w salonie i sypialni. Masz jakie\u015b fajne fantazje? Bo ja tak i to ca\u0142\u0105 mas\u0119 &#8211; i razem sobie fantazjujmy.<\/p>\n<p><!--more--><\/p>\n<p>Jestem luksusow\u0105 erotyczn\u0105 lalk\u0105 przeznaczon\u0105 dla doros\u0142ych. Wykonano mnie z super mi\u0142ego w dotyku elastomeru termoplastycznego, z w pe\u0142ni artyku\u0142owanym metalowym szkieletem. Mam 135 cm wzrostu i wa\u017c\u0105c zaledwie 27 kg nie musz\u0119 martwi\u0107 si\u0119 \u017cadn\u0105 diet\u0105. Moje wymiary? No tak 75\/60\/75 i male\u0144kie stopy 19,5 cm d\u0142ugo\u015bci. Ju\u017c wiesz, \u017ce lubie seks, i to na wszystkie sposoby (klasycznie, oralnie i &#8230; no przyznam si\u0119, analnie te\u017c). Przyjad\u0119 do Ciebie z kompletem bielizny, dwoma perukami (niekoniecznie takich jak na zdj\u0119ciu).<\/p>\n","protected":false},"excerpt":{"rendered":"<p>Niedu\u017ca, urocza dziweczyna to ja. 19 lat i 135 cm wzrostu&#8230; albo wi\u0119cej jak w szpilkach. Nie lubi\u0119 niestety gotowa\u0107, ale za to lubi\u0119 ca\u0142kiem sporo innych rzeczy, kt\u00f3re mam nadziej\u0119 Ty tak\u017ce lubisz. Wycieczki, wylegiwanie si\u0119 w \u0142\u00f3\u017cku, kajaki. No i kocham&#8230; uwielbiam&#8230; seks. Wydaje mi si\u0119 od zawsze, cho\u0107 najpierw to by\u0142y moje paluszki, potem odkry\u0142am jak cudowny jest j\u0119zyk mojego owczarka. I jak przyjemny jest og\u00f3rek&#8230; najlepiej taki jakie u\u017cywa si\u0119 do kiszenia &#8211; nier\u00f3wny, kr\u00f3tki, ale gruby. Cho\u0107 te d\u0142uuugie zielone te\u017c mog\u0105 by\u0107. Mog\u0142abym si\u0119 pieprzy\u0107 wsz\u0119dzie i zawsze. Wi\u0119c w kuchni zamiast gotowania, po prostu si\u0119 kochajmy. A potem w salonie i sypialni. Masz jakie\u015b fajne fantazje? Bo ja tak i to ca\u0142\u0105 mas\u0119 &#8211; i razem sobie fantazjujmy.<\/p>\n","protected":false},"featured_media":282,"comment_status":"open","ping_status":"closed","template":"","meta":{"_bbp_topic_count":0,"_bbp_reply_count":0,"_bbp_total_topic_count":0,"_bbp_total_reply_count":0,"_bbp_voice_count":0,"_bbp_anonymous_reply_count":0,"_bbp_topic_count_hidden":0,"_bbp_reply_count_hidden":0,"_bbp_forum_subforum_count":0,"_exactmetrics_skip_tracking":false,"_exactmetrics_sitenote_active":false,"_exactmetrics_sitenote_note":"","_exactmetrics_sitenote_category":0},"product_brand":[],"product_cat":[96,61,62,51],"product_tag":[],"class_list":{"0":"post-281","1":"product","2":"type-product","3":"status-publish","4":"has-post-thumbnail","6":"product_cat-ayiyun","7":"product_cat-dziewczyny","8":"product_cat-135-cm","9":"product_cat-polecane","11":"first","12":"instock","13":"sale","14":"shipping-taxable","15":"purchasable","16":"product-type-simple"},"yoast_head":"<!-- This site is optimized with the Yoast SEO plugin v26.8 - https:\/\/yoast.com\/product\/yoast-seo-wordpress\/ -->\n<title>Maya - Doll House * seksowna partnerka dla ch\u0142opc\u00f3w z fantazj\u0105<\/title>\n<meta name=\"description\" content=\"19 lat i 135 cm wzrostu, albo sporo wi\u0119cej jak w szpilkach. Nie lubi\u0119 gotowa\u0107, ale za to lubi\u0119 wylegiwanie si\u0119 w \u0142\u00f3\u017cku. No i kocham seks.\" \/>\n<meta name=\"robots\" content=\"index, follow, max-snippet:-1, max-image-preview:large, max-video-preview:-1\" \/>\n<link rel=\"canonical\" href=\"https:\/\/doll-house.eu\/index.php\/product\/maya\/\" \/>\n<meta property=\"og:locale\" content=\"en_GB\" \/>\n<meta property=\"og:type\" content=\"article\" \/>\n<meta property=\"og:title\" content=\"Maya - Doll House * seksowna partnerka dla ch\u0142opc\u00f3w z fantazj\u0105\" \/>\n<meta property=\"og:description\" content=\"19 lat i 135 cm wzrostu, albo sporo wi\u0119cej jak w szpilkach. Nie lubi\u0119 gotowa\u0107, ale za to lubi\u0119 wylegiwanie si\u0119 w \u0142\u00f3\u017cku. No i kocham seks.\" \/>\n<meta property=\"og:url\" content=\"https:\/\/doll-house.eu\/index.php\/product\/maya\/\" \/>\n<meta property=\"og:site_name\" content=\"Doll House\" \/>\n<meta property=\"article:modified_time\" content=\"2021-08-08T17:53:29+00:00\" \/>\n<meta property=\"og:image\" content=\"https:\/\/doll-house.eu\/wp-content\/uploads\/2018\/09\/MayaNude_08.jpg\" \/>\n\t<meta property=\"og:image:width\" content=\"1280\" \/>\n\t<meta property=\"og:image:height\" content=\"1920\" \/>\n\t<meta property=\"og:image:type\" content=\"image\/jpeg\" \/>\n<meta name=\"twitter:card\" content=\"summary_large_image\" \/>\n<meta name=\"twitter:label1\" content=\"Estimated reading time\" \/>\n\t<meta name=\"twitter:data1\" content=\"1 minute\" \/>\n<script type=\"application\/ld+json\" class=\"yoast-schema-graph\">{\"@context\":\"https:\/\/schema.org\",\"@graph\":[{\"@type\":\"WebPage\",\"@id\":\"https:\/\/doll-house.eu\/index.php\/product\/maya\/\",\"url\":\"https:\/\/doll-house.eu\/index.php\/product\/maya\/\",\"name\":\"Maya - Doll House * seksowna partnerka dla ch\u0142opc\u00f3w z fantazj\u0105\",\"isPartOf\":{\"@id\":\"https:\/\/doll-house.eu\/#website\"},\"primaryImageOfPage\":{\"@id\":\"https:\/\/doll-house.eu\/index.php\/product\/maya\/#primaryimage\"},\"image\":{\"@id\":\"https:\/\/doll-house.eu\/index.php\/product\/maya\/#primaryimage\"},\"thumbnailUrl\":\"https:\/\/doll-house.eu\/wp-content\/uploads\/2018\/09\/MayaNude_08.jpg\",\"datePublished\":\"2018-09-21T15:45:05+00:00\",\"dateModified\":\"2021-08-08T17:53:29+00:00\",\"description\":\"19 lat i 135 cm wzrostu, albo sporo wi\u0119cej jak w szpilkach. Nie lubi\u0119 gotowa\u0107, ale za to lubi\u0119 wylegiwanie si\u0119 w \u0142\u00f3\u017cku. No i kocham seks.\",\"breadcrumb\":{\"@id\":\"https:\/\/doll-house.eu\/index.php\/product\/maya\/#breadcrumb\"},\"inLanguage\":\"en-GB\",\"potentialAction\":[{\"@type\":\"ReadAction\",\"target\":[\"https:\/\/doll-house.eu\/index.php\/product\/maya\/\"]}]},{\"@type\":\"ImageObject\",\"inLanguage\":\"en-GB\",\"@id\":\"https:\/\/doll-house.eu\/index.php\/product\/maya\/#primaryimage\",\"url\":\"https:\/\/doll-house.eu\/wp-content\/uploads\/2018\/09\/MayaNude_08.jpg\",\"contentUrl\":\"https:\/\/doll-house.eu\/wp-content\/uploads\/2018\/09\/MayaNude_08.jpg\",\"width\":1280,\"height\":1920},{\"@type\":\"BreadcrumbList\",\"@id\":\"https:\/\/doll-house.eu\/index.php\/product\/maya\/#breadcrumb\",\"itemListElement\":[{\"@type\":\"ListItem\",\"position\":1,\"name\":\"Home\",\"item\":\"http:\/\/doll-house.eu\/\"},{\"@type\":\"ListItem\",\"position\":2,\"name\":\"Shop\",\"item\":\"http:\/\/doll-house.eu\/index.php\/shop\/\"},{\"@type\":\"ListItem\",\"position\":3,\"name\":\"Maya\"}]},{\"@type\":\"WebSite\",\"@id\":\"https:\/\/doll-house.eu\/#website\",\"url\":\"https:\/\/doll-house.eu\/\",\"name\":\"Doll House\",\"description\":\"Where Bad Girls Come to Play\",\"potentialAction\":[{\"@type\":\"SearchAction\",\"target\":{\"@type\":\"EntryPoint\",\"urlTemplate\":\"https:\/\/doll-house.eu\/?s={search_term_string}\"},\"query-input\":{\"@type\":\"PropertyValueSpecification\",\"valueRequired\":true,\"valueName\":\"search_term_string\"}}],\"inLanguage\":\"en-GB\"}]}<\/script>\n<!-- \/ Yoast SEO plugin. -->","yoast_head_json":{"title":"Maya - Doll House * seksowna partnerka dla ch\u0142opc\u00f3w z fantazj\u0105","description":"19 lat i 135 cm wzrostu, albo sporo wi\u0119cej jak w szpilkach. Nie lubi\u0119 gotowa\u0107, ale za to lubi\u0119 wylegiwanie si\u0119 w \u0142\u00f3\u017cku. No i kocham seks.","robots":{"index":"index","follow":"follow","max-snippet":"max-snippet:-1","max-image-preview":"max-image-preview:large","max-video-preview":"max-video-preview:-1"},"canonical":"https:\/\/doll-house.eu\/index.php\/product\/maya\/","og_locale":"en_GB","og_type":"article","og_title":"Maya - Doll House * seksowna partnerka dla ch\u0142opc\u00f3w z fantazj\u0105","og_description":"19 lat i 135 cm wzrostu, albo sporo wi\u0119cej jak w szpilkach. Nie lubi\u0119 gotowa\u0107, ale za to lubi\u0119 wylegiwanie si\u0119 w \u0142\u00f3\u017cku. No i kocham seks.","og_url":"https:\/\/doll-house.eu\/index.php\/product\/maya\/","og_site_name":"Doll House","article_modified_time":"2021-08-08T17:53:29+00:00","og_image":[{"width":1280,"height":1920,"url":"https:\/\/doll-house.eu\/wp-content\/uploads\/2018\/09\/MayaNude_08.jpg","type":"image\/jpeg"}],"twitter_card":"summary_large_image","twitter_misc":{"Estimated reading time":"1 minute"},"schema":{"@context":"https:\/\/schema.org","@graph":[{"@type":"WebPage","@id":"https:\/\/doll-house.eu\/index.php\/product\/maya\/","url":"https:\/\/doll-house.eu\/index.php\/product\/maya\/","name":"Maya - Doll House * seksowna partnerka dla ch\u0142opc\u00f3w z fantazj\u0105","isPartOf":{"@id":"https:\/\/doll-house.eu\/#website"},"primaryImageOfPage":{"@id":"https:\/\/doll-house.eu\/index.php\/product\/maya\/#primaryimage"},"image":{"@id":"https:\/\/doll-house.eu\/index.php\/product\/maya\/#primaryimage"},"thumbnailUrl":"https:\/\/doll-house.eu\/wp-content\/uploads\/2018\/09\/MayaNude_08.jpg","datePublished":"2018-09-21T15:45:05+00:00","dateModified":"2021-08-08T17:53:29+00:00","description":"19 lat i 135 cm wzrostu, albo sporo wi\u0119cej jak w szpilkach. Nie lubi\u0119 gotowa\u0107, ale za to lubi\u0119 wylegiwanie si\u0119 w \u0142\u00f3\u017cku. No i kocham seks.","breadcrumb":{"@id":"https:\/\/doll-house.eu\/index.php\/product\/maya\/#breadcrumb"},"inLanguage":"en-GB","potentialAction":[{"@type":"ReadAction","target":["https:\/\/doll-house.eu\/index.php\/product\/maya\/"]}]},{"@type":"ImageObject","inLanguage":"en-GB","@id":"https:\/\/doll-house.eu\/index.php\/product\/maya\/#primaryimage","url":"https:\/\/doll-house.eu\/wp-content\/uploads\/2018\/09\/MayaNude_08.jpg","contentUrl":"https:\/\/doll-house.eu\/wp-content\/uploads\/2018\/09\/MayaNude_08.jpg","width":1280,"height":1920},{"@type":"BreadcrumbList","@id":"https:\/\/doll-house.eu\/index.php\/product\/maya\/#breadcrumb","itemListElement":[{"@type":"ListItem","position":1,"name":"Home","item":"http:\/\/doll-house.eu\/"},{"@type":"ListItem","position":2,"name":"Shop","item":"http:\/\/doll-house.eu\/index.php\/shop\/"},{"@type":"ListItem","position":3,"name":"Maya"}]},{"@type":"WebSite","@id":"https:\/\/doll-house.eu\/#website","url":"https:\/\/doll-house.eu\/","name":"Doll House","description":"Where Bad Girls Come to Play","potentialAction":[{"@type":"SearchAction","target":{"@type":"EntryPoint","urlTemplate":"https:\/\/doll-house.eu\/?s={search_term_string}"},"query-input":{"@type":"PropertyValueSpecification","valueRequired":true,"valueName":"search_term_string"}}],"inLanguage":"en-GB"}]}},"jetpack_sharing_enabled":true,"_links":{"self":[{"href":"https:\/\/doll-house.eu\/index.php\/wp-json\/wp\/v2\/product\/281","targetHints":{"allow":["GET"]}}],"collection":[{"href":"https:\/\/doll-house.eu\/index.php\/wp-json\/wp\/v2\/product"}],"about":[{"href":"https:\/\/doll-house.eu\/index.php\/wp-json\/wp\/v2\/types\/product"}],"replies":[{"embeddable":true,"href":"https:\/\/doll-house.eu\/index.php\/wp-json\/wp\/v2\/comments?post=281"}],"wp:featuredmedia":[{"embeddable":true,"href":"https:\/\/doll-house.eu\/index.php\/wp-json\/wp\/v2\/media\/282"}],"wp:attachment":[{"href":"https:\/\/doll-house.eu\/index.php\/wp-json\/wp\/v2\/media?parent=281"}],"wp:term":[{"taxonomy":"product_brand","embeddable":true,"href":"https:\/\/doll-house.eu\/index.php\/wp-json\/wp\/v2\/product_brand?post=281"},{"taxonomy":"product_cat","embeddable":true,"href":"https:\/\/doll-house.eu\/index.php\/wp-json\/wp\/v2\/product_cat?post=281"},{"taxonomy":"product_tag","embeddable":true,"href":"https:\/\/doll-house.eu\/index.php\/wp-json\/wp\/v2\/product_tag?post=281"}],"curies":[{"name":"wp","href":"https:\/\/api.w.org\/{rel}","templated":true}]}}