{"id":260,"date":"2018-09-21T12:21:06","date_gmt":"2018-09-21T12:21:06","guid":{"rendered":"http:\/\/doll-house.pl\/?post_type=product&#038;p=260"},"modified":"2019-04-06T10:51:58","modified_gmt":"2019-04-06T10:51:58","slug":"kwiatowe-body","status":"publish","type":"product","link":"https:\/\/doll-house.eu\/index.php\/product\/kwiatowe-body\/","title":{"rendered":"Kwiatowe body"},"content":{"rendered":"<p>Czarne body firmy The Found doskona\u0142e na wieczorn\u0105 imprez\u0119 wyko\u0144czone kwiatowym haftem podkre\u015blaj\u0105cym kszta\u0142ty. Wykonane z grubej tkaniny z bawe\u0142ny z domieszk\u0105 poliestru.<\/p>\n<p>W uwagach do zam\u00f3wienia prosimy poda\u0107 rozmiar:<\/p>\n<p>S (EU 36 : biust 70, talia: 64, d\u0142ugo\u015b\u0107: 63cm)<\/p>\n<p>M (EU 38 : biust 76, talia: 70, d\u0142ugo\u015b\u0107: 64cm)<\/p>\n<p>L (EU 40 : biust 82, talia: 76, d\u0142ugo\u015b\u0107: 63cm)<\/p>\n","protected":false},"excerpt":{"rendered":"<p>Czarne body firmy The Found doskona\u0142e na wieczorn\u0105 imprez\u0119 wyko\u0144czone kwiatowym haftem podkre\u015blaj\u0105cym kszta\u0142ty. Wykonane z grubej tkaniny z bawe\u0142ny z domieszk\u0105 poliestru.<\/p>\n","protected":false},"featured_media":264,"comment_status":"open","ping_status":"closed","template":"","meta":{"_bbp_topic_count":0,"_bbp_reply_count":0,"_bbp_total_topic_count":0,"_bbp_total_reply_count":0,"_bbp_voice_count":0,"_bbp_anonymous_reply_count":0,"_bbp_topic_count_hidden":0,"_bbp_reply_count_hidden":0,"_bbp_forum_subforum_count":0,"_exactmetrics_skip_tracking":false,"_exactmetrics_sitenote_active":false,"_exactmetrics_sitenote_note":"","_exactmetrics_sitenote_category":0},"product_brand":[],"product_cat":[64,76],"product_tag":[77,78,79,80],"class_list":{"0":"post-260","1":"product","2":"type-product","3":"status-publish","4":"has-post-thumbnail","6":"product_cat-akcesoria","7":"product_cat-body","8":"product_tag-body","9":"product_tag-czarne","10":"product_tag-haft","11":"product_tag-kwiaty","13":"first","14":"outofstock","15":"sale","16":"shipping-taxable","17":"purchasable","18":"product-type-simple"},"yoast_head":"<!-- This site is optimized with the Yoast SEO plugin v26.8 - https:\/\/yoast.com\/product\/yoast-seo-wordpress\/ -->\n<title>Kwiatowe body - Doll House<\/title>\n<meta name=\"description\" content=\"Czarne body firmy The Found doskona\u0142e na wieczorn\u0105 imprez\u0119 wyko\u0144czone kwiatowym haftem podkre\u015blaj\u0105cym kszta\u0142ty. Wykonane z grubej tkaniny z bawe\u0142ny z domieszk\u0105 poliestru.\" \/>\n<meta name=\"robots\" content=\"index, follow, max-snippet:-1, max-image-preview:large, max-video-preview:-1\" \/>\n<link rel=\"canonical\" href=\"https:\/\/doll-house.eu\/index.php\/product\/kwiatowe-body\/\" \/>\n<meta property=\"og:locale\" content=\"en_GB\" \/>\n<meta property=\"og:type\" content=\"article\" \/>\n<meta property=\"og:title\" content=\"Kwiatowe body - Doll House\" \/>\n<meta property=\"og:description\" content=\"Czarne body firmy The Found doskona\u0142e na wieczorn\u0105 imprez\u0119 wyko\u0144czone kwiatowym haftem podkre\u015blaj\u0105cym kszta\u0142ty. Wykonane z grubej tkaniny z bawe\u0142ny z domieszk\u0105 poliestru.\" \/>\n<meta property=\"og:url\" content=\"https:\/\/doll-house.eu\/index.php\/product\/kwiatowe-body\/\" \/>\n<meta property=\"og:site_name\" content=\"Doll House\" \/>\n<meta property=\"article:modified_time\" content=\"2019-04-06T10:51:58+00:00\" \/>\n<meta property=\"og:image\" content=\"https:\/\/doll-house.eu\/wp-content\/uploads\/2018\/09\/HTB1w9wJXEl7MKJjSZFDq6yOEpXam.jpg\" \/>\n\t<meta property=\"og:image:width\" content=\"800\" \/>\n\t<meta property=\"og:image:height\" content=\"800\" \/>\n\t<meta property=\"og:image:type\" content=\"image\/jpeg\" \/>\n<meta name=\"twitter:card\" content=\"summary_large_image\" \/>\n<script type=\"application\/ld+json\" class=\"yoast-schema-graph\">{\"@context\":\"https:\/\/schema.org\",\"@graph\":[{\"@type\":\"WebPage\",\"@id\":\"https:\/\/doll-house.eu\/index.php\/product\/kwiatowe-body\/\",\"url\":\"https:\/\/doll-house.eu\/index.php\/product\/kwiatowe-body\/\",\"name\":\"Kwiatowe body - Doll House\",\"isPartOf\":{\"@id\":\"https:\/\/doll-house.eu\/#website\"},\"primaryImageOfPage\":{\"@id\":\"https:\/\/doll-house.eu\/index.php\/product\/kwiatowe-body\/#primaryimage\"},\"image\":{\"@id\":\"https:\/\/doll-house.eu\/index.php\/product\/kwiatowe-body\/#primaryimage\"},\"thumbnailUrl\":\"https:\/\/doll-house.eu\/wp-content\/uploads\/2018\/09\/HTB1w9wJXEl7MKJjSZFDq6yOEpXam.jpg\",\"datePublished\":\"2018-09-21T12:21:06+00:00\",\"dateModified\":\"2019-04-06T10:51:58+00:00\",\"description\":\"Czarne body firmy The Found doskona\u0142e na wieczorn\u0105 imprez\u0119 wyko\u0144czone kwiatowym haftem podkre\u015blaj\u0105cym kszta\u0142ty. Wykonane z grubej tkaniny z bawe\u0142ny z domieszk\u0105 poliestru.\",\"breadcrumb\":{\"@id\":\"https:\/\/doll-house.eu\/index.php\/product\/kwiatowe-body\/#breadcrumb\"},\"inLanguage\":\"en-GB\",\"potentialAction\":[{\"@type\":\"ReadAction\",\"target\":[\"https:\/\/doll-house.eu\/index.php\/product\/kwiatowe-body\/\"]}]},{\"@type\":\"ImageObject\",\"inLanguage\":\"en-GB\",\"@id\":\"https:\/\/doll-house.eu\/index.php\/product\/kwiatowe-body\/#primaryimage\",\"url\":\"https:\/\/doll-house.eu\/wp-content\/uploads\/2018\/09\/HTB1w9wJXEl7MKJjSZFDq6yOEpXam.jpg\",\"contentUrl\":\"https:\/\/doll-house.eu\/wp-content\/uploads\/2018\/09\/HTB1w9wJXEl7MKJjSZFDq6yOEpXam.jpg\",\"width\":800,\"height\":800},{\"@type\":\"BreadcrumbList\",\"@id\":\"https:\/\/doll-house.eu\/index.php\/product\/kwiatowe-body\/#breadcrumb\",\"itemListElement\":[{\"@type\":\"ListItem\",\"position\":1,\"name\":\"Home\",\"item\":\"http:\/\/doll-house.eu\/\"},{\"@type\":\"ListItem\",\"position\":2,\"name\":\"Shop\",\"item\":\"http:\/\/doll-house.eu\/index.php\/shop\/\"},{\"@type\":\"ListItem\",\"position\":3,\"name\":\"Kwiatowe body\"}]},{\"@type\":\"WebSite\",\"@id\":\"https:\/\/doll-house.eu\/#website\",\"url\":\"https:\/\/doll-house.eu\/\",\"name\":\"Doll House\",\"description\":\"Where Bad Girls Come to Play\",\"potentialAction\":[{\"@type\":\"SearchAction\",\"target\":{\"@type\":\"EntryPoint\",\"urlTemplate\":\"https:\/\/doll-house.eu\/?s={search_term_string}\"},\"query-input\":{\"@type\":\"PropertyValueSpecification\",\"valueRequired\":true,\"valueName\":\"search_term_string\"}}],\"inLanguage\":\"en-GB\"}]}<\/script>\n<!-- \/ Yoast SEO plugin. -->","yoast_head_json":{"title":"Kwiatowe body - Doll House","description":"Czarne body firmy The Found doskona\u0142e na wieczorn\u0105 imprez\u0119 wyko\u0144czone kwiatowym haftem podkre\u015blaj\u0105cym kszta\u0142ty. Wykonane z grubej tkaniny z bawe\u0142ny z domieszk\u0105 poliestru.","robots":{"index":"index","follow":"follow","max-snippet":"max-snippet:-1","max-image-preview":"max-image-preview:large","max-video-preview":"max-video-preview:-1"},"canonical":"https:\/\/doll-house.eu\/index.php\/product\/kwiatowe-body\/","og_locale":"en_GB","og_type":"article","og_title":"Kwiatowe body - Doll House","og_description":"Czarne body firmy The Found doskona\u0142e na wieczorn\u0105 imprez\u0119 wyko\u0144czone kwiatowym haftem podkre\u015blaj\u0105cym kszta\u0142ty. Wykonane z grubej tkaniny z bawe\u0142ny z domieszk\u0105 poliestru.","og_url":"https:\/\/doll-house.eu\/index.php\/product\/kwiatowe-body\/","og_site_name":"Doll House","article_modified_time":"2019-04-06T10:51:58+00:00","og_image":[{"width":800,"height":800,"url":"https:\/\/doll-house.eu\/wp-content\/uploads\/2018\/09\/HTB1w9wJXEl7MKJjSZFDq6yOEpXam.jpg","type":"image\/jpeg"}],"twitter_card":"summary_large_image","schema":{"@context":"https:\/\/schema.org","@graph":[{"@type":"WebPage","@id":"https:\/\/doll-house.eu\/index.php\/product\/kwiatowe-body\/","url":"https:\/\/doll-house.eu\/index.php\/product\/kwiatowe-body\/","name":"Kwiatowe body - Doll House","isPartOf":{"@id":"https:\/\/doll-house.eu\/#website"},"primaryImageOfPage":{"@id":"https:\/\/doll-house.eu\/index.php\/product\/kwiatowe-body\/#primaryimage"},"image":{"@id":"https:\/\/doll-house.eu\/index.php\/product\/kwiatowe-body\/#primaryimage"},"thumbnailUrl":"https:\/\/doll-house.eu\/wp-content\/uploads\/2018\/09\/HTB1w9wJXEl7MKJjSZFDq6yOEpXam.jpg","datePublished":"2018-09-21T12:21:06+00:00","dateModified":"2019-04-06T10:51:58+00:00","description":"Czarne body firmy The Found doskona\u0142e na wieczorn\u0105 imprez\u0119 wyko\u0144czone kwiatowym haftem podkre\u015blaj\u0105cym kszta\u0142ty. Wykonane z grubej tkaniny z bawe\u0142ny z domieszk\u0105 poliestru.","breadcrumb":{"@id":"https:\/\/doll-house.eu\/index.php\/product\/kwiatowe-body\/#breadcrumb"},"inLanguage":"en-GB","potentialAction":[{"@type":"ReadAction","target":["https:\/\/doll-house.eu\/index.php\/product\/kwiatowe-body\/"]}]},{"@type":"ImageObject","inLanguage":"en-GB","@id":"https:\/\/doll-house.eu\/index.php\/product\/kwiatowe-body\/#primaryimage","url":"https:\/\/doll-house.eu\/wp-content\/uploads\/2018\/09\/HTB1w9wJXEl7MKJjSZFDq6yOEpXam.jpg","contentUrl":"https:\/\/doll-house.eu\/wp-content\/uploads\/2018\/09\/HTB1w9wJXEl7MKJjSZFDq6yOEpXam.jpg","width":800,"height":800},{"@type":"BreadcrumbList","@id":"https:\/\/doll-house.eu\/index.php\/product\/kwiatowe-body\/#breadcrumb","itemListElement":[{"@type":"ListItem","position":1,"name":"Home","item":"http:\/\/doll-house.eu\/"},{"@type":"ListItem","position":2,"name":"Shop","item":"http:\/\/doll-house.eu\/index.php\/shop\/"},{"@type":"ListItem","position":3,"name":"Kwiatowe body"}]},{"@type":"WebSite","@id":"https:\/\/doll-house.eu\/#website","url":"https:\/\/doll-house.eu\/","name":"Doll House","description":"Where Bad Girls Come to Play","potentialAction":[{"@type":"SearchAction","target":{"@type":"EntryPoint","urlTemplate":"https:\/\/doll-house.eu\/?s={search_term_string}"},"query-input":{"@type":"PropertyValueSpecification","valueRequired":true,"valueName":"search_term_string"}}],"inLanguage":"en-GB"}]}},"jetpack_sharing_enabled":true,"_links":{"self":[{"href":"https:\/\/doll-house.eu\/index.php\/wp-json\/wp\/v2\/product\/260","targetHints":{"allow":["GET"]}}],"collection":[{"href":"https:\/\/doll-house.eu\/index.php\/wp-json\/wp\/v2\/product"}],"about":[{"href":"https:\/\/doll-house.eu\/index.php\/wp-json\/wp\/v2\/types\/product"}],"replies":[{"embeddable":true,"href":"https:\/\/doll-house.eu\/index.php\/wp-json\/wp\/v2\/comments?post=260"}],"wp:featuredmedia":[{"embeddable":true,"href":"https:\/\/doll-house.eu\/index.php\/wp-json\/wp\/v2\/media\/264"}],"wp:attachment":[{"href":"https:\/\/doll-house.eu\/index.php\/wp-json\/wp\/v2\/media?parent=260"}],"wp:term":[{"taxonomy":"product_brand","embeddable":true,"href":"https:\/\/doll-house.eu\/index.php\/wp-json\/wp\/v2\/product_brand?post=260"},{"taxonomy":"product_cat","embeddable":true,"href":"https:\/\/doll-house.eu\/index.php\/wp-json\/wp\/v2\/product_cat?post=260"},{"taxonomy":"product_tag","embeddable":true,"href":"https:\/\/doll-house.eu\/index.php\/wp-json\/wp\/v2\/product_tag?post=260"}],"curies":[{"name":"wp","href":"https:\/\/api.w.org\/{rel}","templated":true}]}}