{"id":158,"date":"2018-09-20T18:23:16","date_gmt":"2018-09-20T18:23:16","guid":{"rendered":"http:\/\/doll-house.pl\/?post_type=product&#038;p=158"},"modified":"2021-08-08T17:54:59","modified_gmt":"2021-08-08T17:54:59","slug":"sophia","status":"publish","type":"product","link":"https:\/\/doll-house.eu\/index.php\/product\/sophia\/","title":{"rendered":"Sophia"},"content":{"rendered":"<p>Witaj skarbie. Lubisz mi\u0142e towarzystwo? Pewnie, kto by nie lubi\u0142. No ja w ka\u017cdym b\u0105d\u017a razie lubi\u0119. Usi\u0105\u015b\u0107 razem przy \u015bwieczkach i dobrej muzyce, albo lepiej z popcornem obejrze\u0107 fajny film otuleni razem puchatym kocem. Mecz? To nie moja pi\u0142ka, ale wiesz, \u017ce nie b\u0119d\u0119 protestowa\u0107. Zawsze sobie mog\u0119 pomarzy\u0107 o ca\u0142ej dru\u017cynie futbolowej po meczu. A Ty skarbie wypij swoje piwo, i przytul mnie mocniej. Mam 20 lat i dopiero niedawno tak na prawd\u0119 dowiedzia\u0142am si\u0119 co to sex. I strasznie \u017ca\u0142uj\u0119, \u017ce dopiero teraz, wi\u0119c koniecznie musz\u0119 nadrobi\u0107 stracony czas. Pomo\u017cesz mi? Zobacz, pod spodem jestem ca\u0142kiem naga, dlatego ten koc&#8230; i gor\u0105ca herbata. To mo\u017ce Ty sobie ogl\u0105daj, a ja zajm\u0119 si\u0119 Twoim kumplem&#8230; a w zasadzie teraz to on ju\u017c jest m\u00f3j &#8211; uwielbiam patrze\u0107 jak ro\u015bnie pod moimi paluszkami.<\/p>\n<p><!--more--><\/p>\n<p>Jestem luksusow\u0105 erotyczn\u0105 lalk\u0105 przeznaczon\u0105 dla doros\u0142ych. Wykonano mnie z super mi\u0142ego w dotyku elastomeru termoplastycznego, z w pe\u0142ni artyku\u0142owanym metalowym szkieletem. Mam 135 cm wzrostu i wa\u017c\u0105c zaledwie 27 kg nie musz\u0119 martwi\u0107 si\u0119 \u017cadn\u0105 diet\u0105. Moje wymiary? No tak 75\/60\/75 i male\u0144kie stopy 19,5 cm d\u0142ugo\u015bci. Jakby\u015b si\u0119 zastanawia\u0142, to nie tylko lubi\u0119 si\u0119 u\u015bmiecha\u0107, ale pieprzy\u0107 tak\u017ce, i to na wszystkie sposoby (klasycznie, oralnie i &#8230; no przyznam si\u0119, analnie te\u017c). Przyjad\u0119 do Ciebie z kompletem bielizny, dwoma perukami (niekoniecznie takich jak na zdj\u0119ciu).<\/p>\n","protected":false},"excerpt":{"rendered":"<p>Witaj skarbie. Lubisz mi\u0142e towarzystwo? Pewnie, kto by nie lubi\u0142. No ja w ka\u017cdym b\u0105d\u017a razie lubi\u0119. Usi\u0105\u015b\u0107 razem przy \u015bwieczkach i dobrej muzyce, albo lepiej z popcornem obejrze\u0107 fajny film otuleni razem puchatym kocem. Mecz? To nie moja pi\u0142ka, ale wiesz, \u017ce nie b\u0119d\u0119 protestowa\u0107. Zawsze sobie mog\u0119 pomarzy\u0107 o ca\u0142ej dru\u017cynie futbolowej po meczu. A Ty skarbie wypij swoje piwo, i przytul mnie mocniej. Mam 20 lat i dopiero niedawno tak na prawd\u0119 dowiedzia\u0142am si\u0119 co to sex. I strasznie \u017ca\u0142uj\u0119, \u017ce dopiero teraz, wi\u0119c koniecznie musz\u0119 nadrobi\u0107 stracony czas. Pomo\u017cesz mi? Zobacz, pod spodem jestem ca\u0142kiem naga, dlatego ten koc&#8230; i gor\u0105ca herbata. To mo\u017ce Ty sobie ogl\u0105daj, a ja zajm\u0119 si\u0119 Twoim kumplem&#8230; a w zasadzie teraz to on ju\u017c jest m\u00f3j &#8211; uwielbiam patrze\u0107 jak ro\u015bnie pod moimi paluszkami.<\/p>\n","protected":false},"featured_media":160,"comment_status":"open","ping_status":"closed","template":"","meta":{"_bbp_topic_count":0,"_bbp_reply_count":0,"_bbp_total_topic_count":0,"_bbp_total_reply_count":0,"_bbp_voice_count":0,"_bbp_anonymous_reply_count":0,"_bbp_topic_count_hidden":0,"_bbp_reply_count_hidden":0,"_bbp_forum_subforum_count":0,"_exactmetrics_skip_tracking":false,"_exactmetrics_sitenote_active":false,"_exactmetrics_sitenote_note":"","_exactmetrics_sitenote_category":0},"product_brand":[],"product_cat":[96,61,62,51],"product_tag":[],"class_list":{"0":"post-158","1":"product","2":"type-product","3":"status-publish","4":"has-post-thumbnail","6":"product_cat-ayiyun","7":"product_cat-dziewczyny","8":"product_cat-135-cm","9":"product_cat-polecane","11":"first","12":"instock","13":"sale","14":"shipping-taxable","15":"purchasable","16":"product-type-simple"},"yoast_head":"<!-- This site is optimized with the Yoast SEO plugin v26.8 - https:\/\/yoast.com\/product\/yoast-seo-wordpress\/ -->\n<title>Sophia - Doll House * luksusowa kochanka dla niegrzecznych ch\u0142opc\u00f3w.<\/title>\n<meta name=\"description\" content=\"Mam 20 lat i dopiero niedawno dowiedzia\u0142am si\u0119 co to sex. I strasznie \u017ca\u0142uj\u0119, \u017ce dopiero teraz, wi\u0119c koniecznie musz\u0119 nadrobi\u0107 stracony czas. Pomo\u017cesz mi?\" \/>\n<meta name=\"robots\" content=\"index, follow, max-snippet:-1, max-image-preview:large, max-video-preview:-1\" \/>\n<link rel=\"canonical\" href=\"https:\/\/doll-house.eu\/index.php\/product\/sophia\/\" \/>\n<meta property=\"og:locale\" content=\"en_GB\" \/>\n<meta property=\"og:type\" content=\"article\" \/>\n<meta property=\"og:title\" content=\"Sophia - Doll House * luksusowa kochanka dla niegrzecznych ch\u0142opc\u00f3w.\" \/>\n<meta property=\"og:description\" content=\"Mam 20 lat i dopiero niedawno dowiedzia\u0142am si\u0119 co to sex. I strasznie \u017ca\u0142uj\u0119, \u017ce dopiero teraz, wi\u0119c koniecznie musz\u0119 nadrobi\u0107 stracony czas. Pomo\u017cesz mi?\" \/>\n<meta property=\"og:url\" content=\"https:\/\/doll-house.eu\/index.php\/product\/sophia\/\" \/>\n<meta property=\"og:site_name\" content=\"Doll House\" \/>\n<meta property=\"article:modified_time\" content=\"2021-08-08T17:54:59+00:00\" \/>\n<meta property=\"og:image\" content=\"https:\/\/doll-house.eu\/wp-content\/uploads\/2018\/09\/Sophia_17.jpg\" \/>\n\t<meta property=\"og:image:width\" content=\"1280\" \/>\n\t<meta property=\"og:image:height\" content=\"1920\" \/>\n\t<meta property=\"og:image:type\" content=\"image\/jpeg\" \/>\n<meta name=\"twitter:card\" content=\"summary_large_image\" \/>\n<meta name=\"twitter:label1\" content=\"Estimated reading time\" \/>\n\t<meta name=\"twitter:data1\" content=\"1 minute\" \/>\n<script type=\"application\/ld+json\" class=\"yoast-schema-graph\">{\"@context\":\"https:\/\/schema.org\",\"@graph\":[{\"@type\":\"WebPage\",\"@id\":\"https:\/\/doll-house.eu\/index.php\/product\/sophia\/\",\"url\":\"https:\/\/doll-house.eu\/index.php\/product\/sophia\/\",\"name\":\"Sophia - Doll House * luksusowa kochanka dla niegrzecznych ch\u0142opc\u00f3w.\",\"isPartOf\":{\"@id\":\"https:\/\/doll-house.eu\/#website\"},\"primaryImageOfPage\":{\"@id\":\"https:\/\/doll-house.eu\/index.php\/product\/sophia\/#primaryimage\"},\"image\":{\"@id\":\"https:\/\/doll-house.eu\/index.php\/product\/sophia\/#primaryimage\"},\"thumbnailUrl\":\"https:\/\/doll-house.eu\/wp-content\/uploads\/2018\/09\/Sophia_17.jpg\",\"datePublished\":\"2018-09-20T18:23:16+00:00\",\"dateModified\":\"2021-08-08T17:54:59+00:00\",\"description\":\"Mam 20 lat i dopiero niedawno dowiedzia\u0142am si\u0119 co to sex. I strasznie \u017ca\u0142uj\u0119, \u017ce dopiero teraz, wi\u0119c koniecznie musz\u0119 nadrobi\u0107 stracony czas. Pomo\u017cesz mi?\",\"breadcrumb\":{\"@id\":\"https:\/\/doll-house.eu\/index.php\/product\/sophia\/#breadcrumb\"},\"inLanguage\":\"en-GB\",\"potentialAction\":[{\"@type\":\"ReadAction\",\"target\":[\"https:\/\/doll-house.eu\/index.php\/product\/sophia\/\"]}]},{\"@type\":\"ImageObject\",\"inLanguage\":\"en-GB\",\"@id\":\"https:\/\/doll-house.eu\/index.php\/product\/sophia\/#primaryimage\",\"url\":\"https:\/\/doll-house.eu\/wp-content\/uploads\/2018\/09\/Sophia_17.jpg\",\"contentUrl\":\"https:\/\/doll-house.eu\/wp-content\/uploads\/2018\/09\/Sophia_17.jpg\",\"width\":1280,\"height\":1920},{\"@type\":\"BreadcrumbList\",\"@id\":\"https:\/\/doll-house.eu\/index.php\/product\/sophia\/#breadcrumb\",\"itemListElement\":[{\"@type\":\"ListItem\",\"position\":1,\"name\":\"Home\",\"item\":\"http:\/\/doll-house.eu\/\"},{\"@type\":\"ListItem\",\"position\":2,\"name\":\"Shop\",\"item\":\"http:\/\/doll-house.eu\/index.php\/shop\/\"},{\"@type\":\"ListItem\",\"position\":3,\"name\":\"Sophia\"}]},{\"@type\":\"WebSite\",\"@id\":\"https:\/\/doll-house.eu\/#website\",\"url\":\"https:\/\/doll-house.eu\/\",\"name\":\"Doll House\",\"description\":\"Where Bad Girls Come to Play\",\"potentialAction\":[{\"@type\":\"SearchAction\",\"target\":{\"@type\":\"EntryPoint\",\"urlTemplate\":\"https:\/\/doll-house.eu\/?s={search_term_string}\"},\"query-input\":{\"@type\":\"PropertyValueSpecification\",\"valueRequired\":true,\"valueName\":\"search_term_string\"}}],\"inLanguage\":\"en-GB\"}]}<\/script>\n<!-- \/ Yoast SEO plugin. -->","yoast_head_json":{"title":"Sophia - Doll House * luksusowa kochanka dla niegrzecznych ch\u0142opc\u00f3w.","description":"Mam 20 lat i dopiero niedawno dowiedzia\u0142am si\u0119 co to sex. I strasznie \u017ca\u0142uj\u0119, \u017ce dopiero teraz, wi\u0119c koniecznie musz\u0119 nadrobi\u0107 stracony czas. Pomo\u017cesz mi?","robots":{"index":"index","follow":"follow","max-snippet":"max-snippet:-1","max-image-preview":"max-image-preview:large","max-video-preview":"max-video-preview:-1"},"canonical":"https:\/\/doll-house.eu\/index.php\/product\/sophia\/","og_locale":"en_GB","og_type":"article","og_title":"Sophia - Doll House * luksusowa kochanka dla niegrzecznych ch\u0142opc\u00f3w.","og_description":"Mam 20 lat i dopiero niedawno dowiedzia\u0142am si\u0119 co to sex. I strasznie \u017ca\u0142uj\u0119, \u017ce dopiero teraz, wi\u0119c koniecznie musz\u0119 nadrobi\u0107 stracony czas. Pomo\u017cesz mi?","og_url":"https:\/\/doll-house.eu\/index.php\/product\/sophia\/","og_site_name":"Doll House","article_modified_time":"2021-08-08T17:54:59+00:00","og_image":[{"width":1280,"height":1920,"url":"https:\/\/doll-house.eu\/wp-content\/uploads\/2018\/09\/Sophia_17.jpg","type":"image\/jpeg"}],"twitter_card":"summary_large_image","twitter_misc":{"Estimated reading time":"1 minute"},"schema":{"@context":"https:\/\/schema.org","@graph":[{"@type":"WebPage","@id":"https:\/\/doll-house.eu\/index.php\/product\/sophia\/","url":"https:\/\/doll-house.eu\/index.php\/product\/sophia\/","name":"Sophia - Doll House * luksusowa kochanka dla niegrzecznych ch\u0142opc\u00f3w.","isPartOf":{"@id":"https:\/\/doll-house.eu\/#website"},"primaryImageOfPage":{"@id":"https:\/\/doll-house.eu\/index.php\/product\/sophia\/#primaryimage"},"image":{"@id":"https:\/\/doll-house.eu\/index.php\/product\/sophia\/#primaryimage"},"thumbnailUrl":"https:\/\/doll-house.eu\/wp-content\/uploads\/2018\/09\/Sophia_17.jpg","datePublished":"2018-09-20T18:23:16+00:00","dateModified":"2021-08-08T17:54:59+00:00","description":"Mam 20 lat i dopiero niedawno dowiedzia\u0142am si\u0119 co to sex. I strasznie \u017ca\u0142uj\u0119, \u017ce dopiero teraz, wi\u0119c koniecznie musz\u0119 nadrobi\u0107 stracony czas. Pomo\u017cesz mi?","breadcrumb":{"@id":"https:\/\/doll-house.eu\/index.php\/product\/sophia\/#breadcrumb"},"inLanguage":"en-GB","potentialAction":[{"@type":"ReadAction","target":["https:\/\/doll-house.eu\/index.php\/product\/sophia\/"]}]},{"@type":"ImageObject","inLanguage":"en-GB","@id":"https:\/\/doll-house.eu\/index.php\/product\/sophia\/#primaryimage","url":"https:\/\/doll-house.eu\/wp-content\/uploads\/2018\/09\/Sophia_17.jpg","contentUrl":"https:\/\/doll-house.eu\/wp-content\/uploads\/2018\/09\/Sophia_17.jpg","width":1280,"height":1920},{"@type":"BreadcrumbList","@id":"https:\/\/doll-house.eu\/index.php\/product\/sophia\/#breadcrumb","itemListElement":[{"@type":"ListItem","position":1,"name":"Home","item":"http:\/\/doll-house.eu\/"},{"@type":"ListItem","position":2,"name":"Shop","item":"http:\/\/doll-house.eu\/index.php\/shop\/"},{"@type":"ListItem","position":3,"name":"Sophia"}]},{"@type":"WebSite","@id":"https:\/\/doll-house.eu\/#website","url":"https:\/\/doll-house.eu\/","name":"Doll House","description":"Where Bad Girls Come to Play","potentialAction":[{"@type":"SearchAction","target":{"@type":"EntryPoint","urlTemplate":"https:\/\/doll-house.eu\/?s={search_term_string}"},"query-input":{"@type":"PropertyValueSpecification","valueRequired":true,"valueName":"search_term_string"}}],"inLanguage":"en-GB"}]}},"jetpack_sharing_enabled":true,"_links":{"self":[{"href":"https:\/\/doll-house.eu\/index.php\/wp-json\/wp\/v2\/product\/158","targetHints":{"allow":["GET"]}}],"collection":[{"href":"https:\/\/doll-house.eu\/index.php\/wp-json\/wp\/v2\/product"}],"about":[{"href":"https:\/\/doll-house.eu\/index.php\/wp-json\/wp\/v2\/types\/product"}],"replies":[{"embeddable":true,"href":"https:\/\/doll-house.eu\/index.php\/wp-json\/wp\/v2\/comments?post=158"}],"wp:featuredmedia":[{"embeddable":true,"href":"https:\/\/doll-house.eu\/index.php\/wp-json\/wp\/v2\/media\/160"}],"wp:attachment":[{"href":"https:\/\/doll-house.eu\/index.php\/wp-json\/wp\/v2\/media?parent=158"}],"wp:term":[{"taxonomy":"product_brand","embeddable":true,"href":"https:\/\/doll-house.eu\/index.php\/wp-json\/wp\/v2\/product_brand?post=158"},{"taxonomy":"product_cat","embeddable":true,"href":"https:\/\/doll-house.eu\/index.php\/wp-json\/wp\/v2\/product_cat?post=158"},{"taxonomy":"product_tag","embeddable":true,"href":"https:\/\/doll-house.eu\/index.php\/wp-json\/wp\/v2\/product_tag?post=158"}],"curies":[{"name":"wp","href":"https:\/\/api.w.org\/{rel}","templated":true}]}}