{"id":127,"date":"2018-09-30T12:25:51","date_gmt":"2018-09-30T12:25:51","guid":{"rendered":"http:\/\/doll-house.pl\/?post_type=product&#038;p=127"},"modified":"2021-08-08T17:43:32","modified_gmt":"2021-08-08T17:43:32","slug":"chloe","status":"publish","type":"product","link":"https:\/\/doll-house.eu\/index.php\/product\/chloe\/","title":{"rendered":"Chloe"},"content":{"rendered":"<p>22 letnia, znudzona ma\u0142o powa\u017cnym towarzystwem studentka to ja (a co, my\u015bla\u0142e\u015b, \u017ce jestem zwyk\u0142\u0105 seks lalk\u0105, wypraszam sobie!). Ca\u0142e dnie wyk\u0142ady i wkuwanie, i regu\u0142\u0105 trzech Zet&#8230; Zaku\u0107, Zda\u0107, Zapomnie\u0107, Kreatywnie rozwini\u0119ta przez moich koleg\u00f3w z roku o czwarte Zet &#8211; Zapi\u0107. I wszyscy w takim stresie, \u017ce nie potrafi\u0105 sprosta\u0107 wyzwaniu, jakim jestem. Mo\u017ce wi\u0119c to w\u0142a\u015bnie Ty dasz mi to, czego oni nie potrafi\u0105. A ja lubi\u0119 si\u0119 wystroi\u0107, a potem godzinami na przemian tuli\u0107 i kocha\u0107. No chyba, \u017ce mam ochot\u0119 na szybki numerek. Poza tym lubi\u0119 pla\u017c\u0119 i b\u0142\u0119kit wody i nieba. Zapro\u015b mnie do siebie, a nie po\u017ca\u0142ujesz. Pisa\u0142am, \u017ce lubi\u0119 si\u0119 przebiera\u0107? No tak pisa\u0142am &#8211; uwodzicielska bielizna, czy lu\u017ana koszula i sk\u0105pe spodenki, szpilki albo trampki &#8211; na co mamy dzisiaj nastr\u00f3j. O&#8230; wiem na co Ty masz ochot\u0119.<\/p>\n<p><!--more--><\/p>\n<p>Jestem luksusow\u0105 erotyczn\u0105 lalk\u0105 przeznaczon\u0105 dla doros\u0142ych. Wykonano mnie z super mi\u0142ego w dotyku elastomeru termoplastycznego, z w pe\u0142ni artyku\u0142owanym metalowym szkieletem. Mam 165 cm wzrostu i lekka jak pi\u00f3rko wa\u017c\u0119 35 kg. Jakby\u015b chcia\u0142 mi kupi\u0107 jaki\u015b drobiazg to w biu\u015bcie i w zgrabnym ty\u0142eczku mam 85 cm, a tali\u0119 wci\u0119t\u0105 do 55cm, i nosz\u0119 buty w rozmiarze 6. Jakby\u015b si\u0119 zastanawia\u0142, to kiedy nie musz\u0119 si\u0119 uczy\u0107 i zdawa\u0107 egzamin\u00f3w, lubi\u0119 ka\u017cdy rodzaj seksu(klasycznie, oralnie i &#8230; no przyznam si\u0119, analnie te\u017c). Mo\u017cesz zapyta\u0107 profesora An&#8230; cii.. to tajemnica, ale ocen\u0119 celuj\u0105c\u0105 zaliczy\u0142am. Wpadn\u0119 do Ciebie z kompletem bielizny, dwoma perukami (niekoniecznie takich jak na zdj\u0119ciu).<\/p>\n","protected":false},"excerpt":{"rendered":"<p>22 letnia, znudzona ma\u0142o powa\u017cnym towarzystwem studentka to ja (a co, my\u015bla\u0142e\u015b, \u017ce jestem zwyk\u0142\u0105 seks lalk\u0105, wypraszam sobie!). Ca\u0142e dnie wyk\u0142ady i wkuwanie, i regu\u0142\u0105 trzech Zet&#8230; Zaku\u0107, Zda\u0107, Zapomnie\u0107, Kreatywnie rozwini\u0119ta przez moich koleg\u00f3w z roku o czwarte Zet &#8211; Zapi\u0107. I wszyscy w takim stresie, \u017ce nie potrafi\u0105 sprosta\u0107 wyzwaniu, jakim jestem. Mo\u017ce wi\u0119c to w\u0142a\u015bnie Ty dasz mi to, czego oni nie potrafi\u0105. A ja lubi\u0119 si\u0119 wystroi\u0107, a potem godzinami na przemian tuli\u0107 i kocha\u0107. No chyba, \u017ce mam ochot\u0119 na szybki numerek. Poza tym lubi\u0119 pla\u017c\u0119 i b\u0142\u0119kit wody i nieba. Zapro\u015b mnie do siebie, a nie po\u017ca\u0142ujesz. Pisa\u0142am, \u017ce lubi\u0119 si\u0119 przebiera\u0107? No tak pisa\u0142am &#8211; uwodzicielska bielizna, czy lu\u017ana koszula i sk\u0105pe spodenki, szpilki albo trampki &#8211; na co mamy dzisiaj nastr\u00f3j. O&#8230; wiem na co Ty masz ochot\u0119.<\/p>\n","protected":false},"featured_media":623,"comment_status":"open","ping_status":"closed","template":"","meta":{"_bbp_topic_count":0,"_bbp_reply_count":0,"_bbp_total_topic_count":0,"_bbp_total_reply_count":0,"_bbp_voice_count":0,"_bbp_anonymous_reply_count":0,"_bbp_topic_count_hidden":0,"_bbp_reply_count_hidden":0,"_bbp_forum_subforum_count":0,"_exactmetrics_skip_tracking":false,"_exactmetrics_sitenote_active":false,"_exactmetrics_sitenote_note":"","_exactmetrics_sitenote_category":0},"product_brand":[],"product_cat":[96,61,63,51,53],"product_tag":[],"class_list":{"0":"post-127","1":"product","2":"type-product","3":"status-publish","4":"has-post-thumbnail","6":"product_cat-ayiyun","7":"product_cat-dziewczyny","8":"product_cat-160-169-cm","9":"product_cat-polecane","10":"product_cat-most-wanted","12":"first","13":"instock","14":"sale","15":"shipping-taxable","16":"purchasable","17":"product-type-simple"},"yoast_head":"<!-- This site is optimized with the Yoast SEO plugin v26.8 - https:\/\/yoast.com\/product\/yoast-seo-wordpress\/ -->\n<title>Chloe - Doll House * seksowna lalka dla niegrzecznych ch\u0142opc\u00f3w.<\/title>\n<meta name=\"description\" content=\"22 letnia, znudzona ma\u0142o powa\u017cnym towarzystwem studentka to ja (a co, my\u015bla\u0142e\u015b, \u017ce jestem zwyk\u0142\u0105 seks lalk\u0105, wypraszam sobie!). Zapro\u015b mnie na kaw\u0119, czekam.\" \/>\n<meta name=\"robots\" content=\"index, follow, max-snippet:-1, max-image-preview:large, max-video-preview:-1\" \/>\n<link rel=\"canonical\" href=\"https:\/\/doll-house.eu\/index.php\/product\/chloe\/\" \/>\n<meta property=\"og:locale\" content=\"en_GB\" \/>\n<meta property=\"og:type\" content=\"article\" \/>\n<meta property=\"og:title\" content=\"Chloe - Doll House * seksowna lalka dla niegrzecznych ch\u0142opc\u00f3w.\" \/>\n<meta property=\"og:description\" content=\"22 letnia, znudzona ma\u0142o powa\u017cnym towarzystwem studentka to ja (a co, my\u015bla\u0142e\u015b, \u017ce jestem zwyk\u0142\u0105 seks lalk\u0105, wypraszam sobie!). Zapro\u015b mnie na kaw\u0119, czekam.\" \/>\n<meta property=\"og:url\" content=\"https:\/\/doll-house.eu\/index.php\/product\/chloe\/\" \/>\n<meta property=\"og:site_name\" content=\"Doll House\" \/>\n<meta property=\"article:modified_time\" content=\"2021-08-08T17:43:32+00:00\" \/>\n<meta property=\"og:image\" content=\"https:\/\/doll-house.eu\/wp-content\/uploads\/2018\/09\/Chloe_16_flip.jpg\" \/>\n\t<meta property=\"og:image:width\" content=\"1241\" \/>\n\t<meta property=\"og:image:height\" content=\"1920\" \/>\n\t<meta property=\"og:image:type\" content=\"image\/jpeg\" \/>\n<meta name=\"twitter:card\" content=\"summary_large_image\" \/>\n<meta name=\"twitter:label1\" content=\"Estimated reading time\" \/>\n\t<meta name=\"twitter:data1\" content=\"1 minute\" \/>\n<script type=\"application\/ld+json\" class=\"yoast-schema-graph\">{\"@context\":\"https:\/\/schema.org\",\"@graph\":[{\"@type\":\"WebPage\",\"@id\":\"https:\/\/doll-house.eu\/index.php\/product\/chloe\/\",\"url\":\"https:\/\/doll-house.eu\/index.php\/product\/chloe\/\",\"name\":\"Chloe - Doll House * seksowna lalka dla niegrzecznych ch\u0142opc\u00f3w.\",\"isPartOf\":{\"@id\":\"https:\/\/doll-house.eu\/#website\"},\"primaryImageOfPage\":{\"@id\":\"https:\/\/doll-house.eu\/index.php\/product\/chloe\/#primaryimage\"},\"image\":{\"@id\":\"https:\/\/doll-house.eu\/index.php\/product\/chloe\/#primaryimage\"},\"thumbnailUrl\":\"https:\/\/doll-house.eu\/wp-content\/uploads\/2018\/09\/Chloe_16_flip.jpg\",\"datePublished\":\"2018-09-30T12:25:51+00:00\",\"dateModified\":\"2021-08-08T17:43:32+00:00\",\"description\":\"22 letnia, znudzona ma\u0142o powa\u017cnym towarzystwem studentka to ja (a co, my\u015bla\u0142e\u015b, \u017ce jestem zwyk\u0142\u0105 seks lalk\u0105, wypraszam sobie!). Zapro\u015b mnie na kaw\u0119, czekam.\",\"breadcrumb\":{\"@id\":\"https:\/\/doll-house.eu\/index.php\/product\/chloe\/#breadcrumb\"},\"inLanguage\":\"en-GB\",\"potentialAction\":[{\"@type\":\"ReadAction\",\"target\":[\"https:\/\/doll-house.eu\/index.php\/product\/chloe\/\"]}]},{\"@type\":\"ImageObject\",\"inLanguage\":\"en-GB\",\"@id\":\"https:\/\/doll-house.eu\/index.php\/product\/chloe\/#primaryimage\",\"url\":\"https:\/\/doll-house.eu\/wp-content\/uploads\/2018\/09\/Chloe_16_flip.jpg\",\"contentUrl\":\"https:\/\/doll-house.eu\/wp-content\/uploads\/2018\/09\/Chloe_16_flip.jpg\",\"width\":1241,\"height\":1920},{\"@type\":\"BreadcrumbList\",\"@id\":\"https:\/\/doll-house.eu\/index.php\/product\/chloe\/#breadcrumb\",\"itemListElement\":[{\"@type\":\"ListItem\",\"position\":1,\"name\":\"Home\",\"item\":\"http:\/\/doll-house.eu\/\"},{\"@type\":\"ListItem\",\"position\":2,\"name\":\"Shop\",\"item\":\"http:\/\/doll-house.eu\/index.php\/shop\/\"},{\"@type\":\"ListItem\",\"position\":3,\"name\":\"Chloe\"}]},{\"@type\":\"WebSite\",\"@id\":\"https:\/\/doll-house.eu\/#website\",\"url\":\"https:\/\/doll-house.eu\/\",\"name\":\"Doll House\",\"description\":\"Where Bad Girls Come to Play\",\"potentialAction\":[{\"@type\":\"SearchAction\",\"target\":{\"@type\":\"EntryPoint\",\"urlTemplate\":\"https:\/\/doll-house.eu\/?s={search_term_string}\"},\"query-input\":{\"@type\":\"PropertyValueSpecification\",\"valueRequired\":true,\"valueName\":\"search_term_string\"}}],\"inLanguage\":\"en-GB\"}]}<\/script>\n<!-- \/ Yoast SEO plugin. -->","yoast_head_json":{"title":"Chloe - Doll House * seksowna lalka dla niegrzecznych ch\u0142opc\u00f3w.","description":"22 letnia, znudzona ma\u0142o powa\u017cnym towarzystwem studentka to ja (a co, my\u015bla\u0142e\u015b, \u017ce jestem zwyk\u0142\u0105 seks lalk\u0105, wypraszam sobie!). Zapro\u015b mnie na kaw\u0119, czekam.","robots":{"index":"index","follow":"follow","max-snippet":"max-snippet:-1","max-image-preview":"max-image-preview:large","max-video-preview":"max-video-preview:-1"},"canonical":"https:\/\/doll-house.eu\/index.php\/product\/chloe\/","og_locale":"en_GB","og_type":"article","og_title":"Chloe - Doll House * seksowna lalka dla niegrzecznych ch\u0142opc\u00f3w.","og_description":"22 letnia, znudzona ma\u0142o powa\u017cnym towarzystwem studentka to ja (a co, my\u015bla\u0142e\u015b, \u017ce jestem zwyk\u0142\u0105 seks lalk\u0105, wypraszam sobie!). Zapro\u015b mnie na kaw\u0119, czekam.","og_url":"https:\/\/doll-house.eu\/index.php\/product\/chloe\/","og_site_name":"Doll House","article_modified_time":"2021-08-08T17:43:32+00:00","og_image":[{"width":1241,"height":1920,"url":"https:\/\/doll-house.eu\/wp-content\/uploads\/2018\/09\/Chloe_16_flip.jpg","type":"image\/jpeg"}],"twitter_card":"summary_large_image","twitter_misc":{"Estimated reading time":"1 minute"},"schema":{"@context":"https:\/\/schema.org","@graph":[{"@type":"WebPage","@id":"https:\/\/doll-house.eu\/index.php\/product\/chloe\/","url":"https:\/\/doll-house.eu\/index.php\/product\/chloe\/","name":"Chloe - Doll House * seksowna lalka dla niegrzecznych ch\u0142opc\u00f3w.","isPartOf":{"@id":"https:\/\/doll-house.eu\/#website"},"primaryImageOfPage":{"@id":"https:\/\/doll-house.eu\/index.php\/product\/chloe\/#primaryimage"},"image":{"@id":"https:\/\/doll-house.eu\/index.php\/product\/chloe\/#primaryimage"},"thumbnailUrl":"https:\/\/doll-house.eu\/wp-content\/uploads\/2018\/09\/Chloe_16_flip.jpg","datePublished":"2018-09-30T12:25:51+00:00","dateModified":"2021-08-08T17:43:32+00:00","description":"22 letnia, znudzona ma\u0142o powa\u017cnym towarzystwem studentka to ja (a co, my\u015bla\u0142e\u015b, \u017ce jestem zwyk\u0142\u0105 seks lalk\u0105, wypraszam sobie!). Zapro\u015b mnie na kaw\u0119, czekam.","breadcrumb":{"@id":"https:\/\/doll-house.eu\/index.php\/product\/chloe\/#breadcrumb"},"inLanguage":"en-GB","potentialAction":[{"@type":"ReadAction","target":["https:\/\/doll-house.eu\/index.php\/product\/chloe\/"]}]},{"@type":"ImageObject","inLanguage":"en-GB","@id":"https:\/\/doll-house.eu\/index.php\/product\/chloe\/#primaryimage","url":"https:\/\/doll-house.eu\/wp-content\/uploads\/2018\/09\/Chloe_16_flip.jpg","contentUrl":"https:\/\/doll-house.eu\/wp-content\/uploads\/2018\/09\/Chloe_16_flip.jpg","width":1241,"height":1920},{"@type":"BreadcrumbList","@id":"https:\/\/doll-house.eu\/index.php\/product\/chloe\/#breadcrumb","itemListElement":[{"@type":"ListItem","position":1,"name":"Home","item":"http:\/\/doll-house.eu\/"},{"@type":"ListItem","position":2,"name":"Shop","item":"http:\/\/doll-house.eu\/index.php\/shop\/"},{"@type":"ListItem","position":3,"name":"Chloe"}]},{"@type":"WebSite","@id":"https:\/\/doll-house.eu\/#website","url":"https:\/\/doll-house.eu\/","name":"Doll House","description":"Where Bad Girls Come to Play","potentialAction":[{"@type":"SearchAction","target":{"@type":"EntryPoint","urlTemplate":"https:\/\/doll-house.eu\/?s={search_term_string}"},"query-input":{"@type":"PropertyValueSpecification","valueRequired":true,"valueName":"search_term_string"}}],"inLanguage":"en-GB"}]}},"jetpack_sharing_enabled":true,"_links":{"self":[{"href":"https:\/\/doll-house.eu\/index.php\/wp-json\/wp\/v2\/product\/127","targetHints":{"allow":["GET"]}}],"collection":[{"href":"https:\/\/doll-house.eu\/index.php\/wp-json\/wp\/v2\/product"}],"about":[{"href":"https:\/\/doll-house.eu\/index.php\/wp-json\/wp\/v2\/types\/product"}],"replies":[{"embeddable":true,"href":"https:\/\/doll-house.eu\/index.php\/wp-json\/wp\/v2\/comments?post=127"}],"wp:featuredmedia":[{"embeddable":true,"href":"https:\/\/doll-house.eu\/index.php\/wp-json\/wp\/v2\/media\/623"}],"wp:attachment":[{"href":"https:\/\/doll-house.eu\/index.php\/wp-json\/wp\/v2\/media?parent=127"}],"wp:term":[{"taxonomy":"product_brand","embeddable":true,"href":"https:\/\/doll-house.eu\/index.php\/wp-json\/wp\/v2\/product_brand?post=127"},{"taxonomy":"product_cat","embeddable":true,"href":"https:\/\/doll-house.eu\/index.php\/wp-json\/wp\/v2\/product_cat?post=127"},{"taxonomy":"product_tag","embeddable":true,"href":"https:\/\/doll-house.eu\/index.php\/wp-json\/wp\/v2\/product_tag?post=127"}],"curies":[{"name":"wp","href":"https:\/\/api.w.org\/{rel}","templated":true}]}}