{"id":2,"date":"2016-05-10T03:48:21","date_gmt":"2016-05-10T03:48:21","guid":{"rendered":"http:\/\/doll-house.pl\/?page_id=2"},"modified":"2018-09-23T12:12:29","modified_gmt":"2018-09-23T12:12:29","slug":"sample-page","status":"publish","type":"page","link":"https:\/\/doll-house.eu\/","title":{"rendered":"Sex Dolls"},"content":{"rendered":"<p>Witaj no stronie Doll House &#8211; to domek dla lalek, ale nie takich zwyczajnych dla dziewczynek. My doros\u0142y\u015bmy i same jeste\u015bmy lalkami. Erotycznymi, fantazjami, Towarzyszkami niegrzecznych &#8211; i doros\u0142ych &#8211; ch\u0142opc\u00f3w.<\/p>\n<p>&nbsp;<\/p>\n<p>&nbsp;<\/p>\n","protected":false},"excerpt":{"rendered":"<p>Witaj no stronie Doll House &#8211; to domek dla lalek, ale nie takich zwyczajnych dla dziewczynek. My doros\u0142y\u015bmy i same jeste\u015bmy lalkami. Erotycznymi, fantazjami, Towarzyszkami niegrzecznych &#8211; i doros\u0142ych &#8211; ch\u0142opc\u00f3w. &nbsp; &nbsp;<\/p>\n","protected":false},"author":1,"featured_media":0,"parent":0,"menu_order":0,"comment_status":"closed","ping_status":"open","template":"","meta":{"_bbp_topic_count":0,"_bbp_reply_count":0,"_bbp_total_topic_count":0,"_bbp_total_reply_count":0,"_bbp_voice_count":0,"_bbp_anonymous_reply_count":0,"_bbp_topic_count_hidden":0,"_bbp_reply_count_hidden":0,"_bbp_forum_subforum_count":0,"_exactmetrics_skip_tracking":false,"_exactmetrics_sitenote_active":false,"_exactmetrics_sitenote_note":"","_exactmetrics_sitenote_category":0,"footnotes":""},"class_list":["post-2","page","type-page","status-publish","hentry"],"yoast_head":"<!-- This site is optimized with the Yoast SEO plugin v26.8 - https:\/\/yoast.com\/product\/yoast-seo-wordpress\/ -->\n<title>Sex Dolls - Doll House<\/title>\n<meta name=\"robots\" content=\"index, follow, max-snippet:-1, max-image-preview:large, max-video-preview:-1\" \/>\n<link rel=\"canonical\" href=\"http:\/\/doll-house.eu\/\" \/>\n<meta property=\"og:locale\" content=\"en_GB\" \/>\n<meta property=\"og:type\" content=\"article\" \/>\n<meta property=\"og:title\" content=\"Sex Dolls - Doll House\" \/>\n<meta property=\"og:description\" content=\"Witaj no stronie Doll House &#8211; to domek dla lalek, ale nie takich zwyczajnych dla dziewczynek. My doros\u0142y\u015bmy i same jeste\u015bmy lalkami. Erotycznymi, fantazjami, Towarzyszkami niegrzecznych &#8211; i doros\u0142ych &#8211; ch\u0142opc\u00f3w. &nbsp; &nbsp;\" \/>\n<meta property=\"og:url\" content=\"http:\/\/doll-house.eu\/\" \/>\n<meta property=\"og:site_name\" content=\"Doll House\" \/>\n<meta property=\"article:modified_time\" content=\"2018-09-23T12:12:29+00:00\" \/>\n<meta name=\"twitter:card\" content=\"summary_large_image\" \/>\n<script type=\"application\/ld+json\" class=\"yoast-schema-graph\">{\"@context\":\"https:\/\/schema.org\",\"@graph\":[{\"@type\":\"WebPage\",\"@id\":\"http:\/\/doll-house.eu\/\",\"url\":\"http:\/\/doll-house.eu\/\",\"name\":\"Sex Dolls - Doll House\",\"isPartOf\":{\"@id\":\"http:\/\/doll-house.eu\/#website\"},\"datePublished\":\"2016-05-10T03:48:21+00:00\",\"dateModified\":\"2018-09-23T12:12:29+00:00\",\"breadcrumb\":{\"@id\":\"http:\/\/doll-house.eu\/#breadcrumb\"},\"inLanguage\":\"en-GB\",\"potentialAction\":[{\"@type\":\"ReadAction\",\"target\":[\"http:\/\/doll-house.eu\/\"]}]},{\"@type\":\"BreadcrumbList\",\"@id\":\"http:\/\/doll-house.eu\/#breadcrumb\",\"itemListElement\":[{\"@type\":\"ListItem\",\"position\":1,\"name\":\"Home\",\"item\":\"http:\/\/doll-house.eu\/\"},{\"@type\":\"ListItem\",\"position\":2,\"name\":\"Sex Dolls\"}]},{\"@type\":\"WebSite\",\"@id\":\"http:\/\/doll-house.eu\/#website\",\"url\":\"http:\/\/doll-house.eu\/\",\"name\":\"Doll House\",\"description\":\"Where Bad Girls Come to Play\",\"potentialAction\":[{\"@type\":\"SearchAction\",\"target\":{\"@type\":\"EntryPoint\",\"urlTemplate\":\"http:\/\/doll-house.eu\/?s={search_term_string}\"},\"query-input\":{\"@type\":\"PropertyValueSpecification\",\"valueRequired\":true,\"valueName\":\"search_term_string\"}}],\"inLanguage\":\"en-GB\"}]}<\/script>\n<!-- \/ Yoast SEO plugin. -->","yoast_head_json":{"title":"Sex Dolls - Doll House","robots":{"index":"index","follow":"follow","max-snippet":"max-snippet:-1","max-image-preview":"max-image-preview:large","max-video-preview":"max-video-preview:-1"},"canonical":"http:\/\/doll-house.eu\/","og_locale":"en_GB","og_type":"article","og_title":"Sex Dolls - Doll House","og_description":"Witaj no stronie Doll House &#8211; to domek dla lalek, ale nie takich zwyczajnych dla dziewczynek. My doros\u0142y\u015bmy i same jeste\u015bmy lalkami. Erotycznymi, fantazjami, Towarzyszkami niegrzecznych &#8211; i doros\u0142ych &#8211; ch\u0142opc\u00f3w. &nbsp; &nbsp;","og_url":"http:\/\/doll-house.eu\/","og_site_name":"Doll House","article_modified_time":"2018-09-23T12:12:29+00:00","twitter_card":"summary_large_image","schema":{"@context":"https:\/\/schema.org","@graph":[{"@type":"WebPage","@id":"http:\/\/doll-house.eu\/","url":"http:\/\/doll-house.eu\/","name":"Sex Dolls - Doll House","isPartOf":{"@id":"http:\/\/doll-house.eu\/#website"},"datePublished":"2016-05-10T03:48:21+00:00","dateModified":"2018-09-23T12:12:29+00:00","breadcrumb":{"@id":"http:\/\/doll-house.eu\/#breadcrumb"},"inLanguage":"en-GB","potentialAction":[{"@type":"ReadAction","target":["http:\/\/doll-house.eu\/"]}]},{"@type":"BreadcrumbList","@id":"http:\/\/doll-house.eu\/#breadcrumb","itemListElement":[{"@type":"ListItem","position":1,"name":"Home","item":"http:\/\/doll-house.eu\/"},{"@type":"ListItem","position":2,"name":"Sex Dolls"}]},{"@type":"WebSite","@id":"http:\/\/doll-house.eu\/#website","url":"http:\/\/doll-house.eu\/","name":"Doll House","description":"Where Bad Girls Come to Play","potentialAction":[{"@type":"SearchAction","target":{"@type":"EntryPoint","urlTemplate":"http:\/\/doll-house.eu\/?s={search_term_string}"},"query-input":{"@type":"PropertyValueSpecification","valueRequired":true,"valueName":"search_term_string"}}],"inLanguage":"en-GB"}]}},"jetpack_sharing_enabled":true,"_links":{"self":[{"href":"https:\/\/doll-house.eu\/index.php\/wp-json\/wp\/v2\/pages\/2","targetHints":{"allow":["GET"]}}],"collection":[{"href":"https:\/\/doll-house.eu\/index.php\/wp-json\/wp\/v2\/pages"}],"about":[{"href":"https:\/\/doll-house.eu\/index.php\/wp-json\/wp\/v2\/types\/page"}],"author":[{"embeddable":true,"href":"https:\/\/doll-house.eu\/index.php\/wp-json\/wp\/v2\/users\/1"}],"replies":[{"embeddable":true,"href":"https:\/\/doll-house.eu\/index.php\/wp-json\/wp\/v2\/comments?post=2"}],"version-history":[{"count":0,"href":"https:\/\/doll-house.eu\/index.php\/wp-json\/wp\/v2\/pages\/2\/revisions"}],"wp:attachment":[{"href":"https:\/\/doll-house.eu\/index.php\/wp-json\/wp\/v2\/media?parent=2"}],"curies":[{"name":"wp","href":"https:\/\/api.w.org\/{rel}","templated":true}]}}